{"id":334,"date":"2025-01-08T17:32:34","date_gmt":"2025-01-08T16:32:34","guid":{"rendered":"https:\/\/indie.rent\/catalogue\/produit\/serie-de-3-filtres-breakthrough-photography-nd-circulaire-o-82mm-0-9-1-8-3-0\/"},"modified":"2026-04-14T16:29:22","modified_gmt":"2026-04-14T14:29:22","slug":"serie-de-3-filtres-breakthrough-photography-nd-circulaire-o-82mm-0-9-1-8-3-0","status":"publish","type":"product","link":"https:\/\/indie.rent\/catalogue\/produit\/serie-de-3-filtres-breakthrough-photography-nd-circulaire-o-82mm-0-9-1-8-3-0\/","title":{"rendered":"S\u00e9rie de 3 Filtres Breakthrough Photography  ND Circulaire \u00d8 82mm (0.9 \u2013 1.8 \u2013 3.0)"},"content":{"rendered":"<p>Breaktrought Photography 3x Filtre circulaire 82mm<\/p>\n<p>Le filtre Breakthrough ND est un filtre qui permet de diminuer la quantit\u00e9 de lumi\u00e8re qui entre jusqu\u2019au capteur. Il provoque un assombrissement de l&#8217;image enti\u00e8re, vous permettant de photographier avec une ouverture plus grande ou une vitesse d&#8217;obturation plus lente qu&#8217;\u00e0 l&#8217;habitude. En ralentissant votre temps d&#8217;exposition ou en augmentant votre ouverture, vous pouvez contr\u00f4ler la profondeur de champ et transf\u00e9rer le mouvement plus facilement. Les filtres \u00e0 densit\u00e9 neutre n&#8217;affectent pas la couleur de l&#8217;image et peuvent \u00eatre empil\u00e9s avec d&#8217;autres filtres.<\/p>\n<p>Le Polarisant Breakthrough 82 mm filtre la lumi\u00e8re polaris\u00e9e et sature le ciel et le feuillage dans vos photos. Ce filtre CPL de 82 mm est sp\u00e9cialement con\u00e7u pour offrir une performance remarquablement neutre qui emp\u00eache les dominantes de couleur. Les filtres polarisants circulaires peuvent \u00eatre utilis\u00e9s pour r\u00e9duire les reflets, sur l&#8217;eau et le verre par exemple, pour am\u00e9liorer les d\u00e9tails des ombres dans les situations \u00e0 large plage dynamique.<\/p>\n","protected":false},"excerpt":{"rendered":"<p>Breaktrought Photography 3x Filtre circulaire 82mm Le filtre Breakthrough ND est un filtre qui permet de diminuer la quantit\u00e9 de lumi\u00e8re qui entre jusqu\u2019au capteur. Il provoque un assombrissement de l&#8217;image enti\u00e8re, vous permettant de photographier avec une ouverture plus grande ou une vitesse d&#8217;obturation plus lente qu&#8217;\u00e0 l&#8217;habitude. En ralentissant votre temps d&#8217;exposition ou [&hellip;]<\/p>\n","protected":false},"featured_media":3328,"template":"","meta":{"inline_featured_image":false},"product_brand":[],"product_cat":[1943],"product_tag":[],"class_list":{"0":"post-334","1":"product","2":"type-product","3":"status-publish","4":"has-post-thumbnail","6":"product_cat-filtres-circulaires","8":"first","9":"instock","10":"taxable","11":"shipping-taxable","12":"purchasable","13":"product-type-rentable"},"acf":[],"_links":{"self":[{"href":"https:\/\/indie.rent\/catalogue\/wp-json\/wp\/v2\/product\/334","targetHints":{"allow":["GET"]}}],"collection":[{"href":"https:\/\/indie.rent\/catalogue\/wp-json\/wp\/v2\/product"}],"about":[{"href":"https:\/\/indie.rent\/catalogue\/wp-json\/wp\/v2\/types\/product"}],"version-history":[{"count":0,"href":"https:\/\/indie.rent\/catalogue\/wp-json\/wp\/v2\/product\/334\/revisions"}],"wp:featuredmedia":[{"embeddable":true,"href":"https:\/\/indie.rent\/catalogue\/wp-json\/wp\/v2\/media\/3328"}],"wp:attachment":[{"href":"https:\/\/indie.rent\/catalogue\/wp-json\/wp\/v2\/media?parent=334"}],"wp:term":[{"taxonomy":"product_brand","embeddable":true,"href":"https:\/\/indie.rent\/catalogue\/wp-json\/wp\/v2\/product_brand?post=334"},{"taxonomy":"product_cat","embeddable":true,"href":"https:\/\/indie.rent\/catalogue\/wp-json\/wp\/v2\/product_cat?post=334"},{"taxonomy":"product_tag","embeddable":true,"href":"https:\/\/indie.rent\/catalogue\/wp-json\/wp\/v2\/product_tag?post=334"}],"curies":[{"name":"wp","href":"https:\/\/api.w.org\/{rel}","templated":true}]}}