{"id":332,"date":"2025-01-08T17:32:33","date_gmt":"2025-01-08T16:32:33","guid":{"rendered":"https:\/\/indie.rent\/catalogue\/produit\/camera-daction-etanche-avec-stabilisation-osmo-action\/"},"modified":"2026-04-10T10:09:04","modified_gmt":"2026-04-10T08:09:04","slug":"osmo-action-1","status":"publish","type":"product","link":"https:\/\/indie.rent\/catalogue\/produit\/osmo-action-1\/","title":{"rendered":"Osmo Action 1"},"content":{"rendered":"<p>DJI OSMO ACTION<\/p>\n<p>Avec ses caract\u00e9ristiques techniques impressionnantes, l&#8217;Osmo Action se positionne parmi les meilleures cam\u00e9ras embarqu\u00e9es du moment. Id\u00e9ale pour les vlogs et les sessions aquatiques (\u00e9tanche jusqu&#8217;\u00e0 11 m sans caisson), cette cam\u00e9ra DJI profite de deux \u00e9crans couleurs (1 en fa\u00e7ade et 1 au dos) pour une navigation simplifi\u00e9e et un cadrage ais\u00e9.<\/p>\n<p>Principales caract\u00e9ristiques :<br \/>&#8211; Type de capteur : CMOS,<br \/>&#8211; R\u00e9solution : 12 M\u00e9gapixels,<br \/>&#8211; Qualit\u00e9 d&#8217;enregistrement (+ d&#8217;infos) : Ultra HD (4K),<br \/>&#8211; Ultra HD (4K) &#8211; Jusqu&#8217;\u00e0 11 m\u00e8tres,<br \/>&#8211; Double \u00e9cran dont un \u00e9cran tactile \u00e0 l&#8217;arri\u00e8re.<\/p>\n","protected":false},"excerpt":{"rendered":"<p>DJI OSMO ACTION Avec ses caract\u00e9ristiques techniques impressionnantes, l&#8217;Osmo Action se positionne parmi les meilleures cam\u00e9ras embarqu\u00e9es du moment. Id\u00e9ale pour les vlogs et les sessions aquatiques (\u00e9tanche jusqu&#8217;\u00e0 11 m sans caisson), cette cam\u00e9ra DJI profite de deux \u00e9crans couleurs (1 en fa\u00e7ade et 1 au dos) pour une navigation simplifi\u00e9e et un cadrage [&hellip;]<\/p>\n","protected":false},"featured_media":2167,"template":"","meta":{"inline_featured_image":false},"product_brand":[],"product_cat":[1917],"product_tag":[],"class_list":{"0":"post-332","1":"product","2":"type-product","3":"status-publish","4":"has-post-thumbnail","6":"product_cat-camera-action","8":"first","9":"instock","10":"taxable","11":"shipping-taxable","12":"purchasable","13":"product-type-rentable"},"acf":[],"_links":{"self":[{"href":"https:\/\/indie.rent\/catalogue\/wp-json\/wp\/v2\/product\/332","targetHints":{"allow":["GET"]}}],"collection":[{"href":"https:\/\/indie.rent\/catalogue\/wp-json\/wp\/v2\/product"}],"about":[{"href":"https:\/\/indie.rent\/catalogue\/wp-json\/wp\/v2\/types\/product"}],"version-history":[{"count":0,"href":"https:\/\/indie.rent\/catalogue\/wp-json\/wp\/v2\/product\/332\/revisions"}],"wp:featuredmedia":[{"embeddable":true,"href":"https:\/\/indie.rent\/catalogue\/wp-json\/wp\/v2\/media\/2167"}],"wp:attachment":[{"href":"https:\/\/indie.rent\/catalogue\/wp-json\/wp\/v2\/media?parent=332"}],"wp:term":[{"taxonomy":"product_brand","embeddable":true,"href":"https:\/\/indie.rent\/catalogue\/wp-json\/wp\/v2\/product_brand?post=332"},{"taxonomy":"product_cat","embeddable":true,"href":"https:\/\/indie.rent\/catalogue\/wp-json\/wp\/v2\/product_cat?post=332"},{"taxonomy":"product_tag","embeddable":true,"href":"https:\/\/indie.rent\/catalogue\/wp-json\/wp\/v2\/product_tag?post=332"}],"curies":[{"name":"wp","href":"https:\/\/api.w.org\/{rel}","templated":true}]}}