{"id":331,"date":"2025-01-08T17:32:33","date_gmt":"2025-01-08T16:32:33","guid":{"rendered":"https:\/\/indie.rent\/catalogue\/produit\/optique-sony-55mm-sonnar-fe-f1-8\/"},"modified":"2026-04-04T00:13:43","modified_gmt":"2026-04-03T22:13:43","slug":"optique-sony-55mm-sonnar-fe-f1-8-o72-mm","status":"publish","type":"product","link":"https:\/\/indie.rent\/catalogue\/produit\/optique-sony-55mm-sonnar-fe-f1-8-o72-mm\/","title":{"rendered":"Optique Sony 55mm &#8211; Sonnar FE &#8211; F1.8 &#8211; \u00d872 mm"},"content":{"rendered":"<p>Cet objectif 55 mm offre un contraste et une r\u00e9solution de qualit\u00e9 ZEISS pour les appareils de type E. Il permet de cr\u00e9er de superbes effets bokeh, pour mettre en valeur votre sujet. Gr\u00e2ce \u00e0 la grande ouverture maximale lumineuse, vous pouvez r\u00e9aliser des photos sans tr\u00e9pied dans des conditions de faible luminosit\u00e9.<\/p>\n<p>Caract\u00e9ristiques principales :<br \/>&#8211; Objectif normal plein format 35 mm de haute qualit\u00e9 Zeiss,<br \/>&#8211; Ouverture maximale F1.8 lumineuse,<br \/>&#8211; Rev\u00eatement anti-reflets Zeiss T* r\u00e9duisant les reflets,<br \/>&#8211; Diaphragme circulaire \u00e0 9 lames pour de magnifiques effets de flou,<br \/>&#8211; Design r\u00e9sistant \u00e0 la poussi\u00e8re et \u00e0 l&#8217;humidit\u00e9.<\/p>\n","protected":false},"excerpt":{"rendered":"<p>Cet objectif 55 mm offre un contraste et une r\u00e9solution de qualit\u00e9 ZEISS pour les appareils de type E. Il permet de cr\u00e9er de superbes effets bokeh, pour mettre en valeur votre sujet. Gr\u00e2ce \u00e0 la grande ouverture maximale lumineuse, vous pouvez r\u00e9aliser des photos sans tr\u00e9pied dans des conditions de faible luminosit\u00e9. Caract\u00e9ristiques principales [&hellip;]<\/p>\n","protected":false},"featured_media":1954,"template":"","meta":{"inline_featured_image":false},"product_brand":[],"product_cat":[1932],"product_tag":[],"class_list":{"0":"post-331","1":"product","2":"type-product","3":"status-publish","4":"has-post-thumbnail","6":"product_cat-optique-spherique-e","8":"first","9":"instock","10":"taxable","11":"shipping-taxable","12":"purchasable","13":"product-type-rentable"},"acf":[],"_links":{"self":[{"href":"https:\/\/indie.rent\/catalogue\/wp-json\/wp\/v2\/product\/331","targetHints":{"allow":["GET"]}}],"collection":[{"href":"https:\/\/indie.rent\/catalogue\/wp-json\/wp\/v2\/product"}],"about":[{"href":"https:\/\/indie.rent\/catalogue\/wp-json\/wp\/v2\/types\/product"}],"version-history":[{"count":2,"href":"https:\/\/indie.rent\/catalogue\/wp-json\/wp\/v2\/product\/331\/revisions"}],"predecessor-version":[{"id":5438,"href":"https:\/\/indie.rent\/catalogue\/wp-json\/wp\/v2\/product\/331\/revisions\/5438"}],"wp:featuredmedia":[{"embeddable":true,"href":"https:\/\/indie.rent\/catalogue\/wp-json\/wp\/v2\/media\/1954"}],"wp:attachment":[{"href":"https:\/\/indie.rent\/catalogue\/wp-json\/wp\/v2\/media?parent=331"}],"wp:term":[{"taxonomy":"product_brand","embeddable":true,"href":"https:\/\/indie.rent\/catalogue\/wp-json\/wp\/v2\/product_brand?post=331"},{"taxonomy":"product_cat","embeddable":true,"href":"https:\/\/indie.rent\/catalogue\/wp-json\/wp\/v2\/product_cat?post=331"},{"taxonomy":"product_tag","embeddable":true,"href":"https:\/\/indie.rent\/catalogue\/wp-json\/wp\/v2\/product_tag?post=331"}],"curies":[{"name":"wp","href":"https:\/\/api.w.org\/{rel}","templated":true}]}}