{"id":330,"date":"2025-01-08T17:32:33","date_gmt":"2025-01-08T16:32:33","guid":{"rendered":"https:\/\/indie.rent\/catalogue\/produit\/objectif-sony-90mm-oss-g-macro-fe-f2-8\/"},"modified":"2026-04-10T09:46:27","modified_gmt":"2026-04-10T07:46:27","slug":"objectif-sony-90mm-oss-g-macro-fe-f2-8-o62-mm","status":"publish","type":"product","link":"https:\/\/indie.rent\/catalogue\/produit\/objectif-sony-90mm-oss-g-macro-fe-f2-8-o62-mm\/","title":{"rendered":"Objectif SONY 90mm &#8211; OSS G Macro FE &#8211; F2.8 &#8211; \u00d862 mm"},"content":{"rendered":"<p>Le Sony FE 90 mm f\/2.8 Macro G OSS est une optique stabilis\u00e9e \u00e0 ouverture maximale de 2,8 et minimale de 22. Elle permet un bokeh de qualit\u00e9 gr\u00e2ce \u00e0 ses 9 lamelles de diaphragme. Sa distance minimale de mise au point est de 28 cm, elle poss\u00e8de un diam\u00e8tre de 62 mm (ou 0,92 pi). Il y a un contr\u00f4le de l\u2019objectif silencieux et tr\u00e8s pr\u00e9cis gr\u00e2ce au syst\u00e8me Direct Drive DDSSM. Elle p\u00e8se 602 g et est con\u00e7ue pour r\u00e9sister \u00e0 la poussi\u00e8re et \u00e0 l\u2019humidit\u00e9.<\/p>\n","protected":false},"excerpt":{"rendered":"<p>Le Sony FE 90 mm f\/2.8 Macro G OSS est une optique stabilis\u00e9e \u00e0 ouverture maximale de 2,8 et minimale de 22. Elle permet un bokeh de qualit\u00e9 gr\u00e2ce \u00e0 ses 9 lamelles de diaphragme. Sa distance minimale de mise au point est de 28 cm, elle poss\u00e8de un diam\u00e8tre de 62 mm (ou 0,92 [&hellip;]<\/p>\n","protected":false},"featured_media":1846,"template":"","meta":{"inline_featured_image":false},"product_brand":[],"product_cat":[1935],"product_tag":[],"class_list":{"0":"post-330","1":"product","2":"type-product","3":"status-publish","4":"has-post-thumbnail","6":"product_cat-optique-macro-e","8":"first","9":"instock","10":"taxable","11":"shipping-taxable","12":"purchasable","13":"product-type-rentable"},"acf":[],"_links":{"self":[{"href":"https:\/\/indie.rent\/catalogue\/wp-json\/wp\/v2\/product\/330","targetHints":{"allow":["GET"]}}],"collection":[{"href":"https:\/\/indie.rent\/catalogue\/wp-json\/wp\/v2\/product"}],"about":[{"href":"https:\/\/indie.rent\/catalogue\/wp-json\/wp\/v2\/types\/product"}],"version-history":[{"count":0,"href":"https:\/\/indie.rent\/catalogue\/wp-json\/wp\/v2\/product\/330\/revisions"}],"wp:featuredmedia":[{"embeddable":true,"href":"https:\/\/indie.rent\/catalogue\/wp-json\/wp\/v2\/media\/1846"}],"wp:attachment":[{"href":"https:\/\/indie.rent\/catalogue\/wp-json\/wp\/v2\/media?parent=330"}],"wp:term":[{"taxonomy":"product_brand","embeddable":true,"href":"https:\/\/indie.rent\/catalogue\/wp-json\/wp\/v2\/product_brand?post=330"},{"taxonomy":"product_cat","embeddable":true,"href":"https:\/\/indie.rent\/catalogue\/wp-json\/wp\/v2\/product_cat?post=330"},{"taxonomy":"product_tag","embeddable":true,"href":"https:\/\/indie.rent\/catalogue\/wp-json\/wp\/v2\/product_tag?post=330"}],"curies":[{"name":"wp","href":"https:\/\/api.w.org\/{rel}","templated":true}]}}