{"id":327,"date":"2025-01-08T17:32:33","date_gmt":"2025-01-08T16:32:33","guid":{"rendered":"https:\/\/indie.rent\/catalogue\/produit\/filtre-tiffen-polarisant-4x5-65-a-lunite\/"},"modified":"2026-04-04T00:13:23","modified_gmt":"2026-04-03T22:13:23","slug":"filtre-tiffen-polarisant-4x5-65-a-lunite","status":"publish","type":"product","link":"https:\/\/indie.rent\/catalogue\/produit\/filtre-tiffen-polarisant-4x5-65-a-lunite\/","title":{"rendered":"Filtre Tiffen Polarisant 4&#215;5.65&#8243; &#8211; A l&#8217;Unit\u00e9"},"content":{"rendered":"<p>Le filtre polarisant lin\u00e9aire Tiffen en format 4&#215;5.65&#8243; aide \u00e0 r\u00e9duire les reflets et l&#8217;\u00e9blouissement en filtrant la lumi\u00e8re polaris\u00e9e. La lumi\u00e8re du soleil devient naturellement partiellement polaris\u00e9e en raison de la r\u00e9flexion des \u00e9lectrons dans les mol\u00e9cules d&#8217;air, provoquant la dispersion de la lumi\u00e8re dans ce qui appara\u00eet comme une brume. Un filtre polarisant organise et filtre cette lumi\u00e8re polaris\u00e9e directionnellement et perpendiculairement \u00e0 la lumi\u00e8re r\u00e9fl\u00e9chie, permettant l&#8217;absorption d&#8217;une grande partie de cette lumi\u00e8re (-2 Diaph). Il en r\u00e9sulte une r\u00e9duction notable de l&#8217;\u00e9blouissement et des r\u00e9flexions des surfaces et une augmentation de la saturation des ciels et des feuillages.<\/p>\n","protected":false},"excerpt":{"rendered":"<p>Le filtre polarisant lin\u00e9aire Tiffen en format 4&#215;5.65&#8243; aide \u00e0 r\u00e9duire les reflets et l&#8217;\u00e9blouissement en filtrant la lumi\u00e8re polaris\u00e9e. La lumi\u00e8re du soleil devient naturellement partiellement polaris\u00e9e en raison de la r\u00e9flexion des \u00e9lectrons dans les mol\u00e9cules d&#8217;air, provoquant la dispersion de la lumi\u00e8re dans ce qui appara\u00eet comme une brume. Un filtre polarisant [&hellip;]<\/p>\n","protected":false},"featured_media":1859,"template":"","meta":{"inline_featured_image":false},"product_brand":[],"product_cat":[1939],"product_tag":[],"class_list":{"0":"post-327","1":"product","2":"type-product","3":"status-publish","4":"has-post-thumbnail","6":"product_cat-filtres-4x5-6-correction","8":"first","9":"instock","10":"taxable","11":"shipping-taxable","12":"purchasable","13":"product-type-rentable"},"acf":[],"_links":{"self":[{"href":"https:\/\/indie.rent\/catalogue\/wp-json\/wp\/v2\/product\/327","targetHints":{"allow":["GET"]}}],"collection":[{"href":"https:\/\/indie.rent\/catalogue\/wp-json\/wp\/v2\/product"}],"about":[{"href":"https:\/\/indie.rent\/catalogue\/wp-json\/wp\/v2\/types\/product"}],"version-history":[{"count":1,"href":"https:\/\/indie.rent\/catalogue\/wp-json\/wp\/v2\/product\/327\/revisions"}],"predecessor-version":[{"id":5501,"href":"https:\/\/indie.rent\/catalogue\/wp-json\/wp\/v2\/product\/327\/revisions\/5501"}],"wp:featuredmedia":[{"embeddable":true,"href":"https:\/\/indie.rent\/catalogue\/wp-json\/wp\/v2\/media\/1859"}],"wp:attachment":[{"href":"https:\/\/indie.rent\/catalogue\/wp-json\/wp\/v2\/media?parent=327"}],"wp:term":[{"taxonomy":"product_brand","embeddable":true,"href":"https:\/\/indie.rent\/catalogue\/wp-json\/wp\/v2\/product_brand?post=327"},{"taxonomy":"product_cat","embeddable":true,"href":"https:\/\/indie.rent\/catalogue\/wp-json\/wp\/v2\/product_cat?post=327"},{"taxonomy":"product_tag","embeddable":true,"href":"https:\/\/indie.rent\/catalogue\/wp-json\/wp\/v2\/product_tag?post=327"}],"curies":[{"name":"wp","href":"https:\/\/api.w.org\/{rel}","templated":true}]}}