{"id":322,"date":"2025-01-08T17:32:32","date_gmt":"2025-01-08T16:32:32","guid":{"rendered":"https:\/\/indie.rent\/catalogue\/produit\/filtre-bw-nd-variable-circulaire-o-82mm\/"},"modified":"2026-04-15T18:08:15","modified_gmt":"2026-04-15T16:08:15","slug":"filtre-bw-nd-variable-circulaire-o-82mm","status":"publish","type":"product","link":"https:\/\/indie.rent\/catalogue\/produit\/filtre-bw-nd-variable-circulaire-o-82mm\/","title":{"rendered":"Filtre B+W ND Variable \u2013 Circulaire \u00d8 82mm"},"content":{"rendered":"<p>Filtre \u00e0 densit\u00e9 neutre variable XS-Pro MRC Nano &#8211; 82mm<\/p>\n<p>Le filtre ND est un filtre qui assombrit l\u2019image sans en changer la teinte ou le rendu des couleurs. Il permet ainsi d\u2019avoir une plus grande marge de man\u0153uvre notamment en vous permettant de choisir une ouverture plus grande et donc une plus faible profondeur de champ ou un temps de pose plus long en photo (avec un effet de flou de mouvement selon le cas).<\/p>\n","protected":false},"excerpt":{"rendered":"<p>Filtre \u00e0 densit\u00e9 neutre variable XS-Pro MRC Nano &#8211; 82mm Le filtre ND est un filtre qui assombrit l\u2019image sans en changer la teinte ou le rendu des couleurs. Il permet ainsi d\u2019avoir une plus grande marge de man\u0153uvre notamment en vous permettant de choisir une ouverture plus grande et donc une plus faible profondeur [&hellip;]<\/p>\n","protected":false},"featured_media":2784,"template":"","meta":{"inline_featured_image":false},"product_brand":[],"product_cat":[1943],"product_tag":[],"class_list":{"0":"post-322","1":"product","2":"type-product","3":"status-publish","4":"has-post-thumbnail","6":"product_cat-filtres-circulaires","8":"first","9":"instock","10":"taxable","11":"shipping-taxable","12":"purchasable","13":"product-type-rentable"},"acf":[],"_links":{"self":[{"href":"https:\/\/indie.rent\/catalogue\/wp-json\/wp\/v2\/product\/322","targetHints":{"allow":["GET"]}}],"collection":[{"href":"https:\/\/indie.rent\/catalogue\/wp-json\/wp\/v2\/product"}],"about":[{"href":"https:\/\/indie.rent\/catalogue\/wp-json\/wp\/v2\/types\/product"}],"version-history":[{"count":0,"href":"https:\/\/indie.rent\/catalogue\/wp-json\/wp\/v2\/product\/322\/revisions"}],"wp:featuredmedia":[{"embeddable":true,"href":"https:\/\/indie.rent\/catalogue\/wp-json\/wp\/v2\/media\/2784"}],"wp:attachment":[{"href":"https:\/\/indie.rent\/catalogue\/wp-json\/wp\/v2\/media?parent=322"}],"wp:term":[{"taxonomy":"product_brand","embeddable":true,"href":"https:\/\/indie.rent\/catalogue\/wp-json\/wp\/v2\/product_brand?post=322"},{"taxonomy":"product_cat","embeddable":true,"href":"https:\/\/indie.rent\/catalogue\/wp-json\/wp\/v2\/product_cat?post=322"},{"taxonomy":"product_tag","embeddable":true,"href":"https:\/\/indie.rent\/catalogue\/wp-json\/wp\/v2\/product_tag?post=322"}],"curies":[{"name":"wp","href":"https:\/\/api.w.org\/{rel}","templated":true}]}}