{"id":317,"date":"2025-01-08T17:32:31","date_gmt":"2025-01-08T16:32:31","guid":{"rendered":"https:\/\/indie.rent\/catalogue\/produit\/filtre-nisi-pro-nano-huc-protection-circulaire-o-105mm\/"},"modified":"2026-04-14T16:24:00","modified_gmt":"2026-04-14T14:24:00","slug":"filtre-nisi-pro-nano-huc-protection-circulaire-o-105mm","status":"publish","type":"product","link":"https:\/\/indie.rent\/catalogue\/produit\/filtre-nisi-pro-nano-huc-protection-circulaire-o-105mm\/","title":{"rendered":"Filtre NiSi Pro Nano HUC Protection \u2013 Circulaire \u00d8 105mm"},"content":{"rendered":"<p>Filtre Nisi pro nano<\/p>\n<p>Les filtres de protection NiSi PRO Nano HUC sont con\u00e7u pour fournir la meilleure protection contre la poussi\u00e8re ou les impacts sur l\u2019\u00e9l\u00e9ment avant des objectifs d\u2019appareil photo. Fabriqu\u00e9 \u00e0 partir de verre de haute qualit\u00e9 avec un rev\u00eatement nanom\u00e9trique des deux c\u00f4t\u00e9s, le filtre de protection NiSi PRO Nano HUC laisse passer 99,3% de la lumi\u00e8re.<\/p>\n<p>Le cerclage est fabriqu\u00e9 en aluminium de haute qualit\u00e9 avec une \u00e9paisseur de seulement 5,2 mm. De plus, le polissage superficiel et le moletage complexe garantissent que le cerclage ne blanchira pas \u00e0 cause de rotations r\u00e9p\u00e9t\u00e9es. Cette monture de filtre ultra-fine \u00e9vite le vignettage sur les objectifs \u00e0 tr\u00e8s grand angle.<\/p>\n","protected":false},"excerpt":{"rendered":"<p>Filtre Nisi pro nano Les filtres de protection NiSi PRO Nano HUC sont con\u00e7u pour fournir la meilleure protection contre la poussi\u00e8re ou les impacts sur l\u2019\u00e9l\u00e9ment avant des objectifs d\u2019appareil photo. Fabriqu\u00e9 \u00e0 partir de verre de haute qualit\u00e9 avec un rev\u00eatement nanom\u00e9trique des deux c\u00f4t\u00e9s, le filtre de protection NiSi PRO Nano HUC [&hellip;]<\/p>\n","protected":false},"featured_media":2225,"template":"","meta":{"inline_featured_image":false},"product_brand":[],"product_cat":[1942],"product_tag":[],"class_list":{"0":"post-317","1":"product","2":"type-product","3":"status-publish","4":"has-post-thumbnail","6":"product_cat-filtres-protection","8":"first","9":"instock","10":"taxable","11":"shipping-taxable","12":"purchasable","13":"product-type-rentable"},"acf":[],"_links":{"self":[{"href":"https:\/\/indie.rent\/catalogue\/wp-json\/wp\/v2\/product\/317","targetHints":{"allow":["GET"]}}],"collection":[{"href":"https:\/\/indie.rent\/catalogue\/wp-json\/wp\/v2\/product"}],"about":[{"href":"https:\/\/indie.rent\/catalogue\/wp-json\/wp\/v2\/types\/product"}],"version-history":[{"count":0,"href":"https:\/\/indie.rent\/catalogue\/wp-json\/wp\/v2\/product\/317\/revisions"}],"wp:featuredmedia":[{"embeddable":true,"href":"https:\/\/indie.rent\/catalogue\/wp-json\/wp\/v2\/media\/2225"}],"wp:attachment":[{"href":"https:\/\/indie.rent\/catalogue\/wp-json\/wp\/v2\/media?parent=317"}],"wp:term":[{"taxonomy":"product_brand","embeddable":true,"href":"https:\/\/indie.rent\/catalogue\/wp-json\/wp\/v2\/product_brand?post=317"},{"taxonomy":"product_cat","embeddable":true,"href":"https:\/\/indie.rent\/catalogue\/wp-json\/wp\/v2\/product_cat?post=317"},{"taxonomy":"product_tag","embeddable":true,"href":"https:\/\/indie.rent\/catalogue\/wp-json\/wp\/v2\/product_tag?post=317"}],"curies":[{"name":"wp","href":"https:\/\/api.w.org\/{rel}","templated":true}]}}