{"id":316,"date":"2025-01-08T17:32:31","date_gmt":"2025-01-08T16:32:31","guid":{"rendered":"https:\/\/indie.rent\/catalogue\/produit\/filtre-nisi-pro-nano-enhance-nd-vario-1-5-5-stops-circulaire-o-95mm\/"},"modified":"2026-04-14T16:24:00","modified_gmt":"2026-04-14T14:24:00","slug":"filtre-nisi-pro-nano-enhance-nd-vario-1-5-5-stops-circulaire-o-95mm","status":"publish","type":"product","link":"https:\/\/indie.rent\/catalogue\/produit\/filtre-nisi-pro-nano-enhance-nd-vario-1-5-5-stops-circulaire-o-95mm\/","title":{"rendered":"Filtre NiSi Pro Nano Enhance ND-Vario 1.5-5 Stops \u2013 Circulaire \u00d8 95mm"},"content":{"rendered":"<p>Filtre ND vario NISI<\/p>\n<p>Les filtres NiSi Pro Nano 1.5-5 Stop Enhance ND-VARIO sont des filtres gris neutre \u00e0 densit\u00e9 variable fournissant une r\u00e9duction de la vitesse d\u2019obturation de 1,5 \u00e0 5 Stops.<\/p>\n<p>Le degr\u00e9 de densit\u00e9 est facilement contr\u00f4lable gr\u00e2ce \u00e0 une vis sur la bague frontale.Gr\u00e2ce \u00e0 cette vis ergonomique la transition de densit\u00e9 se produit sans \u00e0-coup ce qui vous permet d&#8217;ajuster la dur\u00e9e d\u2019exposition requise pour une sc\u00e8ne donn\u00e9e.<\/p>\n<p>Caract\u00e9ristiques principales :<br \/>&#8211; Filtre ND \u00e0 densit\u00e9 variable , r\u00e9duction de la vitesse d\u2019obturation de 1.5 \u00e0 5 Stops,<br \/>&#8211; Qualit\u00e9 de verre optique sup\u00e9rieure et traitement multi-couches professionnel,<br \/>&#8211; Couleurs contrast\u00e9es, sans perte de nettet\u00e9,<br \/>&#8211; Aucun effet \u201cX\u201d,<br \/>&#8211; Ultra fin, vis ergonomique.<\/p>\n","protected":false},"excerpt":{"rendered":"<p>Filtre ND vario NISI Les filtres NiSi Pro Nano 1.5-5 Stop Enhance ND-VARIO sont des filtres gris neutre \u00e0 densit\u00e9 variable fournissant une r\u00e9duction de la vitesse d\u2019obturation de 1,5 \u00e0 5 Stops. Le degr\u00e9 de densit\u00e9 est facilement contr\u00f4lable gr\u00e2ce \u00e0 une vis sur la bague frontale.Gr\u00e2ce \u00e0 cette vis ergonomique la transition de [&hellip;]<\/p>\n","protected":false},"featured_media":2224,"template":"","meta":{"inline_featured_image":false},"product_brand":[],"product_cat":[1943],"product_tag":[],"class_list":{"0":"post-316","1":"product","2":"type-product","3":"status-publish","4":"has-post-thumbnail","6":"product_cat-filtres-circulaires","8":"first","9":"instock","10":"taxable","11":"shipping-taxable","12":"purchasable","13":"product-type-rentable"},"acf":[],"_links":{"self":[{"href":"https:\/\/indie.rent\/catalogue\/wp-json\/wp\/v2\/product\/316","targetHints":{"allow":["GET"]}}],"collection":[{"href":"https:\/\/indie.rent\/catalogue\/wp-json\/wp\/v2\/product"}],"about":[{"href":"https:\/\/indie.rent\/catalogue\/wp-json\/wp\/v2\/types\/product"}],"version-history":[{"count":0,"href":"https:\/\/indie.rent\/catalogue\/wp-json\/wp\/v2\/product\/316\/revisions"}],"wp:featuredmedia":[{"embeddable":true,"href":"https:\/\/indie.rent\/catalogue\/wp-json\/wp\/v2\/media\/2224"}],"wp:attachment":[{"href":"https:\/\/indie.rent\/catalogue\/wp-json\/wp\/v2\/media?parent=316"}],"wp:term":[{"taxonomy":"product_brand","embeddable":true,"href":"https:\/\/indie.rent\/catalogue\/wp-json\/wp\/v2\/product_brand?post=316"},{"taxonomy":"product_cat","embeddable":true,"href":"https:\/\/indie.rent\/catalogue\/wp-json\/wp\/v2\/product_cat?post=316"},{"taxonomy":"product_tag","embeddable":true,"href":"https:\/\/indie.rent\/catalogue\/wp-json\/wp\/v2\/product_tag?post=316"}],"curies":[{"name":"wp","href":"https:\/\/api.w.org\/{rel}","templated":true}]}}