{"id":312,"date":"2025-01-08T17:32:31","date_gmt":"2025-01-08T16:32:31","guid":{"rendered":"https:\/\/indie.rent\/catalogue\/produit\/filtre-schneider-clear-true-streak-circulaire-o-82mm\/"},"modified":"2026-04-15T17:13:58","modified_gmt":"2026-04-15T15:13:58","slug":"filtre-schneider-clear-true-streak-circulaire-o-82mm","status":"publish","type":"product","link":"https:\/\/indie.rent\/catalogue\/produit\/filtre-schneider-clear-true-streak-circulaire-o-82mm\/","title":{"rendered":"Filtre Schneider Clear True-Streak \u2013 Circulaire \u00d8 82mm"},"content":{"rendered":"<p>82mm True-streak Clear 2mm<\/p>\n<p>Le filtre Schneider est con\u00e7u pour \u00eatre utilis\u00e9 perpendiculairement \u00e0 une source de lumi\u00e8re ponctuelle telle que le soleil, une ampoule ou une bougie. La surface du filtre contient une combinaison de types de lignes fines qui aident \u00e0 cr\u00e9er un effet d&#8217;\u00e9toile avec six pointes de diffraction primaires qui s&#8217;\u00e9tendent \u00e0 partir de la source de lumi\u00e8re. Chaque pointe de diffraction se compose de plusieurs stries allong\u00e9es sym\u00e9triques qui s&#8217;\u00e9tendent \u00e0 partir de chaque source lumineuse ponctuelle. Ces stries sont similaires aux lignes cr\u00e9\u00e9es dans une image qui a \u00e9t\u00e9 enregistr\u00e9e avec une lentille anamorphique puis affich\u00e9e \u00e0 l&#8217;aide d&#8217;une lentille de projection inverse compl\u00e9mentaire. Ensemble, ils sont fr\u00e9quemment utilis\u00e9s pour attirer l&#8217;attention sur une partie sp\u00e9cifique du cadre ou pour cr\u00e9er un effet visuellement dramatique. \u00c0 l&#8217;int\u00e9rieur de chaque pic de diffraction lors de l&#8217;utilisation du filtre en \u00e9toile Schneider 82 mm Clear True-Streak \u00e0 6 points, les stries sont rendues sans couleur, au lieu des reflets bleus g\u00e9n\u00e9r\u00e9s lors de l&#8217;utilisation d&#8217;optiques anamorphiques traditionnelles qui ne sont pas con\u00e7ues pour supprimer les stries.<\/p>\n","protected":false},"excerpt":{"rendered":"<p>82mm True-streak Clear 2mm Le filtre Schneider est con\u00e7u pour \u00eatre utilis\u00e9 perpendiculairement \u00e0 une source de lumi\u00e8re ponctuelle telle que le soleil, une ampoule ou une bougie. La surface du filtre contient une combinaison de types de lignes fines qui aident \u00e0 cr\u00e9er un effet d&#8217;\u00e9toile avec six pointes de diffraction primaires qui s&#8217;\u00e9tendent [&hellip;]<\/p>\n","protected":false},"featured_media":2038,"template":"","meta":{"inline_featured_image":false},"product_brand":[],"product_cat":[1943],"product_tag":[],"class_list":{"0":"post-312","1":"product","2":"type-product","3":"status-publish","4":"has-post-thumbnail","6":"product_cat-filtres-circulaires","8":"first","9":"instock","10":"taxable","11":"shipping-taxable","12":"purchasable","13":"product-type-rentable"},"acf":[],"_links":{"self":[{"href":"https:\/\/indie.rent\/catalogue\/wp-json\/wp\/v2\/product\/312","targetHints":{"allow":["GET"]}}],"collection":[{"href":"https:\/\/indie.rent\/catalogue\/wp-json\/wp\/v2\/product"}],"about":[{"href":"https:\/\/indie.rent\/catalogue\/wp-json\/wp\/v2\/types\/product"}],"version-history":[{"count":0,"href":"https:\/\/indie.rent\/catalogue\/wp-json\/wp\/v2\/product\/312\/revisions"}],"wp:featuredmedia":[{"embeddable":true,"href":"https:\/\/indie.rent\/catalogue\/wp-json\/wp\/v2\/media\/2038"}],"wp:attachment":[{"href":"https:\/\/indie.rent\/catalogue\/wp-json\/wp\/v2\/media?parent=312"}],"wp:term":[{"taxonomy":"product_brand","embeddable":true,"href":"https:\/\/indie.rent\/catalogue\/wp-json\/wp\/v2\/product_brand?post=312"},{"taxonomy":"product_cat","embeddable":true,"href":"https:\/\/indie.rent\/catalogue\/wp-json\/wp\/v2\/product_cat?post=312"},{"taxonomy":"product_tag","embeddable":true,"href":"https:\/\/indie.rent\/catalogue\/wp-json\/wp\/v2\/product_tag?post=312"}],"curies":[{"name":"wp","href":"https:\/\/api.w.org\/{rel}","templated":true}]}}