{"id":310,"date":"2025-01-08T17:32:30","date_gmt":"2025-01-08T16:32:30","guid":{"rendered":"https:\/\/indie.rent\/catalogue\/produit\/filtre-schneider-true-streak-confetti-4x5-65\/"},"modified":"2026-04-14T16:51:57","modified_gmt":"2026-04-14T14:51:57","slug":"filtre-schneider-true-streak-confetti-4x5-65","status":"publish","type":"product","link":"https:\/\/indie.rent\/catalogue\/produit\/filtre-schneider-true-streak-confetti-4x5-65\/","title":{"rendered":"Filtre Schneider True-Streak Confetti 4&#215;5.65&#8243;"},"content":{"rendered":"<p>Filtre Schneider True-Streak Confetti en format 4&#215;5.65&#8243;<\/p>\n<p>Le filtre Schneider True-Streak Confetti regroupe dans un seul filtre, toutes les couleurs de la gamme de filtres True-Streak. Il est comps\u00e9 d&#8217;une multitude de petites stries multicolores, dispers\u00e9es sur la surafce du filtre pour cr\u00e9er des rafales de couleurs autour de la source de lumi\u00e8re.<\/p>\n<p>La combinaison entre la distance focale de l&#8217;objectif et la luminosit\u00e9 de la source de lumi\u00e8re d\u00e9terminera l&#8217;effet de ce filtre, allant d&#8217;un halo color\u00e9 doux \u00e0 des \u00e9clats lumineux de plusieurs couleurs.<\/p>\n<p>Le filtre True-Streak Confetti peut aider \u00e0 cr\u00e9er des sc\u00e8nes d&#8217;ambiances originales pour les clips vid\u00e9os et les s\u00e9quences de concerts.<\/p>\n","protected":false},"excerpt":{"rendered":"<p>Filtre Schneider True-Streak Confetti en format 4&#215;5.65&#8243; Le filtre Schneider True-Streak Confetti regroupe dans un seul filtre, toutes les couleurs de la gamme de filtres True-Streak. Il est comps\u00e9 d&#8217;une multitude de petites stries multicolores, dispers\u00e9es sur la surafce du filtre pour cr\u00e9er des rafales de couleurs autour de la source de lumi\u00e8re. La combinaison [&hellip;]<\/p>\n","protected":false},"featured_media":2034,"template":"","meta":{"inline_featured_image":false},"product_brand":[],"product_cat":[1938],"product_tag":[],"class_list":{"0":"post-310","1":"product","2":"type-product","3":"status-publish","4":"has-post-thumbnail","6":"product_cat-filtres-4x5-6-effets","8":"first","9":"instock","10":"taxable","11":"shipping-taxable","12":"purchasable","13":"product-type-rentable"},"acf":[],"_links":{"self":[{"href":"https:\/\/indie.rent\/catalogue\/wp-json\/wp\/v2\/product\/310","targetHints":{"allow":["GET"]}}],"collection":[{"href":"https:\/\/indie.rent\/catalogue\/wp-json\/wp\/v2\/product"}],"about":[{"href":"https:\/\/indie.rent\/catalogue\/wp-json\/wp\/v2\/types\/product"}],"version-history":[{"count":0,"href":"https:\/\/indie.rent\/catalogue\/wp-json\/wp\/v2\/product\/310\/revisions"}],"wp:featuredmedia":[{"embeddable":true,"href":"https:\/\/indie.rent\/catalogue\/wp-json\/wp\/v2\/media\/2034"}],"wp:attachment":[{"href":"https:\/\/indie.rent\/catalogue\/wp-json\/wp\/v2\/media?parent=310"}],"wp:term":[{"taxonomy":"product_brand","embeddable":true,"href":"https:\/\/indie.rent\/catalogue\/wp-json\/wp\/v2\/product_brand?post=310"},{"taxonomy":"product_cat","embeddable":true,"href":"https:\/\/indie.rent\/catalogue\/wp-json\/wp\/v2\/product_cat?post=310"},{"taxonomy":"product_tag","embeddable":true,"href":"https:\/\/indie.rent\/catalogue\/wp-json\/wp\/v2\/product_tag?post=310"}],"curies":[{"name":"wp","href":"https:\/\/api.w.org\/{rel}","templated":true}]}}