{"id":309,"date":"2025-01-08T17:32:30","date_gmt":"2025-01-08T16:32:30","guid":{"rendered":"https:\/\/indie.rent\/catalogue\/produit\/filtre-tiffen-promist-1-4-circulaire-o-40-5mm\/"},"modified":"2026-04-15T16:42:17","modified_gmt":"2026-04-15T14:42:17","slug":"filtre-tiffen-promist-1-4-circulaire-o-40-5mm","status":"publish","type":"product","link":"https:\/\/indie.rent\/catalogue\/produit\/filtre-tiffen-promist-1-4-circulaire-o-40-5mm\/","title":{"rendered":"Filtre Tiffen Promist 1\/4 \u2013 Circulaire  \u00d8  40.5mm"},"content":{"rendered":"<p>Le filtre circulaire Tiffen Promist 1\/4 att\u00e9nue les hautes lumi\u00e8res et r\u00e9duit l\u00e9g\u00e8rement le contraste pour cr\u00e9er une image plus douce et naturelle. Il est particuli\u00e8rement appr\u00e9ci\u00e9 pour lisser le rendu de la peau notamment en mode, beaut\u00e9 ou pour des plans rapproch\u00e9s.<\/p>\n<p>Contrairement aux filtres de diffusion classiques, il pr\u00e9serve la nettet\u00e9 et les d\u00e9tails de l\u2019image. Sa densit\u00e9 1\/4 apporte une diffusion subtile.<\/p>\n","protected":false},"excerpt":{"rendered":"<p>Le filtre circulaire Tiffen Promist 1\/4 att\u00e9nue les hautes lumi\u00e8res et r\u00e9duit l\u00e9g\u00e8rement le contraste pour cr\u00e9er une image plus douce et naturelle. Il est particuli\u00e8rement appr\u00e9ci\u00e9 pour lisser le rendu de la peau notamment en mode, beaut\u00e9 ou pour des plans rapproch\u00e9s. Contrairement aux filtres de diffusion classiques, il pr\u00e9serve la nettet\u00e9 et les [&hellip;]<\/p>\n","protected":false},"featured_media":6230,"template":"","meta":{"inline_featured_image":false},"product_brand":[],"product_cat":[1943],"product_tag":[],"class_list":{"0":"post-309","1":"product","2":"type-product","3":"status-publish","4":"has-post-thumbnail","6":"product_cat-filtres-circulaires","8":"first","9":"instock","10":"taxable","11":"shipping-taxable","12":"purchasable","13":"product-type-rentable"},"acf":[],"_links":{"self":[{"href":"https:\/\/indie.rent\/catalogue\/wp-json\/wp\/v2\/product\/309","targetHints":{"allow":["GET"]}}],"collection":[{"href":"https:\/\/indie.rent\/catalogue\/wp-json\/wp\/v2\/product"}],"about":[{"href":"https:\/\/indie.rent\/catalogue\/wp-json\/wp\/v2\/types\/product"}],"version-history":[{"count":0,"href":"https:\/\/indie.rent\/catalogue\/wp-json\/wp\/v2\/product\/309\/revisions"}],"wp:featuredmedia":[{"embeddable":true,"href":"https:\/\/indie.rent\/catalogue\/wp-json\/wp\/v2\/media\/6230"}],"wp:attachment":[{"href":"https:\/\/indie.rent\/catalogue\/wp-json\/wp\/v2\/media?parent=309"}],"wp:term":[{"taxonomy":"product_brand","embeddable":true,"href":"https:\/\/indie.rent\/catalogue\/wp-json\/wp\/v2\/product_brand?post=309"},{"taxonomy":"product_cat","embeddable":true,"href":"https:\/\/indie.rent\/catalogue\/wp-json\/wp\/v2\/product_cat?post=309"},{"taxonomy":"product_tag","embeddable":true,"href":"https:\/\/indie.rent\/catalogue\/wp-json\/wp\/v2\/product_tag?post=309"}],"curies":[{"name":"wp","href":"https:\/\/api.w.org\/{rel}","templated":true}]}}