{"id":308,"date":"2025-01-08T17:32:30","date_gmt":"2025-01-08T16:32:30","guid":{"rendered":"https:\/\/indie.rent\/catalogue\/produit\/filtre-schneider-warm-black-frost-1-4-circulaire-o-40-5mm\/"},"modified":"2026-04-15T16:42:16","modified_gmt":"2026-04-15T14:42:16","slug":"filtre-schneider-warm-black-frost-1-4-circulaire-o-40-5mm","status":"publish","type":"product","link":"https:\/\/indie.rent\/catalogue\/produit\/filtre-schneider-warm-black-frost-1-4-circulaire-o-40-5mm\/","title":{"rendered":"Filtre Schneider &#8211; Warm Black Frost 1\/4 \u2013 Circulaire  \u00d8  40.5mm"},"content":{"rendered":"<p>Le filtre circulaire Schneider warm black frost 1\/4 adoucit l\u2019image tout en conservant les d\u00e9tails et la profondeur des zones sombres. Il att\u00e9nue le contraste et les reflets pour un rendu cin\u00e9matographique naturel, particuli\u00e8rement appr\u00e9ci\u00e9 sur les plans rapproch\u00e9s et les portraits.<\/p>\n","protected":false},"excerpt":{"rendered":"<p>Le filtre circulaire Schneider warm black frost 1\/4 adoucit l\u2019image tout en conservant les d\u00e9tails et la profondeur des zones sombres. Il att\u00e9nue le contraste et les reflets pour un rendu cin\u00e9matographique naturel, particuli\u00e8rement appr\u00e9ci\u00e9 sur les plans rapproch\u00e9s et les portraits.<\/p>\n","protected":false},"featured_media":6229,"template":"","meta":{"inline_featured_image":false},"product_brand":[],"product_cat":[1943],"product_tag":[],"class_list":{"0":"post-308","1":"product","2":"type-product","3":"status-publish","4":"has-post-thumbnail","6":"product_cat-filtres-circulaires","8":"first","9":"instock","10":"taxable","11":"shipping-taxable","12":"purchasable","13":"product-type-rentable"},"acf":[],"_links":{"self":[{"href":"https:\/\/indie.rent\/catalogue\/wp-json\/wp\/v2\/product\/308","targetHints":{"allow":["GET"]}}],"collection":[{"href":"https:\/\/indie.rent\/catalogue\/wp-json\/wp\/v2\/product"}],"about":[{"href":"https:\/\/indie.rent\/catalogue\/wp-json\/wp\/v2\/types\/product"}],"version-history":[{"count":0,"href":"https:\/\/indie.rent\/catalogue\/wp-json\/wp\/v2\/product\/308\/revisions"}],"wp:featuredmedia":[{"embeddable":true,"href":"https:\/\/indie.rent\/catalogue\/wp-json\/wp\/v2\/media\/6229"}],"wp:attachment":[{"href":"https:\/\/indie.rent\/catalogue\/wp-json\/wp\/v2\/media?parent=308"}],"wp:term":[{"taxonomy":"product_brand","embeddable":true,"href":"https:\/\/indie.rent\/catalogue\/wp-json\/wp\/v2\/product_brand?post=308"},{"taxonomy":"product_cat","embeddable":true,"href":"https:\/\/indie.rent\/catalogue\/wp-json\/wp\/v2\/product_cat?post=308"},{"taxonomy":"product_tag","embeddable":true,"href":"https:\/\/indie.rent\/catalogue\/wp-json\/wp\/v2\/product_tag?post=308"}],"curies":[{"name":"wp","href":"https:\/\/api.w.org\/{rel}","templated":true}]}}