{"id":307,"date":"2025-01-08T17:32:30","date_gmt":"2025-01-08T16:32:30","guid":{"rendered":"https:\/\/indie.rent\/catalogue\/produit\/filtre-nisi-clear-6-6x6-6\/"},"modified":"2026-04-16T18:15:07","modified_gmt":"2026-04-16T16:15:07","slug":"filtre-nisi-clear-6-6x6-6","status":"publish","type":"product","link":"https:\/\/indie.rent\/catalogue\/produit\/filtre-nisi-clear-6-6x6-6\/","title":{"rendered":"Filtre NISI Clear &#8211; 6.6&#8243;x6.6&#8243;"},"content":{"rendered":"<p>Filtre Clear 6,6&#215;6,6<\/p>\n<p>Verre optique de tr\u00e8s haute qualit\u00e9 brevet\u00e9 NiSi<br \/>Rev\u00eatement Multicouche Nano\u00ae<br \/>Filtre Cin\u00e9ma NiSi Pure Clear 6.6\u2033\u00d76.6\u2033<br \/>Filtre de protection en verre optique transparent<br \/>Prot\u00e8ge vos objectifs contre les dommages<br \/>Aucun effet sur l\u2019image<\/p>\n","protected":false},"excerpt":{"rendered":"<p>Filtre Clear 6,6&#215;6,6 Verre optique de tr\u00e8s haute qualit\u00e9 brevet\u00e9 NiSiRev\u00eatement Multicouche Nano\u00aeFiltre Cin\u00e9ma NiSi Pure Clear 6.6\u2033\u00d76.6\u2033Filtre de protection en verre optique transparentProt\u00e8ge vos objectifs contre les dommagesAucun effet sur l\u2019image<\/p>\n","protected":false},"featured_media":2704,"template":"","meta":{"inline_featured_image":false},"product_brand":[],"product_cat":[1942],"product_tag":[],"class_list":{"0":"post-307","1":"product","2":"type-product","3":"status-publish","4":"has-post-thumbnail","6":"product_cat-filtres-protection","8":"first","9":"instock","10":"taxable","11":"shipping-taxable","12":"purchasable","13":"product-type-rentable"},"acf":[],"_links":{"self":[{"href":"https:\/\/indie.rent\/catalogue\/wp-json\/wp\/v2\/product\/307","targetHints":{"allow":["GET"]}}],"collection":[{"href":"https:\/\/indie.rent\/catalogue\/wp-json\/wp\/v2\/product"}],"about":[{"href":"https:\/\/indie.rent\/catalogue\/wp-json\/wp\/v2\/types\/product"}],"version-history":[{"count":0,"href":"https:\/\/indie.rent\/catalogue\/wp-json\/wp\/v2\/product\/307\/revisions"}],"wp:featuredmedia":[{"embeddable":true,"href":"https:\/\/indie.rent\/catalogue\/wp-json\/wp\/v2\/media\/2704"}],"wp:attachment":[{"href":"https:\/\/indie.rent\/catalogue\/wp-json\/wp\/v2\/media?parent=307"}],"wp:term":[{"taxonomy":"product_brand","embeddable":true,"href":"https:\/\/indie.rent\/catalogue\/wp-json\/wp\/v2\/product_brand?post=307"},{"taxonomy":"product_cat","embeddable":true,"href":"https:\/\/indie.rent\/catalogue\/wp-json\/wp\/v2\/product_cat?post=307"},{"taxonomy":"product_tag","embeddable":true,"href":"https:\/\/indie.rent\/catalogue\/wp-json\/wp\/v2\/product_tag?post=307"}],"curies":[{"name":"wp","href":"https:\/\/api.w.org\/{rel}","templated":true}]}}