{"id":306,"date":"2025-01-08T17:32:30","date_gmt":"2025-01-08T16:32:30","guid":{"rendered":"https:\/\/indie.rent\/catalogue\/produit\/filtre-thingfy-uv-58-mm\/"},"modified":"2026-04-16T18:20:10","modified_gmt":"2026-04-16T16:20:10","slug":"filtre-thingfy-uv-58-mm","status":"publish","type":"product","link":"https:\/\/indie.rent\/catalogue\/produit\/filtre-thingfy-uv-58-mm\/","title":{"rendered":"Filtre Thingfy UV 58 mm"},"content":{"rendered":"<p>Le filtre circulaire thiingfy UV prot\u00e8ge efficacement l\u2019objectif et le capteur des rayons ultraviolets tout en am\u00e9liorant la clart\u00e9 et la restitution des couleurs.<\/p>\n<p>Son traitement multicouche avanc\u00e9 r\u00e9duit les reflets gr\u00e2ce \u00e0 une r\u00e9activit\u00e9 ultra faible de 0,1%, garantissant une image plus nette et contrast\u00e9e.<\/p>\n","protected":false},"excerpt":{"rendered":"<p>Le filtre circulaire thiingfy UV prot\u00e8ge efficacement l\u2019objectif et le capteur des rayons ultraviolets tout en am\u00e9liorant la clart\u00e9 et la restitution des couleurs. Son traitement multicouche avanc\u00e9 r\u00e9duit les reflets gr\u00e2ce \u00e0 une r\u00e9activit\u00e9 ultra faible de 0,1%, garantissant une image plus nette et contrast\u00e9e.<\/p>\n","protected":false},"featured_media":3382,"template":"","meta":{"inline_featured_image":false},"product_brand":[],"product_cat":[1942],"product_tag":[],"class_list":{"0":"post-306","1":"product","2":"type-product","3":"status-publish","4":"has-post-thumbnail","6":"product_cat-filtres-protection","8":"first","9":"instock","10":"taxable","11":"shipping-taxable","12":"purchasable","13":"product-type-rentable"},"acf":[],"_links":{"self":[{"href":"https:\/\/indie.rent\/catalogue\/wp-json\/wp\/v2\/product\/306","targetHints":{"allow":["GET"]}}],"collection":[{"href":"https:\/\/indie.rent\/catalogue\/wp-json\/wp\/v2\/product"}],"about":[{"href":"https:\/\/indie.rent\/catalogue\/wp-json\/wp\/v2\/types\/product"}],"version-history":[{"count":0,"href":"https:\/\/indie.rent\/catalogue\/wp-json\/wp\/v2\/product\/306\/revisions"}],"wp:featuredmedia":[{"embeddable":true,"href":"https:\/\/indie.rent\/catalogue\/wp-json\/wp\/v2\/media\/3382"}],"wp:attachment":[{"href":"https:\/\/indie.rent\/catalogue\/wp-json\/wp\/v2\/media?parent=306"}],"wp:term":[{"taxonomy":"product_brand","embeddable":true,"href":"https:\/\/indie.rent\/catalogue\/wp-json\/wp\/v2\/product_brand?post=306"},{"taxonomy":"product_cat","embeddable":true,"href":"https:\/\/indie.rent\/catalogue\/wp-json\/wp\/v2\/product_cat?post=306"},{"taxonomy":"product_tag","embeddable":true,"href":"https:\/\/indie.rent\/catalogue\/wp-json\/wp\/v2\/product_tag?post=306"}],"curies":[{"name":"wp","href":"https:\/\/api.w.org\/{rel}","templated":true}]}}