{"id":211,"date":"2024-12-10T21:36:51","date_gmt":"2024-12-10T20:36:51","guid":{"rendered":"https:\/\/indie.rent\/catalogue\/produit\/camera-red-v-raptor-8k\/"},"modified":"2026-04-15T17:45:50","modified_gmt":"2026-04-15T15:45:50","slug":"camera-red-v-raptor-vv-8k-vista-vision","status":"publish","type":"product","link":"https:\/\/indie.rent\/catalogue\/produit\/camera-red-v-raptor-vv-8k-vista-vision\/","title":{"rendered":"Cam\u00e9ra Red V-Raptor VV 8K (Vista Vision)"},"content":{"rendered":"<p>La RED V-RAPTOR 8K Vista Vision est une cam\u00e9ra num\u00e9rique compacte et l\u00e9g\u00e8re (1.8kg), dot\u00e9e d\u2019un capteur plein format (37,4 \u00d7 18,8 mm) capable d\u2019enregistrement en REDCODE RAW et Apple ProRes jusqu\u2019en 8K.<br \/>Elle offre une plage dynamique d\u2019environ 17+ stops et un ISO natif de 800, ajustable pour diff\u00e9rentes conditions de lumi\u00e8re. <br \/>Cette cam\u00e9ra supporte des fr\u00e9quences d\u2019images \u00e9lev\u00e9es allant jusqu\u2019\u00e0 120 fps en 8K, 240 fps en 4K et 480 fps en 2K, permettant l\u2019enregistrement de s\u00e9quences au ralenti.<\/p>\n<p>Caract\u00e9ristiques Principales:<br \/>&#8211; Capteur: CMOS V-RAPTOR 8K VV (40,96 x 21,60 mm \u2013 \u2300 46,31 mm)<br \/>&#8211; Dynamique: Plus de 17 stops<br \/>&#8211; Monture de base: RF Canon int\u00e9gr\u00e9e<br \/>&#8211; Autofocus: Non<br \/>&#8211; Filtres ND int\u00e9gr\u00e9s: Non<br \/>&#8211; Sensibilit\u00e9: ISO natif 800<br \/>&#8211; M\u00e9dia: 1x CFexpress Type B compatible RED<br \/>&#8211; R\u00e9solution d\u2019enregistrement max.: 8192 x 4320 (8K)<br \/>&#8211; Vitesse maximale d\u2019enregistrement (fps): 120@8K \/ 240@4K \/ 480@2K<br \/>&#8211; Codec d\u2019enregistrement interne: REDCODE RAW (HQ, MQ, LQ, ELQ), Apple ProRes<br \/>&#8211; Formats Anamorphiques: 2x, 1.8x, 1.6x, 1.5x, 1.3x, 1.25x (selon la r\u00e9solution choisie)<br \/>&#8211; Sorties vid\u00e9o: 2x 12G-SDI, 1x USB-C RMI pour moniteur DSMC3 RED Touch 7&#8243; LCD<br \/>&#8211; Timecode: 1x Lemo 9p Ext<br \/>&#8211; Audio: 2x Microphones int\u00e9gr\u00e9s, 1x Lemo 5p 2-channel audio, Line, Mic, and +48V Phantom, 1x Sortie casque Mini Jack 3,5 mm<br \/>&#8211; Entr\u00e9e DC: 1x Lemo 6p (+11.5 \u00e0 +17 V DC)<br \/>&#8211; Consommation: \u226565 W selon configuration<br \/>&#8211; Autonomie avec batterie V-Mount 98Wh: \u224880 min<br \/>&#8211; Temp\u00e9rature de fonctionnement: 0 \u00b0C \u00e0 +40 \u00b0C<br \/>&#8211; Temp\u00e9rature de stockage: \u221220 \u00b0C \u00e0 +50 \u00b0C<br \/>&#8211; Poids: 1,83 kg (corps cam\u00e9ra nu avec monture RF)<\/p>\n","protected":false},"excerpt":{"rendered":"<p>La RED V-RAPTOR 8K Vista Vision est une cam\u00e9ra num\u00e9rique compacte et l\u00e9g\u00e8re (1.8kg), dot\u00e9e d\u2019un capteur plein format (37,4 \u00d7 18,8 mm) capable d\u2019enregistrement en REDCODE RAW et Apple ProRes jusqu\u2019en 8K.Elle offre une plage dynamique d\u2019environ 17+ stops et un ISO natif de 800, ajustable pour diff\u00e9rentes conditions de lumi\u00e8re. Cette cam\u00e9ra supporte [&hellip;]<\/p>\n","protected":false},"featured_media":1841,"template":"","meta":{"inline_featured_image":false},"product_brand":[],"product_cat":[1912],"product_tag":[2249],"class_list":{"0":"post-211","1":"product","2":"type-product","3":"status-publish","4":"has-post-thumbnail","6":"product_cat-camera-red","7":"product_tag-pas-de-facture","9":"first","10":"instock","11":"taxable","12":"shipping-taxable","13":"purchasable","14":"product-type-rentable"},"acf":[],"_links":{"self":[{"href":"https:\/\/indie.rent\/catalogue\/wp-json\/wp\/v2\/product\/211","targetHints":{"allow":["GET"]}}],"collection":[{"href":"https:\/\/indie.rent\/catalogue\/wp-json\/wp\/v2\/product"}],"about":[{"href":"https:\/\/indie.rent\/catalogue\/wp-json\/wp\/v2\/types\/product"}],"version-history":[{"count":0,"href":"https:\/\/indie.rent\/catalogue\/wp-json\/wp\/v2\/product\/211\/revisions"}],"wp:featuredmedia":[{"embeddable":true,"href":"https:\/\/indie.rent\/catalogue\/wp-json\/wp\/v2\/media\/1841"}],"wp:attachment":[{"href":"https:\/\/indie.rent\/catalogue\/wp-json\/wp\/v2\/media?parent=211"}],"wp:term":[{"taxonomy":"product_brand","embeddable":true,"href":"https:\/\/indie.rent\/catalogue\/wp-json\/wp\/v2\/product_brand?post=211"},{"taxonomy":"product_cat","embeddable":true,"href":"https:\/\/indie.rent\/catalogue\/wp-json\/wp\/v2\/product_cat?post=211"},{"taxonomy":"product_tag","embeddable":true,"href":"https:\/\/indie.rent\/catalogue\/wp-json\/wp\/v2\/product_tag?post=211"}],"curies":[{"name":"wp","href":"https:\/\/api.w.org\/{rel}","templated":true}]}}