{"id":208,"date":"2024-12-10T21:36:50","date_gmt":"2024-12-10T20:36:50","guid":{"rendered":"https:\/\/indie.rent\/catalogue\/produit\/serie-de-5-optiques-canon-fd-zero-optik-ff-pl-o-95-mm-20-24-35-50-85\/"},"modified":"2026-04-04T00:17:13","modified_gmt":"2026-04-03T22:17:13","slug":"serie-de-5-optiques-canon-fd-zero-optik-pl-ff-o95-mm-20-24-35-50-85","status":"publish","type":"product","link":"https:\/\/indie.rent\/catalogue\/produit\/serie-de-5-optiques-canon-fd-zero-optik-pl-ff-o95-mm-20-24-35-50-85\/","title":{"rendered":"S\u00e9rie de 5 Optiques Canon FD ZER\u00d8 OPTIK  PL &#8211; FF &#8211; \u00f895 mm (20-24-35-50-85)"},"content":{"rendered":"","protected":false},"excerpt":{"rendered":"","protected":false},"featured_media":6219,"template":"","meta":{"inline_featured_image":false},"product_brand":[],"product_cat":[1919],"product_tag":[],"class_list":{"0":"post-208","1":"product","2":"type-product","3":"status-publish","4":"has-post-thumbnail","6":"product_cat-optique-spherique-pl","8":"first","9":"instock","10":"taxable","11":"shipping-taxable","12":"purchasable","13":"product-type-rentable"},"acf":[],"_links":{"self":[{"href":"https:\/\/indie.rent\/catalogue\/wp-json\/wp\/v2\/product\/208","targetHints":{"allow":["GET"]}}],"collection":[{"href":"https:\/\/indie.rent\/catalogue\/wp-json\/wp\/v2\/product"}],"about":[{"href":"https:\/\/indie.rent\/catalogue\/wp-json\/wp\/v2\/types\/product"}],"version-history":[{"count":2,"href":"https:\/\/indie.rent\/catalogue\/wp-json\/wp\/v2\/product\/208\/revisions"}],"predecessor-version":[{"id":6249,"href":"https:\/\/indie.rent\/catalogue\/wp-json\/wp\/v2\/product\/208\/revisions\/6249"}],"wp:featuredmedia":[{"embeddable":true,"href":"https:\/\/indie.rent\/catalogue\/wp-json\/wp\/v2\/media\/6219"}],"wp:attachment":[{"href":"https:\/\/indie.rent\/catalogue\/wp-json\/wp\/v2\/media?parent=208"}],"wp:term":[{"taxonomy":"product_brand","embeddable":true,"href":"https:\/\/indie.rent\/catalogue\/wp-json\/wp\/v2\/product_brand?post=208"},{"taxonomy":"product_cat","embeddable":true,"href":"https:\/\/indie.rent\/catalogue\/wp-json\/wp\/v2\/product_cat?post=208"},{"taxonomy":"product_tag","embeddable":true,"href":"https:\/\/indie.rent\/catalogue\/wp-json\/wp\/v2\/product_tag?post=208"}],"curies":[{"name":"wp","href":"https:\/\/api.w.org\/{rel}","templated":true}]}}