{"id":207,"date":"2024-12-10T21:36:49","date_gmt":"2024-12-10T20:36:49","guid":{"rendered":"https:\/\/indie.rent\/catalogue\/produit\/camera-haute-vitesse-freefly-ember-s5k-4tb\/"},"modified":"2026-04-10T10:40:21","modified_gmt":"2026-04-10T08:40:21","slug":"camera-haute-vitesse-freefly-ember-s5k-4tb","status":"publish","type":"product","link":"https:\/\/indie.rent\/catalogue\/produit\/camera-haute-vitesse-freefly-ember-s5k-4tb\/","title":{"rendered":"Cam\u00e9ra Haute Vitesse FreeFly Ember S5K (4TB)"},"content":{"rendered":"<p>L&#8217;Ember S5K peut enregistrer des s\u00e9quences continues \u00e0 grande vitesse sans limite de dur\u00e9e du clip, directement sur un SSD interne de 4TB.<br \/>Il suffit d&#8217;appuyer sur le bouton d&#8217;enregistrement pour qu&#8217;elle capture jusqu&#8217;\u00e0 600 Images\/seconde avec une r\u00e9solution 5K 17:9 (5120&#215;2880).<\/p>\n<p>Le capteur de l&#8217;EMBER est un CMOS S35 (23.04mm x 18.43mm) d&#8217;une r\u00e9solution native de 5 120 x 4 096 (21 Mpx). Le pitch pixels est de 4,5\u03bcm et poss\u00e8de un obturateur \u00e9lectronique global.<\/p>\n<p>La cam\u00e9ra Ember peut \u00eatre contr\u00f4l\u00e9 \u00e0 distance avec l&#8217;application Freefly Ember (Disponible pour Mac OS &amp; IOS uniquement).<\/p>\n<p>Exemples de r\u00e9solutions possibles \u00e0 haute vitesse: <br \/>600fps@ 5120&#215;2880<br \/>800fps@ 4096&#215;2160<br \/>2250fps@ 2560&#215;1440<br \/>2900fps@ 2048&#215;1080<\/p>\n<p>Caract\u00e9ristiques principales:<br \/>&#8211; Capteur: Super 35 CMOS (23.04mm x 18.43mm &#8211; \u00f8 29.50mm)<br \/>&#8211; Dynamique: 11 stops<br \/>&#8211; Obturateur: Global Shutter<br \/>&#8211; Monture de base: PL &amp; Sony E (m\u00e9canique)<br \/>&#8211; Autofocus: Non<br \/>&#8211; Filtres optiques int\u00e9gr\u00e9s: Non<br \/>&#8211; Sensibilit\u00e9: ISO 100 &#8211; 200 &#8211; 400<br \/>&#8211; M\u00e9dias: Disque SSD interne de 4TB<br \/>&#8211; R\u00e9solution d&#8217;enregistrement Max. : 5K 17:9 (5120&#215;2880)<br \/>&#8211; Vitesse maximale d&#8217;enregistrement (images\/seconde): 600@ 5K (5120&#215;2880) \/ 800fps@ 4K (4096&#215;2160)<br \/>&#8211; Codec d&#8217;enregistrement interne: Apple ProRes 422 LT 10bit <br \/>&#8211; RAW externe : Non<br \/>&#8211; Espace colorim\u00e9trique: Rec.709 \/ HLG Beta OETF<br \/>&#8211; Formats Anamorphiques: 2x , 1.5x , 1.3x<br \/>&#8211; Dur\u00e9e d&#8217;enregistrement sur le SSD interne (4TB): 36min @5120&#215;2880, 600fps \/ 45min @4096&#215;2176, 800fps <br \/>&#8211; Sortie video: 1x HD-SDI (via media expender) \/ 1x HDMI Type A (1080p30) <br \/>&#8211; Audio: Non<br \/>&#8211; Connectiques : 1x USB-C (USB 3.2 Gen1x1 &#8211; 5Gb\/s) \/ 1x Entr\u00e9e DC (12V \u00e0 26V) \/ 1x Connecteur GPIO<br \/>&#8211; Consommation: 55 W ( en enregistrant \u00e0 la r\u00e9solution maximale)<br \/>&#8211; Temp\u00e9rature de fonctionnement: De 0 \u00b0C \u00e0 40 \u00b0C<br \/>&#8211; Poids: 852 g (corps cam\u00e9ra nu et sans accessoires)<\/p>\n","protected":false},"excerpt":{"rendered":"<p>L&#8217;Ember S5K peut enregistrer des s\u00e9quences continues \u00e0 grande vitesse sans limite de dur\u00e9e du clip, directement sur un SSD interne de 4TB.Il suffit d&#8217;appuyer sur le bouton d&#8217;enregistrement pour qu&#8217;elle capture jusqu&#8217;\u00e0 600 Images\/seconde avec une r\u00e9solution 5K 17:9 (5120&#215;2880). Le capteur de l&#8217;EMBER est un CMOS S35 (23.04mm x 18.43mm) d&#8217;une r\u00e9solution native [&hellip;]<\/p>\n","protected":false},"featured_media":2664,"template":"","meta":{"inline_featured_image":false},"product_brand":[],"product_cat":[1914],"product_tag":[],"class_list":{"0":"post-207","1":"product","2":"type-product","3":"status-publish","4":"has-post-thumbnail","6":"product_cat-camera-freefly","8":"first","9":"instock","10":"taxable","11":"shipping-taxable","12":"purchasable","13":"product-type-rentable"},"acf":[],"_links":{"self":[{"href":"https:\/\/indie.rent\/catalogue\/wp-json\/wp\/v2\/product\/207","targetHints":{"allow":["GET"]}}],"collection":[{"href":"https:\/\/indie.rent\/catalogue\/wp-json\/wp\/v2\/product"}],"about":[{"href":"https:\/\/indie.rent\/catalogue\/wp-json\/wp\/v2\/types\/product"}],"version-history":[{"count":0,"href":"https:\/\/indie.rent\/catalogue\/wp-json\/wp\/v2\/product\/207\/revisions"}],"wp:featuredmedia":[{"embeddable":true,"href":"https:\/\/indie.rent\/catalogue\/wp-json\/wp\/v2\/media\/2664"}],"wp:attachment":[{"href":"https:\/\/indie.rent\/catalogue\/wp-json\/wp\/v2\/media?parent=207"}],"wp:term":[{"taxonomy":"product_brand","embeddable":true,"href":"https:\/\/indie.rent\/catalogue\/wp-json\/wp\/v2\/product_brand?post=207"},{"taxonomy":"product_cat","embeddable":true,"href":"https:\/\/indie.rent\/catalogue\/wp-json\/wp\/v2\/product_cat?post=207"},{"taxonomy":"product_tag","embeddable":true,"href":"https:\/\/indie.rent\/catalogue\/wp-json\/wp\/v2\/product_tag?post=207"}],"curies":[{"name":"wp","href":"https:\/\/api.w.org\/{rel}","templated":true}]}}