{"id":204,"date":"2024-12-10T21:36:49","date_gmt":"2024-12-10T20:36:49","guid":{"rendered":"https:\/\/indie.rent\/catalogue\/produit\/camera-haute-vitesse-freefly-wave-s35-2tb\/"},"modified":"2026-04-13T19:03:44","modified_gmt":"2026-04-13T17:03:44","slug":"camera-haute-vitesse-freefly-wave-s35-2tb","status":"publish","type":"product","link":"https:\/\/indie.rent\/catalogue\/produit\/camera-haute-vitesse-freefly-wave-s35-2tb\/","title":{"rendered":"Cam\u00e9ra Haute Vitesse FreeFly Wave S35 (2TB)"},"content":{"rendered":"<p>La cam\u00e9ra Freelfly Wave peut enregistrer des s\u00e9quences continues \u00e0 grande vitesse sans limite de dur\u00e9e du clip, directement sur un SSD interne de 2TB. <br \/>Il suffit d&#8217;appuyer sur le bouton d&#8217;enregistrement pour qu&#8217;elle capture jusqu&#8217;\u00e0 422 Image\/seconde avec une r\u00e9solution 4K (4096 x 2176). L&#8217;autonomie avec sa batterie interne est d&#8217;environ 60 minutes en mode enregistrement.<\/p>\n<p>Le capteur de la Wave est un CMOS Super 35 (22.53mm x 16.90mm) d&#8217;une r\u00e9solution native 4K 4:3 de 4096 x 3072 . Le pitch du pixel est de 5,5\u03bcm et poss\u00e8de un obturateur \u00e9lectronique global.<\/p>\n<p>Pour convertir les rushs du format natif de la Wave vers un autre format vid\u00e9o (Apple ProRes, H.264&#8230;), veuillez noter le besoin d&#8217;un ordinateur avec le logiciel Wave Player (Disponible pour Mac OS et Windows).<\/p>\n<p>Caract\u00e9ristiques principales:<\/p>\n<p>&#8211; Capteur: Super 35 CMOS (22.53mm x 16.90mm &#8211; \u00f8 28.16mm)<br \/>&#8211; Dynamique: 10 stops<br \/>&#8211; Obturateur: Global Shutter<br \/>&#8211; Monture de base: Sony E (m\u00e9canique sans contacts \u00e9lectroniques)<br \/>&#8211; Autofocus: Non<br \/>&#8211; Filtres optiques int\u00e9gr\u00e9s: Non<br \/>&#8211; Sensibilit\u00e9: ISO 250<br \/>&#8211; M\u00e9dias: Disque SSD interne de 2TB<br \/>&#8211; R\u00e9solution d&#8217;enregistrement Max. : 4K 4:3 4096 x 3072<br \/>&#8211; Vitesse maximale d&#8217;enregistrement (images\/seconde): 422@4K (4096 x 2176) \/ 1461@2K (2048 x 1088)<br \/>&#8211; Codec d&#8217;enregistrement interne: RGB 10 Bit Compress\u00e9 entre 5:1 et 6:1<br \/>&#8211; RAW externe : Non<br \/>&#8211; Dur\u00e9e d&#8217;enregistrement interne (2TB): 39min @4096 x 2176, 422fps \/ 45min @2048 x 1088, 1461fps<br \/>&#8211; Connectiques: 1x HDMI Type A (1080p30) \/ 1x USB-C (USB 3.2 Gen1x1 &#8211; 5Gb\/s) \/ 1x Entr\u00e9e DC 12V \/ 1x Connecteur GPIO<br \/>&#8211; Consommation: 19 W ( en enregistrant \u00e0 la r\u00e9solution maximale)<br \/>&#8211; Autonomie de la batterie interne: Environ 60 min <br \/>&#8211; Temps de charge de la batterie interne: Environ 90 min<br \/>&#8211; Temp\u00e9rature de fonctionnement: De 0 \u00b0C \u00e0 40 \u00b0C<br \/>&#8211; Poids: 716 g (corps cam\u00e9ra nu et sans accessoires)<\/p>\n","protected":false},"excerpt":{"rendered":"<p>La cam\u00e9ra Freelfly Wave peut enregistrer des s\u00e9quences continues \u00e0 grande vitesse sans limite de dur\u00e9e du clip, directement sur un SSD interne de 2TB. Il suffit d&#8217;appuyer sur le bouton d&#8217;enregistrement pour qu&#8217;elle capture jusqu&#8217;\u00e0 422 Image\/seconde avec une r\u00e9solution 4K (4096 x 2176). L&#8217;autonomie avec sa batterie interne est d&#8217;environ 60 minutes en [&hellip;]<\/p>\n","protected":false},"featured_media":3377,"template":"","meta":{"inline_featured_image":false},"product_brand":[],"product_cat":[1914],"product_tag":[2249],"class_list":{"0":"post-204","1":"product","2":"type-product","3":"status-publish","4":"has-post-thumbnail","6":"product_cat-camera-freefly","7":"product_tag-pas-de-facture","9":"first","10":"instock","11":"taxable","12":"shipping-taxable","13":"purchasable","14":"product-type-rentable"},"acf":[],"_links":{"self":[{"href":"https:\/\/indie.rent\/catalogue\/wp-json\/wp\/v2\/product\/204","targetHints":{"allow":["GET"]}}],"collection":[{"href":"https:\/\/indie.rent\/catalogue\/wp-json\/wp\/v2\/product"}],"about":[{"href":"https:\/\/indie.rent\/catalogue\/wp-json\/wp\/v2\/types\/product"}],"version-history":[{"count":0,"href":"https:\/\/indie.rent\/catalogue\/wp-json\/wp\/v2\/product\/204\/revisions"}],"wp:featuredmedia":[{"embeddable":true,"href":"https:\/\/indie.rent\/catalogue\/wp-json\/wp\/v2\/media\/3377"}],"wp:attachment":[{"href":"https:\/\/indie.rent\/catalogue\/wp-json\/wp\/v2\/media?parent=204"}],"wp:term":[{"taxonomy":"product_brand","embeddable":true,"href":"https:\/\/indie.rent\/catalogue\/wp-json\/wp\/v2\/product_brand?post=204"},{"taxonomy":"product_cat","embeddable":true,"href":"https:\/\/indie.rent\/catalogue\/wp-json\/wp\/v2\/product_cat?post=204"},{"taxonomy":"product_tag","embeddable":true,"href":"https:\/\/indie.rent\/catalogue\/wp-json\/wp\/v2\/product_tag?post=204"}],"curies":[{"name":"wp","href":"https:\/\/api.w.org\/{rel}","templated":true}]}}