{"id":203,"date":"2024-12-10T21:36:48","date_gmt":"2024-12-10T20:36:48","guid":{"rendered":"https:\/\/indie.rent\/catalogue\/produit\/serie-de-3-optiques-laowa-macro-pro2be-21-24mm-t8-full-frame-pl\/"},"modified":"2026-04-04T00:17:14","modified_gmt":"2026-04-03T22:17:14","slug":"serie-de-3-optiques-laowa-macro-pro2be-21-24mm-t8-full-frame-pl","status":"publish","type":"product","link":"https:\/\/indie.rent\/catalogue\/produit\/serie-de-3-optiques-laowa-macro-pro2be-21-24mm-t8-full-frame-pl\/","title":{"rendered":"S\u00e9rie de 3 Optiques Laowa Macro Pro2be  2:1 24mm T8  (Full Frame-PL)"},"content":{"rendered":"<p>Ce kit est compos\u00e9 de 3 objectifs distincts, dont la vue inclinable \u00e0 35 degr\u00e9s.<\/p>\n<p>Le Pro2be offre une ouverture maximale T8, un grossissement 2x et une \u00e9tanch\u00e9it\u00e9 jusqu&#8217;\u00e0 36,6 cm.<br \/>Il s&#8217;agit de la solution tout-en-un permettant de capturer une large gamme de prises de vue, depuis les gros plans extr\u00eames jusqu&#8217;aux prises de vue cin\u00e9matographiques en plong\u00e9e et contre plong\u00e9e.<\/p>\n","protected":false},"excerpt":{"rendered":"<p>Ce kit est compos\u00e9 de 3 objectifs distincts, dont la vue inclinable \u00e0 35 degr\u00e9s. Le Pro2be offre une ouverture maximale T8, un grossissement 2x et une \u00e9tanch\u00e9it\u00e9 jusqu&#8217;\u00e0 36,6 cm.Il s&#8217;agit de la solution tout-en-un permettant de capturer une large gamme de prises de vue, depuis les gros plans extr\u00eames jusqu&#8217;aux prises de vue [&hellip;]<\/p>\n","protected":false},"featured_media":2676,"template":"","meta":{"inline_featured_image":false},"product_brand":[],"product_cat":[1923],"product_tag":[],"class_list":{"0":"post-203","1":"product","2":"type-product","3":"status-publish","4":"has-post-thumbnail","6":"product_cat-optique-macro-pl","8":"first","9":"instock","10":"taxable","11":"shipping-taxable","12":"purchasable","13":"product-type-rentable"},"acf":[],"_links":{"self":[{"href":"https:\/\/indie.rent\/catalogue\/wp-json\/wp\/v2\/product\/203","targetHints":{"allow":["GET"]}}],"collection":[{"href":"https:\/\/indie.rent\/catalogue\/wp-json\/wp\/v2\/product"}],"about":[{"href":"https:\/\/indie.rent\/catalogue\/wp-json\/wp\/v2\/types\/product"}],"version-history":[{"count":2,"href":"https:\/\/indie.rent\/catalogue\/wp-json\/wp\/v2\/product\/203\/revisions"}],"predecessor-version":[{"id":5097,"href":"https:\/\/indie.rent\/catalogue\/wp-json\/wp\/v2\/product\/203\/revisions\/5097"}],"wp:featuredmedia":[{"embeddable":true,"href":"https:\/\/indie.rent\/catalogue\/wp-json\/wp\/v2\/media\/2676"}],"wp:attachment":[{"href":"https:\/\/indie.rent\/catalogue\/wp-json\/wp\/v2\/media?parent=203"}],"wp:term":[{"taxonomy":"product_brand","embeddable":true,"href":"https:\/\/indie.rent\/catalogue\/wp-json\/wp\/v2\/product_brand?post=203"},{"taxonomy":"product_cat","embeddable":true,"href":"https:\/\/indie.rent\/catalogue\/wp-json\/wp\/v2\/product_cat?post=203"},{"taxonomy":"product_tag","embeddable":true,"href":"https:\/\/indie.rent\/catalogue\/wp-json\/wp\/v2\/product_tag?post=203"}],"curies":[{"name":"wp","href":"https:\/\/api.w.org\/{rel}","templated":true}]}}