{"id":199,"date":"2024-12-10T21:36:47","date_gmt":"2024-12-10T20:36:47","guid":{"rendered":"https:\/\/indie.rent\/catalogue\/produit\/nanlux-evoke-2400b\/"},"modified":"2026-04-04T00:19:55","modified_gmt":"2026-04-03T22:19:55","slug":"projecteur-led-nanlux-evoke-2400b-bicolor","status":"publish","type":"product","link":"https:\/\/indie.rent\/catalogue\/produit\/projecteur-led-nanlux-evoke-2400b-bicolor\/","title":{"rendered":"Projecteur LED NANLUX Evoke 2400B &#8211; Bicolor"},"content":{"rendered":"<p>Projecteur bi-color tr\u00e8s haute puissance con\u00e7u pour les grandes configurations et la simulation de lumi\u00e8re naturelle intense.<\/p>\n<p>Caract\u00e9ristiques principales :<\/p>\n<p>Source : LED bi-color<br \/>Temp\u00e9rature de couleur : 2 700K \u2013 6 500K<br \/>CRI \/ TLCI : \u2265 96 \/ \u2265 96<br \/>Monture : NL Mount<br \/>Alimentation : Secteur<br \/>Contr\u00f4le : On-board, Nanlink App, DMX\/RDM, CRMX<br \/>\u00c9tanch\u00e9it\u00e9 : IP55<br \/>Poids (T\u00eate + Ballast) : 26,6 kg<br \/>Consommation \u00e9lectrique : 2 400 W<br \/>Dimensions(T\u00eate): 427.3 \u00d7 316.4 \u00d7 265.1mm<\/p>\n","protected":false},"excerpt":{"rendered":"<p>Projecteur bi-color tr\u00e8s haute puissance con\u00e7u pour les grandes configurations et la simulation de lumi\u00e8re naturelle intense. Caract\u00e9ristiques principales : Source : LED bi-colorTemp\u00e9rature de couleur : 2 700K \u2013 6 500KCRI \/ TLCI : \u2265 96 \/ \u2265 96Monture : NL MountAlimentation : SecteurContr\u00f4le : On-board, Nanlink App, DMX\/RDM, CRMX\u00c9tanch\u00e9it\u00e9 : IP55Poids (T\u00eate + [&hellip;]<\/p>\n","protected":false},"featured_media":2693,"template":"","meta":{"inline_featured_image":false},"product_brand":[],"product_cat":[2013],"product_tag":[],"class_list":{"0":"post-199","1":"product","2":"type-product","3":"status-publish","4":"has-post-thumbnail","6":"product_cat-led-bicolor-ponctuelle","8":"first","9":"instock","10":"taxable","11":"shipping-taxable","12":"purchasable","13":"product-type-rentable"},"acf":[],"_links":{"self":[{"href":"https:\/\/indie.rent\/catalogue\/wp-json\/wp\/v2\/product\/199","targetHints":{"allow":["GET"]}}],"collection":[{"href":"https:\/\/indie.rent\/catalogue\/wp-json\/wp\/v2\/product"}],"about":[{"href":"https:\/\/indie.rent\/catalogue\/wp-json\/wp\/v2\/types\/product"}],"version-history":[{"count":5,"href":"https:\/\/indie.rent\/catalogue\/wp-json\/wp\/v2\/product\/199\/revisions"}],"predecessor-version":[{"id":6517,"href":"https:\/\/indie.rent\/catalogue\/wp-json\/wp\/v2\/product\/199\/revisions\/6517"}],"wp:featuredmedia":[{"embeddable":true,"href":"https:\/\/indie.rent\/catalogue\/wp-json\/wp\/v2\/media\/2693"}],"wp:attachment":[{"href":"https:\/\/indie.rent\/catalogue\/wp-json\/wp\/v2\/media?parent=199"}],"wp:term":[{"taxonomy":"product_brand","embeddable":true,"href":"https:\/\/indie.rent\/catalogue\/wp-json\/wp\/v2\/product_brand?post=199"},{"taxonomy":"product_cat","embeddable":true,"href":"https:\/\/indie.rent\/catalogue\/wp-json\/wp\/v2\/product_cat?post=199"},{"taxonomy":"product_tag","embeddable":true,"href":"https:\/\/indie.rent\/catalogue\/wp-json\/wp\/v2\/product_tag?post=199"}],"curies":[{"name":"wp","href":"https:\/\/api.w.org\/{rel}","templated":true}]}}