{"id":197,"date":"2024-12-10T21:36:41","date_gmt":"2024-12-10T20:36:41","guid":{"rendered":"https:\/\/indie.rent\/catalogue\/produit\/serie-de-6-optiques-zeiss-contax-cine-mod-ef-full-frame\/"},"modified":"2026-04-04T00:19:25","modified_gmt":"2026-04-03T22:19:25","slug":"serie-de-6-optiques-zeiss-contax-cine-mod-ef-full-frame-o82","status":"publish","type":"product","link":"https:\/\/indie.rent\/catalogue\/produit\/serie-de-6-optiques-zeiss-contax-cine-mod-ef-full-frame-o82\/","title":{"rendered":"S\u00e9rie de 6 optiques Zeiss Contax Cine Mod. EF \/ Full Frame \u00d882"},"content":{"rendered":"<p>S\u00e9rie de 6 optiques Zeiss Contax Cin\u00e9-mod\u00e9es en EF \/ Full Frame: 21,25, 35, 50, 85 et 135 mm.<\/p>\n<p>Les optiques Zeiss Contax sont issues du partenariat conclu en 1975 entre Zeiss et le fabricant japonais de lentilles, Yashica.<\/p>\n<p>Les objectifs Contax sont disponibles en versions AEG, AEJ, MMG et MMJ. Les versions \u00ab G \u00bb ont \u00e9t\u00e9 fabriqu\u00e9es en Allemagne tandis que les versions \u00ab J \u00bb ont \u00e9t\u00e9 fabriqu\u00e9es au Japon. Les versions MM (d&#8217;Allemagne et du Japon) ont modifi\u00e9 le style des lames de diaphragme et ajout\u00e9 diff\u00e9rents rev\u00eatements.<\/p>\n<p>Le rev\u00eatement Zeiss T* se trouve sur les Hasselblad, les Super Speeds (G.O T1.3) et les Standard Speeds (T2.1). La grande diff\u00e9rence entre les diff\u00e9rentes versions est le bokeh \u00e9toile &#8220;Ninja&#8221; de l&#8217;AE. Ce dernier est produit garce \u00e0 la conception triangulaire des lames de diaphragme.<\/p>\n<p>Les objectifs Contax Zeiss ont un rendu organique agr\u00e9able sur les capteurs num\u00e9riques modernes et sont souvent surnomm\u00e9s les \u00ab Zeiss Super Speed Plein Format\u00bb.\u00a0<\/p>\n","protected":false},"excerpt":{"rendered":"<p>S\u00e9rie de 6 optiques Zeiss Contax Cin\u00e9-mod\u00e9es en EF \/ Full Frame: 21,25, 35, 50, 85 et 135 mm. Les optiques Zeiss Contax sont issues du partenariat conclu en 1975 entre Zeiss et le fabricant japonais de lentilles, Yashica. Les objectifs Contax sont disponibles en versions AEG, AEJ, MMG et MMJ. Les versions \u00ab G [&hellip;]<\/p>\n","protected":false},"featured_media":6224,"template":"","meta":{"inline_featured_image":false},"product_brand":[],"product_cat":[1926],"product_tag":[],"class_list":{"0":"post-197","1":"product","2":"type-product","3":"status-publish","4":"has-post-thumbnail","6":"product_cat-optique-spherique-ef","8":"first","9":"instock","10":"taxable","11":"shipping-taxable","12":"purchasable","13":"product-type-rentable"},"acf":[],"_links":{"self":[{"href":"https:\/\/indie.rent\/catalogue\/wp-json\/wp\/v2\/product\/197","targetHints":{"allow":["GET"]}}],"collection":[{"href":"https:\/\/indie.rent\/catalogue\/wp-json\/wp\/v2\/product"}],"about":[{"href":"https:\/\/indie.rent\/catalogue\/wp-json\/wp\/v2\/types\/product"}],"version-history":[{"count":3,"href":"https:\/\/indie.rent\/catalogue\/wp-json\/wp\/v2\/product\/197\/revisions"}],"predecessor-version":[{"id":5473,"href":"https:\/\/indie.rent\/catalogue\/wp-json\/wp\/v2\/product\/197\/revisions\/5473"}],"wp:featuredmedia":[{"embeddable":true,"href":"https:\/\/indie.rent\/catalogue\/wp-json\/wp\/v2\/media\/6224"}],"wp:attachment":[{"href":"https:\/\/indie.rent\/catalogue\/wp-json\/wp\/v2\/media?parent=197"}],"wp:term":[{"taxonomy":"product_brand","embeddable":true,"href":"https:\/\/indie.rent\/catalogue\/wp-json\/wp\/v2\/product_brand?post=197"},{"taxonomy":"product_cat","embeddable":true,"href":"https:\/\/indie.rent\/catalogue\/wp-json\/wp\/v2\/product_cat?post=197"},{"taxonomy":"product_tag","embeddable":true,"href":"https:\/\/indie.rent\/catalogue\/wp-json\/wp\/v2\/product_tag?post=197"}],"curies":[{"name":"wp","href":"https:\/\/api.w.org\/{rel}","templated":true}]}}