{"id":195,"date":"2024-12-10T21:36:41","date_gmt":"2024-12-10T20:36:41","guid":{"rendered":"https:\/\/indie.rent\/catalogue\/produit\/moniteur-smallhd-7-ultra-7-avec-recepteur-teradek-bolt-6-integre\/"},"modified":"2026-04-16T18:15:38","modified_gmt":"2026-04-16T16:15:38","slug":"moniteur-smallhd-7-ultra-7-avec-recepteur-teradek-bolt-6-integre","status":"publish","type":"product","link":"https:\/\/indie.rent\/catalogue\/produit\/moniteur-smallhd-7-ultra-7-avec-recepteur-teradek-bolt-6-integre\/","title":{"rendered":"Moniteur SmallHD 7&#8243; &#8211; Ultra 7 avec R\u00e9cepteur Teradek Bolt 6 Int\u00e9gr\u00e9"},"content":{"rendered":"<p>Le moniteur SmallHD Ultra 7 est un moniteur de terrain hautement lumineux et robuste, con\u00e7u pour r\u00e9pondre aux exigences des productions cin\u00e9ma, TV et broadcast modernes. Dot\u00e9 d\u2019un \u00e9cran tactile IPS LCD 7\u2033 tr\u00e8s lisible en plein jour et d\u2019une connectique 6G-SDI et HDMI 2.0 compl\u00e8te, il supporte des workflows 4K ainsi que les outils avanc\u00e9s de monitoring PageOS. Son ch\u00e2ssis r\u00e9sistant aux intemp\u00e9ries est adapt\u00e9 \u00e0 des conditions de tournage difficiles.<\/p>\n<p>Caract\u00e9ristiques techniques :<br \/>Type de panneau : IPS LCD tactile<br \/>Diagonale : 7\u2033<br \/>R\u00e9solution : 1920\u00d71200 pixels (16:10)<br \/>Luminosit\u00e9 Max. : 2300 nits\u00a0<br \/>Contraste : 1000:1<br \/>SDI In\/Out : 1\u00d7 6G-SDI In, 1\u00d7 6G-SDI In\/Out \u2014 jusqu\u2019\u00e0 4Kp30 (UHD\/DCI)\u00a0<br \/>HDMI In\/Out : 1\u00d7 HDMI 2.0 In, 1\u00d7 HDMI 2.0 Out \u2014 jusqu\u2019\u00e0 4Kp60<br \/>Sortie Audio : 1\u00d7 mini-jack 3,5 mm (audio via HDMI\/SDI)\u00a0<br \/>Interface de donn\u00e9es : Slot SD pour LUTs\/firmware, USB 5-pin locking pour contr\u00f4le\/cam\u00e9ra, RJ45 Ethernet pour contr\u00f4le cam\u00e9ra compatible ARRI, RED, Sony VENICE\/BURANO SmallHD+1<br \/>Entr\u00e9es Alimentation : 2\u00d7 2-pin locking (10\u201334 V DC), support batterie V-mount (14 V)<br \/>Sortie Alimentation : Aucune<br \/>Consommation \u00e9lectrique : 34 W\u00a0<br \/>Poids : 0,9 kg<\/p>\n","protected":false},"excerpt":{"rendered":"<p>Le moniteur SmallHD Ultra 7 est un moniteur de terrain hautement lumineux et robuste, con\u00e7u pour r\u00e9pondre aux exigences des productions cin\u00e9ma, TV et broadcast modernes. Dot\u00e9 d\u2019un \u00e9cran tactile IPS LCD 7\u2033 tr\u00e8s lisible en plein jour et d\u2019une connectique 6G-SDI et HDMI 2.0 compl\u00e8te, il supporte des workflows 4K ainsi que les outils [&hellip;]<\/p>\n","protected":false},"featured_media":2719,"template":"","meta":{"inline_featured_image":false},"product_brand":[],"product_cat":[1963],"product_tag":[],"class_list":{"0":"post-195","1":"product","2":"type-product","3":"status-publish","4":"has-post-thumbnail","6":"product_cat-moniteur-7","8":"first","9":"instock","10":"taxable","11":"shipping-taxable","12":"purchasable","13":"product-type-rentable"},"acf":[],"_links":{"self":[{"href":"https:\/\/indie.rent\/catalogue\/wp-json\/wp\/v2\/product\/195","targetHints":{"allow":["GET"]}}],"collection":[{"href":"https:\/\/indie.rent\/catalogue\/wp-json\/wp\/v2\/product"}],"about":[{"href":"https:\/\/indie.rent\/catalogue\/wp-json\/wp\/v2\/types\/product"}],"version-history":[{"count":0,"href":"https:\/\/indie.rent\/catalogue\/wp-json\/wp\/v2\/product\/195\/revisions"}],"wp:featuredmedia":[{"embeddable":true,"href":"https:\/\/indie.rent\/catalogue\/wp-json\/wp\/v2\/media\/2719"}],"wp:attachment":[{"href":"https:\/\/indie.rent\/catalogue\/wp-json\/wp\/v2\/media?parent=195"}],"wp:term":[{"taxonomy":"product_brand","embeddable":true,"href":"https:\/\/indie.rent\/catalogue\/wp-json\/wp\/v2\/product_brand?post=195"},{"taxonomy":"product_cat","embeddable":true,"href":"https:\/\/indie.rent\/catalogue\/wp-json\/wp\/v2\/product_cat?post=195"},{"taxonomy":"product_tag","embeddable":true,"href":"https:\/\/indie.rent\/catalogue\/wp-json\/wp\/v2\/product_tag?post=195"}],"curies":[{"name":"wp","href":"https:\/\/api.w.org\/{rel}","templated":true}]}}