{"id":187,"date":"2024-12-10T21:36:40","date_gmt":"2024-12-10T20:36:40","guid":{"rendered":"https:\/\/indie.rent\/catalogue\/produit\/kit-enregistreur-ovide-koko-10\/"},"modified":"2026-04-13T19:00:12","modified_gmt":"2026-04-13T17:00:12","slug":"enregistreur-video-ovide-koko-10","status":"publish","type":"product","link":"https:\/\/indie.rent\/catalogue\/produit\/enregistreur-video-ovide-koko-10\/","title":{"rendered":"Enregistreur Vid\u00e9o OVIDE Koko 10&#8243;"},"content":{"rendered":"<p>Un moniteur d\u2019enregistrement avec fonctions d\u2019assistance vid\u00e9o entre vos mains.<\/p>\n<p>\u00c9cran tactile 10&#8243; HDR DCI-P3<br \/>Enregistre quatre cam\u00e9ras 1080p60 ou une 4K<br \/>Enregistre Apple ProRes dans un SSD amovible<br \/>Workflow m\u00e9tadonn\u00e9es Digital Cin\u00e9ma <br \/>6\u00d7 entr\u00e9e\/sortie 12G-SDI<\/p>\n<p>Fourni avec Disque SSD<\/p>\n","protected":false},"excerpt":{"rendered":"<p>Un moniteur d\u2019enregistrement avec fonctions d\u2019assistance vid\u00e9o entre vos mains. \u00c9cran tactile 10&#8243; HDR DCI-P3Enregistre quatre cam\u00e9ras 1080p60 ou une 4KEnregistre Apple ProRes dans un SSD amovibleWorkflow m\u00e9tadonn\u00e9es Digital Cin\u00e9ma 6\u00d7 entr\u00e9e\/sortie 12G-SDI Fourni avec Disque SSD<\/p>\n","protected":false},"featured_media":2718,"template":"","meta":{"inline_featured_image":false},"product_brand":[],"product_cat":[1966],"product_tag":[],"class_list":{"0":"post-187","1":"product","2":"type-product","3":"status-publish","4":"has-post-thumbnail","6":"product_cat-enregistreur-video","8":"first","9":"instock","10":"taxable","11":"shipping-taxable","12":"purchasable","13":"product-type-rentable"},"acf":[],"_links":{"self":[{"href":"https:\/\/indie.rent\/catalogue\/wp-json\/wp\/v2\/product\/187","targetHints":{"allow":["GET"]}}],"collection":[{"href":"https:\/\/indie.rent\/catalogue\/wp-json\/wp\/v2\/product"}],"about":[{"href":"https:\/\/indie.rent\/catalogue\/wp-json\/wp\/v2\/types\/product"}],"version-history":[{"count":0,"href":"https:\/\/indie.rent\/catalogue\/wp-json\/wp\/v2\/product\/187\/revisions"}],"wp:featuredmedia":[{"embeddable":true,"href":"https:\/\/indie.rent\/catalogue\/wp-json\/wp\/v2\/media\/2718"}],"wp:attachment":[{"href":"https:\/\/indie.rent\/catalogue\/wp-json\/wp\/v2\/media?parent=187"}],"wp:term":[{"taxonomy":"product_brand","embeddable":true,"href":"https:\/\/indie.rent\/catalogue\/wp-json\/wp\/v2\/product_brand?post=187"},{"taxonomy":"product_cat","embeddable":true,"href":"https:\/\/indie.rent\/catalogue\/wp-json\/wp\/v2\/product_cat?post=187"},{"taxonomy":"product_tag","embeddable":true,"href":"https:\/\/indie.rent\/catalogue\/wp-json\/wp\/v2\/product_tag?post=187"}],"curies":[{"name":"wp","href":"https:\/\/api.w.org\/{rel}","templated":true}]}}