{"id":185,"date":"2024-12-10T21:36:39","date_gmt":"2024-12-10T20:36:39","guid":{"rendered":"https:\/\/indie.rent\/catalogue\/produit\/aputure-ls-600c-pro\/"},"modified":"2026-04-16T18:33:05","modified_gmt":"2026-04-16T16:33:05","slug":"projecteur-led-couleur-aputure-ls-600c-pro","status":"publish","type":"product","link":"https:\/\/indie.rent\/catalogue\/produit\/projecteur-led-couleur-aputure-ls-600c-pro\/","title":{"rendered":"Projecteur LED Couleur APUTURE LS 600C PRO"},"content":{"rendered":"<p>Projecteur RGB puissant con\u00e7u pour cr\u00e9er des ambiances color\u00e9es pr\u00e9cises et dynamiques. Id\u00e9al pour les clips, la publicit\u00e9 ou toute mise en sc\u00e8ne n\u00e9cessitant un contr\u00f4le fin de la couleur.<\/p>\n<p>Caract\u00e9ristiques principales :<\/p>\n<p>Source : LED RGBWW<br \/>Temp\u00e9rature de couleur : 2 300K \u2013 10 000K<br \/>CRI \/ TLCI : \u2265 95 \/ \u2265 96<br \/>Monture : Bowens<br \/>Alimentation : Secteur \/ Batteries V-Mount<br \/>Contr\u00f4le : On-board, Sidus Link App, DMX\/RDM, LumenRadio CRMX<br \/>\u00c9tanch\u00e9it\u00e9 : IP54<br \/>Poids : ~12 kg (t\u00eate + ballast)<br \/>Consommation \u00e9lectrique : 600 W<br \/>Dimensions (t\u00eate) : 320 mm \u00d7 280 mm \u00d7 260 mm<\/p>\n","protected":false},"excerpt":{"rendered":"<p>Projecteur RGB puissant con\u00e7u pour cr\u00e9er des ambiances color\u00e9es pr\u00e9cises et dynamiques. Id\u00e9al pour les clips, la publicit\u00e9 ou toute mise en sc\u00e8ne n\u00e9cessitant un contr\u00f4le fin de la couleur. Caract\u00e9ristiques principales : Source : LED RGBWWTemp\u00e9rature de couleur : 2 300K \u2013 10 000KCRI \/ TLCI : \u2265 95 \/ \u2265 96Monture : BowensAlimentation [&hellip;]<\/p>\n","protected":false},"featured_media":2687,"template":"","meta":{"inline_featured_image":false},"product_brand":[],"product_cat":[2006],"product_tag":[],"class_list":{"0":"post-185","1":"product","2":"type-product","3":"status-publish","4":"has-post-thumbnail","6":"product_cat-led-couleur-ponctuelle","8":"first","9":"instock","10":"taxable","11":"shipping-taxable","12":"purchasable","13":"product-type-rentable"},"acf":[],"_links":{"self":[{"href":"https:\/\/indie.rent\/catalogue\/wp-json\/wp\/v2\/product\/185","targetHints":{"allow":["GET"]}}],"collection":[{"href":"https:\/\/indie.rent\/catalogue\/wp-json\/wp\/v2\/product"}],"about":[{"href":"https:\/\/indie.rent\/catalogue\/wp-json\/wp\/v2\/types\/product"}],"version-history":[{"count":0,"href":"https:\/\/indie.rent\/catalogue\/wp-json\/wp\/v2\/product\/185\/revisions"}],"wp:featuredmedia":[{"embeddable":true,"href":"https:\/\/indie.rent\/catalogue\/wp-json\/wp\/v2\/media\/2687"}],"wp:attachment":[{"href":"https:\/\/indie.rent\/catalogue\/wp-json\/wp\/v2\/media?parent=185"}],"wp:term":[{"taxonomy":"product_brand","embeddable":true,"href":"https:\/\/indie.rent\/catalogue\/wp-json\/wp\/v2\/product_brand?post=185"},{"taxonomy":"product_cat","embeddable":true,"href":"https:\/\/indie.rent\/catalogue\/wp-json\/wp\/v2\/product_cat?post=185"},{"taxonomy":"product_tag","embeddable":true,"href":"https:\/\/indie.rent\/catalogue\/wp-json\/wp\/v2\/product_tag?post=185"}],"curies":[{"name":"wp","href":"https:\/\/api.w.org\/{rel}","templated":true}]}}