{"id":184,"date":"2024-12-10T21:36:39","date_gmt":"2024-12-10T20:36:39","guid":{"rendered":"https:\/\/indie.rent\/catalogue\/produit\/serie-de-5-filtres-tiffen-white-promist-4x5-65-1-8-1-4-1-2-1-2\/"},"modified":"2026-04-14T17:10:49","modified_gmt":"2026-04-14T15:10:49","slug":"serie-de-5-filtres-tiffen-white-promist-4x5-65-1-8-1-4-1-2-1-2","status":"publish","type":"product","link":"https:\/\/indie.rent\/catalogue\/produit\/serie-de-5-filtres-tiffen-white-promist-4x5-65-1-8-1-4-1-2-1-2\/","title":{"rendered":"S\u00e9rie de 5 Filtres Tiffen White Promist  4&#215;5.65&#8243; (1\/8 &#8211; 1\/4 &#8211; 1\/2 &#8211; 1 &#8211; 2)"},"content":{"rendered":"<p>Les filtres Tiffen White Pro-Mist permettent de r\u00e9duire la valeur des hautes lumi\u00e8res tout en r\u00e9duisant sensiblement le contraste. Ce filtre est particuli\u00e8rement utile pour lisser et att\u00e9nuer les rides du visage et autres imperfections. Bien que con\u00e7u pour \u00eatre utilis\u00e9 avec des films, ce filtre peut \u00e9galement \u00eatre utilis\u00e9 pour des applications de mode et de beaut\u00e9. Contrairement aux filtres traditionnels de diffusion, les filtres White Pro-Mist permettent peu de perte de d\u00e9tails dans l\u2019image. La densit\u00e9 1 \/ 8 offre moins de contraste et de r\u00e9duction des reflets par rapport au 1 \/ 4, tout en permettant une qualit\u00e9 de lumi\u00e8re douce et semblable \u00e0 celle d&#8217;un pastel.<\/p>\n","protected":false},"excerpt":{"rendered":"<p>Les filtres Tiffen White Pro-Mist permettent de r\u00e9duire la valeur des hautes lumi\u00e8res tout en r\u00e9duisant sensiblement le contraste. Ce filtre est particuli\u00e8rement utile pour lisser et att\u00e9nuer les rides du visage et autres imperfections. Bien que con\u00e7u pour \u00eatre utilis\u00e9 avec des films, ce filtre peut \u00e9galement \u00eatre utilis\u00e9 pour des applications de mode [&hellip;]<\/p>\n","protected":false},"featured_media":2634,"template":"","meta":{"inline_featured_image":false},"product_brand":[],"product_cat":[1938],"product_tag":[],"class_list":{"0":"post-184","1":"product","2":"type-product","3":"status-publish","4":"has-post-thumbnail","6":"product_cat-filtres-4x5-6-effets","8":"first","9":"instock","10":"taxable","11":"shipping-taxable","12":"purchasable","13":"product-type-rentable"},"acf":[],"_links":{"self":[{"href":"https:\/\/indie.rent\/catalogue\/wp-json\/wp\/v2\/product\/184","targetHints":{"allow":["GET"]}}],"collection":[{"href":"https:\/\/indie.rent\/catalogue\/wp-json\/wp\/v2\/product"}],"about":[{"href":"https:\/\/indie.rent\/catalogue\/wp-json\/wp\/v2\/types\/product"}],"version-history":[{"count":0,"href":"https:\/\/indie.rent\/catalogue\/wp-json\/wp\/v2\/product\/184\/revisions"}],"wp:featuredmedia":[{"embeddable":true,"href":"https:\/\/indie.rent\/catalogue\/wp-json\/wp\/v2\/media\/2634"}],"wp:attachment":[{"href":"https:\/\/indie.rent\/catalogue\/wp-json\/wp\/v2\/media?parent=184"}],"wp:term":[{"taxonomy":"product_brand","embeddable":true,"href":"https:\/\/indie.rent\/catalogue\/wp-json\/wp\/v2\/product_brand?post=184"},{"taxonomy":"product_cat","embeddable":true,"href":"https:\/\/indie.rent\/catalogue\/wp-json\/wp\/v2\/product_cat?post=184"},{"taxonomy":"product_tag","embeddable":true,"href":"https:\/\/indie.rent\/catalogue\/wp-json\/wp\/v2\/product_tag?post=184"}],"curies":[{"name":"wp","href":"https:\/\/api.w.org\/{rel}","templated":true}]}}