{"id":176,"date":"2024-12-10T21:36:38","date_gmt":"2024-12-10T20:36:38","guid":{"rendered":"https:\/\/indie.rent\/catalogue\/produit\/moniteur-smallhd-7-703-ultra-bright-avec-recepteur-teradek-sidekick-integre\/"},"modified":"2026-04-16T18:18:24","modified_gmt":"2026-04-16T16:18:24","slug":"moniteur-smallhd-7-703-ultra-bright-avec-recepteur-teradek-sidekick-integre","status":"publish","type":"product","link":"https:\/\/indie.rent\/catalogue\/produit\/moniteur-smallhd-7-703-ultra-bright-avec-recepteur-teradek-sidekick-integre\/","title":{"rendered":"Moniteur SmallHD 7&#8243; &#8211; 703 Ultra Bright avec R\u00e9cepteur Teradek Sidekick Int\u00e9gr\u00e9"},"content":{"rendered":"<p>Le moniteur SmallHD 7\u2033 \u2013 703 UltraBright est un moniteur de terrain professionnel tr\u00e8s haute luminosit\u00e9, con\u00e7u pour offrir une image nette et visible m\u00eame en plein jour. Il combine un \u00e9cran LCD Full HD \u00e0 tr\u00e8s forte luminosit\u00e9 avec une connectique SDI et HDMI compl\u00e8te, prise en charge de LUTs et fonctions d\u2019assistance avanc\u00e9es pour une int\u00e9gration fluide dans les workflows cam\u00e9ra, broadcast ou cin\u00e9ma.\u00a0<\/p>\n<p>Caract\u00e9ristiques techniques :<br \/>Type de panneau : IPS (LTPS) LCD<br \/>Diagonale : 7\u2033<br \/>R\u00e9solution : 1920\u00d71080 pixels (Full HD)<br \/>Luminosit\u00e9 Max. : 2200 nits<br \/>Contraste : ~1200:1<br \/>SDI In\/Out :2\u00d7 3G-SDI In, 1\u00d7 3G-SDI Out \u2014 jusqu\u2019\u00e0 1080p60<br \/>Sortie Audio : 1\u00d7 mini-jack 3,5 mm<br \/>Interface de donn\u00e9es : 1\u00d7 Slot Carte SD, 1\u00d7 lemo 5 pin USB<br \/>Entr\u00e9es Alimentation : LEMO 2-pin (12\u201324 V DC), 1\u00d7 Support Batterie V-mount (14 V)<br \/>Sortie Alimentation : LEMO 2-pin<br \/>Consommation \u00e9lectrique : env. 13 W<br \/>Poids : 0,75 kg<\/p>\n","protected":false},"excerpt":{"rendered":"<p>Le moniteur SmallHD 7\u2033 \u2013 703 UltraBright est un moniteur de terrain professionnel tr\u00e8s haute luminosit\u00e9, con\u00e7u pour offrir une image nette et visible m\u00eame en plein jour. Il combine un \u00e9cran LCD Full HD \u00e0 tr\u00e8s forte luminosit\u00e9 avec une connectique SDI et HDMI compl\u00e8te, prise en charge de LUTs et fonctions d\u2019assistance avanc\u00e9es [&hellip;]<\/p>\n","protected":false},"featured_media":2755,"template":"","meta":{"inline_featured_image":false},"product_brand":[],"product_cat":[1963],"product_tag":[],"class_list":{"0":"post-176","1":"product","2":"type-product","3":"status-publish","4":"has-post-thumbnail","6":"product_cat-moniteur-7","8":"first","9":"instock","10":"taxable","11":"shipping-taxable","12":"purchasable","13":"product-type-rentable"},"acf":[],"_links":{"self":[{"href":"https:\/\/indie.rent\/catalogue\/wp-json\/wp\/v2\/product\/176","targetHints":{"allow":["GET"]}}],"collection":[{"href":"https:\/\/indie.rent\/catalogue\/wp-json\/wp\/v2\/product"}],"about":[{"href":"https:\/\/indie.rent\/catalogue\/wp-json\/wp\/v2\/types\/product"}],"version-history":[{"count":0,"href":"https:\/\/indie.rent\/catalogue\/wp-json\/wp\/v2\/product\/176\/revisions"}],"wp:featuredmedia":[{"embeddable":true,"href":"https:\/\/indie.rent\/catalogue\/wp-json\/wp\/v2\/media\/2755"}],"wp:attachment":[{"href":"https:\/\/indie.rent\/catalogue\/wp-json\/wp\/v2\/media?parent=176"}],"wp:term":[{"taxonomy":"product_brand","embeddable":true,"href":"https:\/\/indie.rent\/catalogue\/wp-json\/wp\/v2\/product_brand?post=176"},{"taxonomy":"product_cat","embeddable":true,"href":"https:\/\/indie.rent\/catalogue\/wp-json\/wp\/v2\/product_cat?post=176"},{"taxonomy":"product_tag","embeddable":true,"href":"https:\/\/indie.rent\/catalogue\/wp-json\/wp\/v2\/product_tag?post=176"}],"curies":[{"name":"wp","href":"https:\/\/api.w.org\/{rel}","templated":true}]}}