{"id":174,"date":"2024-12-10T21:36:37","date_gmt":"2024-12-10T20:36:37","guid":{"rendered":"https:\/\/indie.rent\/catalogue\/produit\/cmotion-panbar-zoom\/"},"modified":"2026-04-15T17:48:21","modified_gmt":"2026-04-15T15:48:21","slug":"cmotion-panbar-zoom","status":"publish","type":"product","link":"https:\/\/indie.rent\/catalogue\/produit\/cmotion-panbar-zoom\/","title":{"rendered":"Cmotion PanBar Zoom"},"content":{"rendered":"<p>Le Pan Bar Zoom Cvolution est une commande de zoom compacte et polyvalente, \u00e9quip\u00e9e d&#8217;un clamp qui lui permet d&#8217;\u00eatre fix\u00e9 \u00e0 des tiges de 15mm \u00e0 32mm de diam\u00e8tre. <br \/>Il peut donc \u00eatre utilis\u00e9 sur un gimbal, un steadicam ou simplement sur un manche de t\u00eate fluide.<br \/>Le pan bar zoom est \u00e9galement \u00e9quip\u00e9 d&#8217;un connecteur LBUS permettant d&#8217;\u00eatre connect\u00e9 au r\u00e9cepteur Camin CVolution ou directement au moteur Cmotion CForce. <\/p>\n","protected":false},"excerpt":{"rendered":"<p>Le Pan Bar Zoom Cvolution est une commande de zoom compacte et polyvalente, \u00e9quip\u00e9e d&#8217;un clamp qui lui permet d&#8217;\u00eatre fix\u00e9 \u00e0 des tiges de 15mm \u00e0 32mm de diam\u00e8tre. Il peut donc \u00eatre utilis\u00e9 sur un gimbal, un steadicam ou simplement sur un manche de t\u00eate fluide.Le pan bar zoom est \u00e9galement \u00e9quip\u00e9 d&#8217;un [&hellip;]<\/p>\n","protected":false},"featured_media":2675,"template":"","meta":{"inline_featured_image":false},"product_brand":[],"product_cat":[1957],"product_tag":[],"class_list":{"0":"post-174","1":"product","2":"type-product","3":"status-publish","4":"has-post-thumbnail","6":"product_cat-follow-focus-hf","8":"first","9":"instock","10":"taxable","11":"shipping-taxable","12":"purchasable","13":"product-type-rentable"},"acf":[],"_links":{"self":[{"href":"https:\/\/indie.rent\/catalogue\/wp-json\/wp\/v2\/product\/174","targetHints":{"allow":["GET"]}}],"collection":[{"href":"https:\/\/indie.rent\/catalogue\/wp-json\/wp\/v2\/product"}],"about":[{"href":"https:\/\/indie.rent\/catalogue\/wp-json\/wp\/v2\/types\/product"}],"version-history":[{"count":0,"href":"https:\/\/indie.rent\/catalogue\/wp-json\/wp\/v2\/product\/174\/revisions"}],"wp:featuredmedia":[{"embeddable":true,"href":"https:\/\/indie.rent\/catalogue\/wp-json\/wp\/v2\/media\/2675"}],"wp:attachment":[{"href":"https:\/\/indie.rent\/catalogue\/wp-json\/wp\/v2\/media?parent=174"}],"wp:term":[{"taxonomy":"product_brand","embeddable":true,"href":"https:\/\/indie.rent\/catalogue\/wp-json\/wp\/v2\/product_brand?post=174"},{"taxonomy":"product_cat","embeddable":true,"href":"https:\/\/indie.rent\/catalogue\/wp-json\/wp\/v2\/product_cat?post=174"},{"taxonomy":"product_tag","embeddable":true,"href":"https:\/\/indie.rent\/catalogue\/wp-json\/wp\/v2\/product_tag?post=174"}],"curies":[{"name":"wp","href":"https:\/\/api.w.org\/{rel}","templated":true}]}}