{"id":168,"date":"2024-12-10T21:36:37","date_gmt":"2024-12-10T20:36:37","guid":{"rendered":"https:\/\/indie.rent\/catalogue\/produit\/moniteur-smallhd-5-ultra-5\/"},"modified":"2026-04-30T16:44:24","modified_gmt":"2026-04-30T14:44:24","slug":"moniteur-smallhd-5-ultra-5","status":"publish","type":"product","link":"https:\/\/indie.rent\/catalogue\/produit\/moniteur-smallhd-5-ultra-5\/","title":{"rendered":"Moniteur SmallHD 5&#8243; &#8211; Ultra 5"},"content":{"rendered":"<p>Le SmallHD Ultra 5 (V-Mount) est un moniteur tactile de 5\u2033. Compact, il offre une luminosit\u00e9 de 3000 nits, une gamme de couleur DCI P3, une entr\u00e9e\/sortie 3G-SDI, une entr\u00e9e\/sortie HDMI 2.0, un port Ethernet pour le contr\u00f4le de cam\u00e9ra ARRI et Sony VENICE, une entr\u00e9e d\u2019alimentation verrouillable \u00e0 2 broches et un port USB verrouillable \u00e0 5 broches (pour RED Camera Control).<\/p>\n<p>C\u00f4t\u00e9 ergonomie, il b\u00e9n\u00e9ficie de boutons physiques sur l\u2019avant, tr\u00e8s utile pour un contr\u00f4le maximal par temps froid.<\/p>\n<p>\u00a0<\/p>\n<p>Caract\u00e9ristiques techniques:<br \/>&#8211; Type de panneau: LCD Tactile<br \/>&#8211; Diagonale: 5&#8243;<br \/>&#8211; R\u00e9solution: Full HD 1920&#215;1080 pixels<br \/>&#8211; Luminosit\u00e9 Max.: 3000 nits<br \/>&#8211; SDI In\/Out: 1x 3G-SDI in, 1x 3G-SDI out<br \/>&#8211; HDMI In\/Out: 1x HDMI In, 1x HDMI Out<br \/>&#8211; Sortie Audio: 1x 3.5mm mini-jack stereo<br \/>&#8211; Interface de donn\u00e9es: 1x Slot Carte SD, 1x RJ45 Ethernet,<br \/>&#8211; Entr\u00e9es Alimentation DC: 1x Lemo 2 ((10-34V DC, 2.1A)), 1x Support Batterie V-mount <br \/>&#8211; Poids: 482 g<\/p>\n","protected":false},"excerpt":{"rendered":"<p>Le SmallHD Ultra 5 (V-Mount) est un moniteur tactile de 5\u2033. Compact, il offre une luminosit\u00e9 de 3000 nits, une gamme de couleur DCI P3, une entr\u00e9e\/sortie 3G-SDI, une entr\u00e9e\/sortie HDMI 2.0, un port Ethernet pour le contr\u00f4le de cam\u00e9ra ARRI et Sony VENICE, une entr\u00e9e d\u2019alimentation verrouillable \u00e0 2 broches et un port USB [&hellip;]<\/p>\n","protected":false},"featured_media":2698,"template":"","meta":{"inline_featured_image":false},"product_brand":[],"product_cat":[1962],"product_tag":[],"class_list":{"0":"post-168","1":"product","2":"type-product","3":"status-publish","4":"has-post-thumbnail","6":"product_cat-moniteur-5","8":"first","9":"instock","10":"taxable","11":"shipping-taxable","12":"purchasable","13":"product-type-rentable"},"acf":[],"_links":{"self":[{"href":"https:\/\/indie.rent\/catalogue\/wp-json\/wp\/v2\/product\/168","targetHints":{"allow":["GET"]}}],"collection":[{"href":"https:\/\/indie.rent\/catalogue\/wp-json\/wp\/v2\/product"}],"about":[{"href":"https:\/\/indie.rent\/catalogue\/wp-json\/wp\/v2\/types\/product"}],"version-history":[{"count":0,"href":"https:\/\/indie.rent\/catalogue\/wp-json\/wp\/v2\/product\/168\/revisions"}],"wp:featuredmedia":[{"embeddable":true,"href":"https:\/\/indie.rent\/catalogue\/wp-json\/wp\/v2\/media\/2698"}],"wp:attachment":[{"href":"https:\/\/indie.rent\/catalogue\/wp-json\/wp\/v2\/media?parent=168"}],"wp:term":[{"taxonomy":"product_brand","embeddable":true,"href":"https:\/\/indie.rent\/catalogue\/wp-json\/wp\/v2\/product_brand?post=168"},{"taxonomy":"product_cat","embeddable":true,"href":"https:\/\/indie.rent\/catalogue\/wp-json\/wp\/v2\/product_cat?post=168"},{"taxonomy":"product_tag","embeddable":true,"href":"https:\/\/indie.rent\/catalogue\/wp-json\/wp\/v2\/product_tag?post=168"}],"curies":[{"name":"wp","href":"https:\/\/api.w.org\/{rel}","templated":true}]}}