{"id":167,"date":"2024-12-10T21:36:36","date_gmt":"2024-12-10T20:36:36","guid":{"rendered":"https:\/\/indie.rent\/catalogue\/produit\/kit-aputure-mc-pro-8-light\/"},"modified":"2026-04-16T17:02:01","modified_gmt":"2026-04-16T15:02:01","slug":"minette-aputure-kit-mc-pro-8-light","status":"publish","type":"product","link":"https:\/\/indie.rent\/catalogue\/produit\/minette-aputure-kit-mc-pro-8-light\/","title":{"rendered":"Minette APUTURE Kit MC Pro 8-light"},"content":{"rendered":"<p>Kit de 8 mini projecteurs RGBWW ultra compacts, id\u00e9al pour cr\u00e9er rapidement des ambiances lumineuses, effets de couleur ou \u00e9clairages discrets directement sur d\u00e9cor.<\/p>\n<p>Caract\u00e9ristiques principales :<\/p>\n<p>Source : LED RGBWW<br \/>Temp\u00e9rature de couleur : 2 000K \u2013 10 000K<br \/>CRI \/ TLCI : \u2265 95 \/ \u2265 96<br \/>Monture : Magn\u00e9tique int\u00e9gr\u00e9e + pas de vis 1\/4&#8243;-20<br \/>Alimentation : Batterie interne rechargeable + charge sans fil (\u00e9tui)<br \/>Contr\u00f4le : On-board, Sidus Link App, CRMX<br \/>\u00c9tanch\u00e9it\u00e9 : IP65<br \/>Poids : 247 g par unit\u00e9 \/ 9,3 kg (kit complet)<br \/>Consommation \u00e9lectrique : ~5 W par unit\u00e9<br \/>Dimensions : 108 mm \u00d7 70 mm \u00d7 25 mm (par unit\u00e9)<\/p>\n","protected":false},"excerpt":{"rendered":"<p>Kit de 8 mini projecteurs RGBWW ultra compacts, id\u00e9al pour cr\u00e9er rapidement des ambiances lumineuses, effets de couleur ou \u00e9clairages discrets directement sur d\u00e9cor. Caract\u00e9ristiques principales : Source : LED RGBWWTemp\u00e9rature de couleur : 2 000K \u2013 10 000KCRI \/ TLCI : \u2265 95 \/ \u2265 96Monture : Magn\u00e9tique int\u00e9gr\u00e9e + pas de vis 1\/4&#8243;-20Alimentation [&hellip;]<\/p>\n","protected":false},"featured_media":2747,"template":"","meta":{"inline_featured_image":false},"product_brand":[],"product_cat":[2010],"product_tag":[],"class_list":{"0":"post-167","1":"product","2":"type-product","3":"status-publish","4":"has-post-thumbnail","6":"product_cat-minette-led-couleur","8":"first","9":"instock","10":"taxable","11":"shipping-taxable","12":"purchasable","13":"product-type-rentable"},"acf":[],"_links":{"self":[{"href":"https:\/\/indie.rent\/catalogue\/wp-json\/wp\/v2\/product\/167","targetHints":{"allow":["GET"]}}],"collection":[{"href":"https:\/\/indie.rent\/catalogue\/wp-json\/wp\/v2\/product"}],"about":[{"href":"https:\/\/indie.rent\/catalogue\/wp-json\/wp\/v2\/types\/product"}],"version-history":[{"count":0,"href":"https:\/\/indie.rent\/catalogue\/wp-json\/wp\/v2\/product\/167\/revisions"}],"wp:featuredmedia":[{"embeddable":true,"href":"https:\/\/indie.rent\/catalogue\/wp-json\/wp\/v2\/media\/2747"}],"wp:attachment":[{"href":"https:\/\/indie.rent\/catalogue\/wp-json\/wp\/v2\/media?parent=167"}],"wp:term":[{"taxonomy":"product_brand","embeddable":true,"href":"https:\/\/indie.rent\/catalogue\/wp-json\/wp\/v2\/product_brand?post=167"},{"taxonomy":"product_cat","embeddable":true,"href":"https:\/\/indie.rent\/catalogue\/wp-json\/wp\/v2\/product_cat?post=167"},{"taxonomy":"product_tag","embeddable":true,"href":"https:\/\/indie.rent\/catalogue\/wp-json\/wp\/v2\/product_tag?post=167"}],"curies":[{"name":"wp","href":"https:\/\/api.w.org\/{rel}","templated":true}]}}