{"id":166,"date":"2024-12-10T21:36:36","date_gmt":"2024-12-10T20:36:36","guid":{"rendered":"https:\/\/indie.rent\/catalogue\/produit\/crosse-epaule-smallrig-pro-4274\/"},"modified":"2026-04-15T17:51:50","modified_gmt":"2026-04-15T15:51:50","slug":"crosse-epaule-smallrig-pro-4274","status":"publish","type":"product","link":"https:\/\/indie.rent\/catalogue\/produit\/crosse-epaule-smallrig-pro-4274\/","title":{"rendered":"Crosse Epaule Smallrig Pro 4274"},"content":{"rendered":"<p>La crosse \u00e9paule SmallRig Shoulder Rig Kit (Pro) 4274 est une solution polyvalente et ergonomique pour la prise de vue \u00e0 l&#8217;\u00e9paule.<\/p>\n<p>Son \u00e9pauli\u00e8re en silicone offre une exp\u00e9rience de prise de vue confortable, tandis que la plaque de base \u00e0 d\u00e9gagement rapide VCT-14 int\u00e9gr\u00e9e permet de basculer facilement entre le mode \u00e9paule et le mode tr\u00e9pied.<\/p>\n<p>La plaque sup\u00e9rieure \u00e0 d\u00e9gagement rapide comporte \u00e9galement une structure \u00e0 deux couches pour un r\u00e9glage rapide du centre de gravit\u00e9 avant et arri\u00e8re, et le bras d&#8217;extension r\u00e9glable peut r\u00e9pondre \u00e0 diff\u00e9rents besoins de longueur.<\/p>\n<p>Les poign\u00e9es sont \u00e9galement con\u00e7ues avec une surface en silicone pour une prise confortable et peuvent \u00eatre ajust\u00e9es \u00e0 diff\u00e9rents angles pour plus de commodit\u00e9.<\/p>\n","protected":false},"excerpt":{"rendered":"<p>La crosse \u00e9paule SmallRig Shoulder Rig Kit (Pro) 4274 est une solution polyvalente et ergonomique pour la prise de vue \u00e0 l&#8217;\u00e9paule. Son \u00e9pauli\u00e8re en silicone offre une exp\u00e9rience de prise de vue confortable, tandis que la plaque de base \u00e0 d\u00e9gagement rapide VCT-14 int\u00e9gr\u00e9e permet de basculer facilement entre le mode \u00e9paule et le [&hellip;]<\/p>\n","protected":false},"featured_media":2749,"template":"","meta":{"inline_featured_image":false},"product_brand":[],"product_cat":[1946],"product_tag":[2249],"class_list":{"0":"post-166","1":"product","2":"type-product","3":"status-publish","4":"has-post-thumbnail","6":"product_cat-rig-camera","7":"product_tag-pas-de-facture","9":"first","10":"instock","11":"taxable","12":"shipping-taxable","13":"purchasable","14":"product-type-rentable"},"acf":[],"_links":{"self":[{"href":"https:\/\/indie.rent\/catalogue\/wp-json\/wp\/v2\/product\/166","targetHints":{"allow":["GET"]}}],"collection":[{"href":"https:\/\/indie.rent\/catalogue\/wp-json\/wp\/v2\/product"}],"about":[{"href":"https:\/\/indie.rent\/catalogue\/wp-json\/wp\/v2\/types\/product"}],"version-history":[{"count":0,"href":"https:\/\/indie.rent\/catalogue\/wp-json\/wp\/v2\/product\/166\/revisions"}],"wp:featuredmedia":[{"embeddable":true,"href":"https:\/\/indie.rent\/catalogue\/wp-json\/wp\/v2\/media\/2749"}],"wp:attachment":[{"href":"https:\/\/indie.rent\/catalogue\/wp-json\/wp\/v2\/media?parent=166"}],"wp:term":[{"taxonomy":"product_brand","embeddable":true,"href":"https:\/\/indie.rent\/catalogue\/wp-json\/wp\/v2\/product_brand?post=166"},{"taxonomy":"product_cat","embeddable":true,"href":"https:\/\/indie.rent\/catalogue\/wp-json\/wp\/v2\/product_cat?post=166"},{"taxonomy":"product_tag","embeddable":true,"href":"https:\/\/indie.rent\/catalogue\/wp-json\/wp\/v2\/product_tag?post=166"}],"curies":[{"name":"wp","href":"https:\/\/api.w.org\/{rel}","templated":true}]}}