{"id":1640,"date":"2025-02-11T09:38:57","date_gmt":"2025-02-11T08:38:57","guid":{"rendered":"https:\/\/indie.rent\/catalogue\/produit\/plaque-a-decentrement-proaim-dovetail-60-cm\/"},"modified":"2026-04-30T16:50:07","modified_gmt":"2026-04-30T14:50:07","slug":"plaque-a-decentrement-proaim-dovetail-60-cm","status":"publish","type":"product","link":"https:\/\/indie.rent\/catalogue\/produit\/plaque-a-decentrement-proaim-dovetail-60-cm\/","title":{"rendered":"Plaque \u00e0 D\u00e9centrement Proaim (Dovetail) 60 cm"},"content":{"rendered":"<p>La plaque \u00e0 d\u00e9centrement Proaim facilite l\u2019\u00e9quilibrage des configurations cam\u00e9ra lourdes tout en assurant un maintien fiable.<\/p>\n<p>Compatible avec les syst\u00e8mes de fixation ARRI, elle offre une excellente stabilit\u00e9 gr\u00e2ce \u00e0 ses dispositifs de s\u00e9curit\u00e9 int\u00e9gr\u00e9s. \u00c9quip\u00e9e de pas de vis 3\/8 et 1\/4, elle se monte facilement sur tr\u00e9pieds et platines rapides.<\/p>\n","protected":false},"excerpt":{"rendered":"<p>La plaque \u00e0 d\u00e9centrement Proaim facilite l\u2019\u00e9quilibrage des configurations cam\u00e9ra lourdes tout en assurant un maintien fiable. Compatible avec les syst\u00e8mes de fixation ARRI, elle offre une excellente stabilit\u00e9 gr\u00e2ce \u00e0 ses dispositifs de s\u00e9curit\u00e9 int\u00e9gr\u00e9s. \u00c9quip\u00e9e de pas de vis 3\/8 et 1\/4, elle se monte facilement sur tr\u00e9pieds et platines rapides.<\/p>\n","protected":false},"featured_media":2793,"template":"","meta":{"inline_featured_image":false},"product_brand":[],"product_cat":[1947],"product_tag":[],"class_list":{"0":"post-1640","1":"product","2":"type-product","3":"status-publish","4":"has-post-thumbnail","6":"product_cat-quick-release-plate","8":"first","9":"instock","10":"taxable","11":"shipping-taxable","12":"purchasable","13":"product-type-rentable"},"acf":[],"_links":{"self":[{"href":"https:\/\/indie.rent\/catalogue\/wp-json\/wp\/v2\/product\/1640","targetHints":{"allow":["GET"]}}],"collection":[{"href":"https:\/\/indie.rent\/catalogue\/wp-json\/wp\/v2\/product"}],"about":[{"href":"https:\/\/indie.rent\/catalogue\/wp-json\/wp\/v2\/types\/product"}],"version-history":[{"count":0,"href":"https:\/\/indie.rent\/catalogue\/wp-json\/wp\/v2\/product\/1640\/revisions"}],"wp:featuredmedia":[{"embeddable":true,"href":"https:\/\/indie.rent\/catalogue\/wp-json\/wp\/v2\/media\/2793"}],"wp:attachment":[{"href":"https:\/\/indie.rent\/catalogue\/wp-json\/wp\/v2\/media?parent=1640"}],"wp:term":[{"taxonomy":"product_brand","embeddable":true,"href":"https:\/\/indie.rent\/catalogue\/wp-json\/wp\/v2\/product_brand?post=1640"},{"taxonomy":"product_cat","embeddable":true,"href":"https:\/\/indie.rent\/catalogue\/wp-json\/wp\/v2\/product_cat?post=1640"},{"taxonomy":"product_tag","embeddable":true,"href":"https:\/\/indie.rent\/catalogue\/wp-json\/wp\/v2\/product_tag?post=1640"}],"curies":[{"name":"wp","href":"https:\/\/api.w.org\/{rel}","templated":true}]}}