{"id":1583,"date":"2025-01-10T17:32:42","date_gmt":"2025-01-10T16:32:42","guid":{"rendered":"https:\/\/indie.rent\/catalogue\/produit\/kit-teradek-bolt-3000-1x-tx-2x-rx-1x-moniteur-smallhd-703-ultra-bright-avec-sidekick-rx\/"},"modified":"2026-04-13T19:02:54","modified_gmt":"2026-04-13T17:02:54","slug":"kit-teradek-bolt-3000-1x-tx-2x-rx-1x-moniteur-smallhd-703-ultra-bright-avec-sidekick-rx","status":"publish","type":"product","link":"https:\/\/indie.rent\/catalogue\/produit\/kit-teradek-bolt-3000-1x-tx-2x-rx-1x-moniteur-smallhd-703-ultra-bright-avec-sidekick-rx\/","title":{"rendered":"Kit Teradek Bolt  3000 (1x TX + 2x RX +1x Moniteur SmallHD 703 Ultra Bright avec Sidekick RX)"},"content":{"rendered":"<p>Kit Teradek Bolt 3000 avec :<\/p>\n<p>1x Emetteur Bolt 3000<br \/>2x R\u00e9cepteurs Bolt 3000<br \/>1x Moniteur SmallHD 7&#8243; &#8211; 703 Ultra Bright avec Bolt Sidekick int\u00e9gr\u00e9<\/p>\n","protected":false},"excerpt":{"rendered":"<p>Kit Teradek Bolt 3000 avec : 1x Emetteur Bolt 30002x R\u00e9cepteurs Bolt 30001x Moniteur SmallHD 7&#8243; &#8211; 703 Ultra Bright avec Bolt Sidekick int\u00e9gr\u00e9<\/p>\n","protected":false},"featured_media":3373,"template":"","meta":{"inline_featured_image":false},"product_brand":[],"product_cat":[1965],"product_tag":[],"class_list":{"0":"post-1583","1":"product","2":"type-product","3":"status-publish","4":"has-post-thumbnail","6":"product_cat-transmission-video-hf","8":"first","9":"instock","10":"taxable","11":"shipping-taxable","12":"purchasable","13":"product-type-rentable"},"acf":[],"_links":{"self":[{"href":"https:\/\/indie.rent\/catalogue\/wp-json\/wp\/v2\/product\/1583","targetHints":{"allow":["GET"]}}],"collection":[{"href":"https:\/\/indie.rent\/catalogue\/wp-json\/wp\/v2\/product"}],"about":[{"href":"https:\/\/indie.rent\/catalogue\/wp-json\/wp\/v2\/types\/product"}],"version-history":[{"count":0,"href":"https:\/\/indie.rent\/catalogue\/wp-json\/wp\/v2\/product\/1583\/revisions"}],"wp:featuredmedia":[{"embeddable":true,"href":"https:\/\/indie.rent\/catalogue\/wp-json\/wp\/v2\/media\/3373"}],"wp:attachment":[{"href":"https:\/\/indie.rent\/catalogue\/wp-json\/wp\/v2\/media?parent=1583"}],"wp:term":[{"taxonomy":"product_brand","embeddable":true,"href":"https:\/\/indie.rent\/catalogue\/wp-json\/wp\/v2\/product_brand?post=1583"},{"taxonomy":"product_cat","embeddable":true,"href":"https:\/\/indie.rent\/catalogue\/wp-json\/wp\/v2\/product_cat?post=1583"},{"taxonomy":"product_tag","embeddable":true,"href":"https:\/\/indie.rent\/catalogue\/wp-json\/wp\/v2\/product_tag?post=1583"}],"curies":[{"name":"wp","href":"https:\/\/api.w.org\/{rel}","templated":true}]}}