{"id":1580,"date":"2025-01-10T17:32:39","date_gmt":"2025-01-10T16:32:39","guid":{"rendered":"https:\/\/indie.rent\/catalogue\/produit\/dcp-court-metrage\/"},"modified":"2026-04-04T00:16:40","modified_gmt":"2026-04-03T22:16:40","slug":"dcp-court-metrage","status":"publish","type":"product","link":"https:\/\/indie.rent\/catalogue\/produit\/dcp-court-metrage\/","title":{"rendered":"DCP Court m\u00e9trage"},"content":{"rendered":"<p>DCP 2K Court m\u00e9trage non crypt\u00e9 (jusqu&#8217;a 25 min)<\/p>\n","protected":false},"excerpt":{"rendered":"<p>DCP 2K Court m\u00e9trage non crypt\u00e9 (jusqu&#8217;a 25 min)<\/p>\n","protected":false},"featured_media":3652,"template":"","meta":{"inline_featured_image":false},"product_brand":[],"product_cat":[2192],"product_tag":[],"class_list":{"0":"post-1580","1":"product","2":"type-product","3":"status-publish","4":"has-post-thumbnail","6":"product_cat-services-de-post-production","8":"first","9":"instock","10":"taxable","11":"shipping-taxable","12":"purchasable","13":"product-type-rentable"},"acf":[],"_links":{"self":[{"href":"https:\/\/indie.rent\/catalogue\/wp-json\/wp\/v2\/product\/1580","targetHints":{"allow":["GET"]}}],"collection":[{"href":"https:\/\/indie.rent\/catalogue\/wp-json\/wp\/v2\/product"}],"about":[{"href":"https:\/\/indie.rent\/catalogue\/wp-json\/wp\/v2\/types\/product"}],"version-history":[{"count":0,"href":"https:\/\/indie.rent\/catalogue\/wp-json\/wp\/v2\/product\/1580\/revisions"}],"wp:featuredmedia":[{"embeddable":true,"href":"https:\/\/indie.rent\/catalogue\/wp-json\/wp\/v2\/media\/3652"}],"wp:attachment":[{"href":"https:\/\/indie.rent\/catalogue\/wp-json\/wp\/v2\/media?parent=1580"}],"wp:term":[{"taxonomy":"product_brand","embeddable":true,"href":"https:\/\/indie.rent\/catalogue\/wp-json\/wp\/v2\/product_brand?post=1580"},{"taxonomy":"product_cat","embeddable":true,"href":"https:\/\/indie.rent\/catalogue\/wp-json\/wp\/v2\/product_cat?post=1580"},{"taxonomy":"product_tag","embeddable":true,"href":"https:\/\/indie.rent\/catalogue\/wp-json\/wp\/v2\/product_tag?post=1580"}],"curies":[{"name":"wp","href":"https:\/\/api.w.org\/{rel}","templated":true}]}}