{"id":1574,"date":"2025-01-10T17:32:32","date_gmt":"2025-01-10T16:32:32","guid":{"rendered":"https:\/\/indie.rent\/catalogue\/produit\/follow-focus-hf-arri-hi-5-2-voies\/"},"modified":"2026-04-14T18:30:06","modified_gmt":"2026-04-14T16:30:06","slug":"follow-focus-hf-arri-hi-5-2-voies","status":"publish","type":"product","link":"https:\/\/indie.rent\/catalogue\/produit\/follow-focus-hf-arri-hi-5-2-voies\/","title":{"rendered":"Follow Focus HF ARRI HI-5 &#8211; (2 voies)"},"content":{"rendered":"<p>La nouvelle ARRI Hi-5 Hand Unit Basic Set est l\u2019une des unit\u00e9s manuelles les plus sophistiqu\u00e9es du march\u00e9, offrant une cam\u00e9ra sans fil fiable et un contr\u00f4le d\u2019objectif multi-axes. R\u00e9sistante aux intemp\u00e9ries et solidement construite, elle dispose d\u2019une port\u00e9e de liaison radio exceptionnelle et de modules radio uniques et interchangeables pour diff\u00e9rents territoires et d\u00e9fis de tournage.<\/p>\n<p>La ARRI Hi-5 Hand Unit est au c\u0153ur de l\u2019\u00e9cosyst\u00e8me de 5e g\u00e9n\u00e9ration du syst\u00e8me de contr\u00f4le \u00e9lectronique d\u2019ARRI. Avec les nouveaux modules radio, les nouvelles batteries intelligentes, les bagues de mise au point intelligentes, l\u2019int\u00e9gration Focusbug Cine RT et une application iOS, la Hi-5 modernise la connectivit\u00e9 sur le plateau, simplifiant les t\u00e2ches complexes pour les \u00e9quipes de tournage.<\/p>\n","protected":false},"excerpt":{"rendered":"<p>La nouvelle ARRI Hi-5 Hand Unit Basic Set est l\u2019une des unit\u00e9s manuelles les plus sophistiqu\u00e9es du march\u00e9, offrant une cam\u00e9ra sans fil fiable et un contr\u00f4le d\u2019objectif multi-axes. R\u00e9sistante aux intemp\u00e9ries et solidement construite, elle dispose d\u2019une port\u00e9e de liaison radio exceptionnelle et de modules radio uniques et interchangeables pour diff\u00e9rents territoires et d\u00e9fis [&hellip;]<\/p>\n","protected":false},"featured_media":2494,"template":"","meta":{"inline_featured_image":false},"product_brand":[],"product_cat":[1957],"product_tag":[],"class_list":{"0":"post-1574","1":"product","2":"type-product","3":"status-publish","4":"has-post-thumbnail","6":"product_cat-follow-focus-hf","8":"first","9":"instock","10":"taxable","11":"shipping-taxable","12":"purchasable","13":"product-type-rentable"},"acf":[],"_links":{"self":[{"href":"https:\/\/indie.rent\/catalogue\/wp-json\/wp\/v2\/product\/1574","targetHints":{"allow":["GET"]}}],"collection":[{"href":"https:\/\/indie.rent\/catalogue\/wp-json\/wp\/v2\/product"}],"about":[{"href":"https:\/\/indie.rent\/catalogue\/wp-json\/wp\/v2\/types\/product"}],"version-history":[{"count":0,"href":"https:\/\/indie.rent\/catalogue\/wp-json\/wp\/v2\/product\/1574\/revisions"}],"wp:featuredmedia":[{"embeddable":true,"href":"https:\/\/indie.rent\/catalogue\/wp-json\/wp\/v2\/media\/2494"}],"wp:attachment":[{"href":"https:\/\/indie.rent\/catalogue\/wp-json\/wp\/v2\/media?parent=1574"}],"wp:term":[{"taxonomy":"product_brand","embeddable":true,"href":"https:\/\/indie.rent\/catalogue\/wp-json\/wp\/v2\/product_brand?post=1574"},{"taxonomy":"product_cat","embeddable":true,"href":"https:\/\/indie.rent\/catalogue\/wp-json\/wp\/v2\/product_cat?post=1574"},{"taxonomy":"product_tag","embeddable":true,"href":"https:\/\/indie.rent\/catalogue\/wp-json\/wp\/v2\/product_tag?post=1574"}],"curies":[{"name":"wp","href":"https:\/\/api.w.org\/{rel}","templated":true}]}}