{"id":1566,"date":"2025-01-10T17:32:29","date_gmt":"2025-01-10T16:32:29","guid":{"rendered":"https:\/\/indie.rent\/catalogue\/produit\/cmotion-cpro-2-voies-follow-focus-hf\/"},"modified":"2026-04-15T17:38:39","modified_gmt":"2026-04-15T15:38:39","slug":"cmotion-cpro-2-voies-follow-focus-hf","status":"publish","type":"product","link":"https:\/\/indie.rent\/catalogue\/produit\/cmotion-cpro-2-voies-follow-focus-hf\/","title":{"rendered":"Cmotion  cPRO+ 2 Voies &#8211; Follow Focus HF"},"content":{"rendered":"<p>La commande cPRO Plus se distingue par son design noir furtif et quelques touches grises sid\u00e9rales. Elle int\u00e8gre tous les derniers d\u00e9veloppements en mati\u00e8re de fonctionnalit\u00e9s et de licences pour vous offrir un contr\u00f4le encore plus total. Pour plus de confort elle offre plus de choix de personnalisation avec 3 boutons assignables suppl\u00e9mentaires et une friction du volant de mise au point variable.<\/p>\n<p>\u00a0<\/p>\n","protected":false},"excerpt":{"rendered":"<p>La commande cPRO Plus se distingue par son design noir furtif et quelques touches grises sid\u00e9rales. Elle int\u00e8gre tous les derniers d\u00e9veloppements en mati\u00e8re de fonctionnalit\u00e9s et de licences pour vous offrir un contr\u00f4le encore plus total. Pour plus de confort elle offre plus de choix de personnalisation avec 3 boutons assignables suppl\u00e9mentaires et une [&hellip;]<\/p>\n","protected":false},"featured_media":2492,"template":"","meta":{"inline_featured_image":false},"product_brand":[],"product_cat":[1957],"product_tag":[],"class_list":{"0":"post-1566","1":"product","2":"type-product","3":"status-publish","4":"has-post-thumbnail","6":"product_cat-follow-focus-hf","8":"first","9":"instock","10":"taxable","11":"shipping-taxable","12":"purchasable","13":"product-type-rentable"},"acf":[],"_links":{"self":[{"href":"https:\/\/indie.rent\/catalogue\/wp-json\/wp\/v2\/product\/1566","targetHints":{"allow":["GET"]}}],"collection":[{"href":"https:\/\/indie.rent\/catalogue\/wp-json\/wp\/v2\/product"}],"about":[{"href":"https:\/\/indie.rent\/catalogue\/wp-json\/wp\/v2\/types\/product"}],"version-history":[{"count":0,"href":"https:\/\/indie.rent\/catalogue\/wp-json\/wp\/v2\/product\/1566\/revisions"}],"wp:featuredmedia":[{"embeddable":true,"href":"https:\/\/indie.rent\/catalogue\/wp-json\/wp\/v2\/media\/2492"}],"wp:attachment":[{"href":"https:\/\/indie.rent\/catalogue\/wp-json\/wp\/v2\/media?parent=1566"}],"wp:term":[{"taxonomy":"product_brand","embeddable":true,"href":"https:\/\/indie.rent\/catalogue\/wp-json\/wp\/v2\/product_brand?post=1566"},{"taxonomy":"product_cat","embeddable":true,"href":"https:\/\/indie.rent\/catalogue\/wp-json\/wp\/v2\/product_cat?post=1566"},{"taxonomy":"product_tag","embeddable":true,"href":"https:\/\/indie.rent\/catalogue\/wp-json\/wp\/v2\/product_tag?post=1566"}],"curies":[{"name":"wp","href":"https:\/\/api.w.org\/{rel}","templated":true}]}}