{"id":1554,"date":"2025-01-10T17:32:24","date_gmt":"2025-01-10T16:32:24","guid":{"rendered":"https:\/\/indie.rent\/catalogue\/produit\/systeme-de-mesure-de-distance-focus-bug-cine-rt\/"},"modified":"2026-04-13T18:40:14","modified_gmt":"2026-04-13T16:40:14","slug":"systeme-de-mesure-de-distance-focus-bug-cine-rt","status":"publish","type":"product","link":"https:\/\/indie.rent\/catalogue\/produit\/systeme-de-mesure-de-distance-focus-bug-cine-rt\/","title":{"rendered":"Syst\u00e8me de Mesure de Distance  &#8211; Focus Bug &#8211; Cine RT"},"content":{"rendered":"<p>Le CINE RT SYSTEM r\u00e9invente les syst\u00e8mes t\u00e9l\u00e9m\u00e9triques mont\u00e9s sur cam\u00e9ra et utilise des solutions informatiques de pointe pour fournir aux assistants cam\u00e9ra des modes et des fonctions utilisateur innovants. L&#8217;horloge de pr\u00e9cision et les taux d&#8217;\u00e9chantillonnage \u00e9lev\u00e9s garantissent des mesures pr\u00e9cises en continu offrant un \u00e9quilibre exceptionnel entre sensibilit\u00e9 et stabilit\u00e9. Le CINE RT SYSTEM a \u00e9t\u00e9 perfectionn\u00e9 pour offrir une fonctionnalit\u00e9 optimale sur le terrain. Le CINE RT SYSTEM est un \u00e9cosyst\u00e8me de mesure ultrasonique complet, con\u00e7u et fabriqu\u00e9 \u00e0 la main \u00e0 Vancouver, au Canada, par des professionnels de l&#8217;industrie qui comprennent les exigences de la cam\u00e9ra pour la production cin\u00e9matographique et t\u00e9l\u00e9visuelle contemporaine.<\/p>\n","protected":false},"excerpt":{"rendered":"<p>Le CINE RT SYSTEM r\u00e9invente les syst\u00e8mes t\u00e9l\u00e9m\u00e9triques mont\u00e9s sur cam\u00e9ra et utilise des solutions informatiques de pointe pour fournir aux assistants cam\u00e9ra des modes et des fonctions utilisateur innovants. L&#8217;horloge de pr\u00e9cision et les taux d&#8217;\u00e9chantillonnage \u00e9lev\u00e9s garantissent des mesures pr\u00e9cises en continu offrant un \u00e9quilibre exceptionnel entre sensibilit\u00e9 et stabilit\u00e9. Le CINE RT [&hellip;]<\/p>\n","protected":false},"featured_media":2343,"template":"","meta":{"inline_featured_image":false},"product_brand":[],"product_cat":[1958],"product_tag":[],"class_list":{"0":"post-1554","1":"product","2":"type-product","3":"status-publish","4":"has-post-thumbnail","6":"product_cat-aide-a-la-mise-au-point","8":"first","9":"instock","10":"taxable","11":"shipping-taxable","12":"purchasable","13":"product-type-rentable"},"acf":[],"_links":{"self":[{"href":"https:\/\/indie.rent\/catalogue\/wp-json\/wp\/v2\/product\/1554","targetHints":{"allow":["GET"]}}],"collection":[{"href":"https:\/\/indie.rent\/catalogue\/wp-json\/wp\/v2\/product"}],"about":[{"href":"https:\/\/indie.rent\/catalogue\/wp-json\/wp\/v2\/types\/product"}],"version-history":[{"count":0,"href":"https:\/\/indie.rent\/catalogue\/wp-json\/wp\/v2\/product\/1554\/revisions"}],"wp:featuredmedia":[{"embeddable":true,"href":"https:\/\/indie.rent\/catalogue\/wp-json\/wp\/v2\/media\/2343"}],"wp:attachment":[{"href":"https:\/\/indie.rent\/catalogue\/wp-json\/wp\/v2\/media?parent=1554"}],"wp:term":[{"taxonomy":"product_brand","embeddable":true,"href":"https:\/\/indie.rent\/catalogue\/wp-json\/wp\/v2\/product_brand?post=1554"},{"taxonomy":"product_cat","embeddable":true,"href":"https:\/\/indie.rent\/catalogue\/wp-json\/wp\/v2\/product_cat?post=1554"},{"taxonomy":"product_tag","embeddable":true,"href":"https:\/\/indie.rent\/catalogue\/wp-json\/wp\/v2\/product_tag?post=1554"}],"curies":[{"name":"wp","href":"https:\/\/api.w.org\/{rel}","templated":true}]}}