{"id":1547,"date":"2025-01-10T17:32:21","date_gmt":"2025-01-10T16:32:21","guid":{"rendered":"https:\/\/indie.rent\/catalogue\/produit\/moniteur-7-odyssey-7q\/"},"modified":"2026-04-30T15:39:07","modified_gmt":"2026-04-30T13:39:07","slug":"enregistreur-convergent-design-odyssey-7q","status":"publish","type":"product","link":"https:\/\/indie.rent\/catalogue\/produit\/enregistreur-convergent-design-odyssey-7q\/","title":{"rendered":"Enregistreur Convergent Design Odyssey 7Q+"},"content":{"rendered":"<p>Un des moniteurs \/ enregistreurs les plus avanc\u00e9, performant et polyvalent du march\u00e9 est le moniteur Odyssey 7Q+ de Convergent Design. Il peut enregistrer via SDI ou HDMI des images avec des r\u00e9solutions HD, 2K et 4K et des fichiers RAW, DPX non compress\u00e9 et Apple ProRes 422 (HQ). Le tout enregistr\u00e9 sur disque SSD, l\u2019Odyssey 7Q+ poss\u00e8de 2 slots SSD. C\u2019est un moniteur OLED 1280&#215;800 avec de vrais noirs, des couleurs pr\u00e9cises, une gamme de couleurs \u00e9tendues et un angle de vision de 176 degr\u00e9s. Il propose de nombreux outils d\u2019analyse d\u2019image (histogramme RVB, false color, plusieurs syst\u00e8me d\u2019aides \u00e0 la mise au point, waveforme, LUT\u2026).<\/p>\n<p>Enfin, il est \u00e9galement bien con\u00e7u afin d\u2019\u00eatre l\u2019outil id\u00e9al sur le plateau, robuste et r\u00e9sistant \u00e0 des conditions difficiles. Il p\u00e8se 560 g.<\/p>\n","protected":false},"excerpt":{"rendered":"<p>Un des moniteurs \/ enregistreurs les plus avanc\u00e9, performant et polyvalent du march\u00e9 est le moniteur Odyssey 7Q+ de Convergent Design. Il peut enregistrer via SDI ou HDMI des images avec des r\u00e9solutions HD, 2K et 4K et des fichiers RAW, DPX non compress\u00e9 et Apple ProRes 422 (HQ). Le tout enregistr\u00e9 sur disque SSD, [&hellip;]<\/p>\n","protected":false},"featured_media":1867,"template":"","meta":{"inline_featured_image":false},"product_brand":[],"product_cat":[1966],"product_tag":[],"class_list":{"0":"post-1547","1":"product","2":"type-product","3":"status-publish","4":"has-post-thumbnail","6":"product_cat-enregistreur-video","8":"first","9":"instock","10":"taxable","11":"shipping-taxable","12":"purchasable","13":"product-type-rentable"},"acf":[],"_links":{"self":[{"href":"https:\/\/indie.rent\/catalogue\/wp-json\/wp\/v2\/product\/1547","targetHints":{"allow":["GET"]}}],"collection":[{"href":"https:\/\/indie.rent\/catalogue\/wp-json\/wp\/v2\/product"}],"about":[{"href":"https:\/\/indie.rent\/catalogue\/wp-json\/wp\/v2\/types\/product"}],"version-history":[{"count":1,"href":"https:\/\/indie.rent\/catalogue\/wp-json\/wp\/v2\/product\/1547\/revisions"}],"predecessor-version":[{"id":6742,"href":"https:\/\/indie.rent\/catalogue\/wp-json\/wp\/v2\/product\/1547\/revisions\/6742"}],"wp:featuredmedia":[{"embeddable":true,"href":"https:\/\/indie.rent\/catalogue\/wp-json\/wp\/v2\/media\/1867"}],"wp:attachment":[{"href":"https:\/\/indie.rent\/catalogue\/wp-json\/wp\/v2\/media?parent=1547"}],"wp:term":[{"taxonomy":"product_brand","embeddable":true,"href":"https:\/\/indie.rent\/catalogue\/wp-json\/wp\/v2\/product_brand?post=1547"},{"taxonomy":"product_cat","embeddable":true,"href":"https:\/\/indie.rent\/catalogue\/wp-json\/wp\/v2\/product_cat?post=1547"},{"taxonomy":"product_tag","embeddable":true,"href":"https:\/\/indie.rent\/catalogue\/wp-json\/wp\/v2\/product_tag?post=1547"}],"curies":[{"name":"wp","href":"https:\/\/api.w.org\/{rel}","templated":true}]}}