{"id":1539,"date":"2025-01-10T17:32:17","date_gmt":"2025-01-10T16:32:17","guid":{"rendered":"https:\/\/indie.rent\/catalogue\/produit\/follow-focus-hf-arri-sxu-1\/"},"modified":"2026-04-15T18:05:53","modified_gmt":"2026-04-15T16:05:53","slug":"follow-focus-hf-arri-sxu-1","status":"publish","type":"product","link":"https:\/\/indie.rent\/catalogue\/produit\/follow-focus-hf-arri-sxu-1\/","title":{"rendered":"Follow Focus HF ARRI SXU-1"},"content":{"rendered":"<p>La commande SXU-1 poss\u00e8de un canal unique qui peut \u00eatre configur\u00e9 pour contr\u00f4ler la mise au point, l&#8217;iris ou le zoom. <br \/>La SXU-1 peut \u00eatre utilis\u00e9 avec le WCU-4 pour un contr\u00f4le s\u00e9par\u00e9 du diaphragme, \u00e9ventuellement actionn\u00e9 par le directeur de la photographie dans des situations o\u00f9 des ajustements subtils de l&#8217;exposition sont n\u00e9cessaires lors des travellings. <br \/>Elle peut \u00e9galement \u00eatre utilis\u00e9 avec le contr\u00f4leur de moteur SMC-1, offrant ainsi une option simple et peu co\u00fbteuse aux productions qui n&#8217;ont pas besoin d&#8217;un contr\u00f4le d&#8217;objectif sans fil multi-axes.<\/p>\n<p>\u00a0<\/p>\n","protected":false},"excerpt":{"rendered":"<p>La commande SXU-1 poss\u00e8de un canal unique qui peut \u00eatre configur\u00e9 pour contr\u00f4ler la mise au point, l&#8217;iris ou le zoom. La SXU-1 peut \u00eatre utilis\u00e9 avec le WCU-4 pour un contr\u00f4le s\u00e9par\u00e9 du diaphragme, \u00e9ventuellement actionn\u00e9 par le directeur de la photographie dans des situations o\u00f9 des ajustements subtils de l&#8217;exposition sont n\u00e9cessaires lors [&hellip;]<\/p>\n","protected":false},"featured_media":2133,"template":"","meta":{"inline_featured_image":false},"product_brand":[],"product_cat":[1957],"product_tag":[],"class_list":{"0":"post-1539","1":"product","2":"type-product","3":"status-publish","4":"has-post-thumbnail","6":"product_cat-follow-focus-hf","8":"first","9":"instock","10":"taxable","11":"shipping-taxable","12":"purchasable","13":"product-type-rentable"},"acf":[],"_links":{"self":[{"href":"https:\/\/indie.rent\/catalogue\/wp-json\/wp\/v2\/product\/1539","targetHints":{"allow":["GET"]}}],"collection":[{"href":"https:\/\/indie.rent\/catalogue\/wp-json\/wp\/v2\/product"}],"about":[{"href":"https:\/\/indie.rent\/catalogue\/wp-json\/wp\/v2\/types\/product"}],"version-history":[{"count":0,"href":"https:\/\/indie.rent\/catalogue\/wp-json\/wp\/v2\/product\/1539\/revisions"}],"wp:featuredmedia":[{"embeddable":true,"href":"https:\/\/indie.rent\/catalogue\/wp-json\/wp\/v2\/media\/2133"}],"wp:attachment":[{"href":"https:\/\/indie.rent\/catalogue\/wp-json\/wp\/v2\/media?parent=1539"}],"wp:term":[{"taxonomy":"product_brand","embeddable":true,"href":"https:\/\/indie.rent\/catalogue\/wp-json\/wp\/v2\/product_brand?post=1539"},{"taxonomy":"product_cat","embeddable":true,"href":"https:\/\/indie.rent\/catalogue\/wp-json\/wp\/v2\/product_cat?post=1539"},{"taxonomy":"product_tag","embeddable":true,"href":"https:\/\/indie.rent\/catalogue\/wp-json\/wp\/v2\/product_tag?post=1539"}],"curies":[{"name":"wp","href":"https:\/\/api.w.org\/{rel}","templated":true}]}}