{"id":1537,"date":"2025-01-10T17:32:16","date_gmt":"2025-01-10T16:32:16","guid":{"rendered":"https:\/\/indie.rent\/catalogue\/produit\/serie-de-6-filtres-tiffen-dioptries-138mm-1-4-1-2-1-1-1-2-2-3\/"},"modified":"2026-04-10T09:59:21","modified_gmt":"2026-04-10T07:59:21","slug":"serie-de-6-filtres-tiffen-dioptries-138mm-1-4-1-2-1-1-5-2-3","status":"publish","type":"product","link":"https:\/\/indie.rent\/catalogue\/produit\/serie-de-6-filtres-tiffen-dioptries-138mm-1-4-1-2-1-1-5-2-3\/","title":{"rendered":"S\u00e9rie de 6 Filtres Tiffen Dioptries 138mm (+1\/4, +1\/2,  +1, +1.5,  +2,  + 3)"},"content":{"rendered":"<p>Les dioptries TIFFEN sont con\u00e7ues \u00e0 partir d\u2019un verre optique tr\u00e8s fin. Elles poss\u00e8dent un rev\u00eatement dur et antireflet sur toutes les surfaces. Cela r\u00e9duit tr\u00e8s fortement la perte de lumi\u00e8re et les reflets arrivants, tout en conservant une couleur, un contraste et une qualit\u00e9 d\u2019image corrects.<\/p>\n<p>Elles r\u00e9duisent la distance de mise au point des objectifs, permettent de se concentrer sur le sujet et de faire ressortir les d\u00e9tails les plus pr\u00e9cis dans des sujets minuscules.<\/p>\n","protected":false},"excerpt":{"rendered":"<p>Les dioptries TIFFEN sont con\u00e7ues \u00e0 partir d\u2019un verre optique tr\u00e8s fin. Elles poss\u00e8dent un rev\u00eatement dur et antireflet sur toutes les surfaces. Cela r\u00e9duit tr\u00e8s fortement la perte de lumi\u00e8re et les reflets arrivants, tout en conservant une couleur, un contraste et une qualit\u00e9 d\u2019image corrects. Elles r\u00e9duisent la distance de mise au point [&hellip;]<\/p>\n","protected":false},"featured_media":2037,"template":"","meta":{"inline_featured_image":false},"product_brand":[],"product_cat":[1941],"product_tag":[],"class_list":{"0":"post-1537","1":"product","2":"type-product","3":"status-publish","4":"has-post-thumbnail","6":"product_cat-diopter","8":"first","9":"instock","10":"taxable","11":"shipping-taxable","12":"purchasable","13":"product-type-rentable"},"acf":[],"_links":{"self":[{"href":"https:\/\/indie.rent\/catalogue\/wp-json\/wp\/v2\/product\/1537","targetHints":{"allow":["GET"]}}],"collection":[{"href":"https:\/\/indie.rent\/catalogue\/wp-json\/wp\/v2\/product"}],"about":[{"href":"https:\/\/indie.rent\/catalogue\/wp-json\/wp\/v2\/types\/product"}],"version-history":[{"count":0,"href":"https:\/\/indie.rent\/catalogue\/wp-json\/wp\/v2\/product\/1537\/revisions"}],"wp:featuredmedia":[{"embeddable":true,"href":"https:\/\/indie.rent\/catalogue\/wp-json\/wp\/v2\/media\/2037"}],"wp:attachment":[{"href":"https:\/\/indie.rent\/catalogue\/wp-json\/wp\/v2\/media?parent=1537"}],"wp:term":[{"taxonomy":"product_brand","embeddable":true,"href":"https:\/\/indie.rent\/catalogue\/wp-json\/wp\/v2\/product_brand?post=1537"},{"taxonomy":"product_cat","embeddable":true,"href":"https:\/\/indie.rent\/catalogue\/wp-json\/wp\/v2\/product_cat?post=1537"},{"taxonomy":"product_tag","embeddable":true,"href":"https:\/\/indie.rent\/catalogue\/wp-json\/wp\/v2\/product_tag?post=1537"}],"curies":[{"name":"wp","href":"https:\/\/api.w.org\/{rel}","templated":true}]}}