{"id":1534,"date":"2025-01-10T17:32:15","date_gmt":"2025-01-10T16:32:15","guid":{"rendered":"https:\/\/indie.rent\/catalogue\/produit\/cmotion-compact-one-3-voies-follow-focus-hf\/"},"modified":"2026-04-15T17:10:26","modified_gmt":"2026-04-15T15:10:26","slug":"cmotion-compact-one-3-voies-follow-focus-hf","status":"publish","type":"product","link":"https:\/\/indie.rent\/catalogue\/produit\/cmotion-compact-one-3-voies-follow-focus-hf\/","title":{"rendered":"Cmotion Compact One  3 Voies &#8211; Follow Focus HF"},"content":{"rendered":"<p>La commande CMOTION Compacte One est une commande sans fil vous permettant de controler l&#8217;iris, le zoom et le point de votre cam\u00e9ra. Livr\u00e9e avec sa commande de point, 3 moteurs CFORCE MINI et un r\u00e9cepteur Camin, la CMOTION Compacte One s&#8217;installe tr\u00e8s facilement sur votre cam\u00e9ra. Cette commande propose une port\u00e9e de 100m en ext\u00e9rieur et de 30m en int\u00e9rieur. Mont\u00e9 sur une grue ou sur un drone cette commande sans fil vous permettra de garder le contr\u00f4le de votre cam\u00e9ra \u00e0 distance. <\/p>\n","protected":false},"excerpt":{"rendered":"<p>La commande CMOTION Compacte One est une commande sans fil vous permettant de controler l&#8217;iris, le zoom et le point de votre cam\u00e9ra. Livr\u00e9e avec sa commande de point, 3 moteurs CFORCE MINI et un r\u00e9cepteur Camin, la CMOTION Compacte One s&#8217;installe tr\u00e8s facilement sur votre cam\u00e9ra. Cette commande propose une port\u00e9e de 100m en [&hellip;]<\/p>\n","protected":false},"featured_media":1935,"template":"","meta":{"inline_featured_image":false},"product_brand":[],"product_cat":[1957],"product_tag":[],"class_list":{"0":"post-1534","1":"product","2":"type-product","3":"status-publish","4":"has-post-thumbnail","6":"product_cat-follow-focus-hf","8":"first","9":"instock","10":"taxable","11":"shipping-taxable","12":"purchasable","13":"product-type-rentable"},"acf":[],"_links":{"self":[{"href":"https:\/\/indie.rent\/catalogue\/wp-json\/wp\/v2\/product\/1534","targetHints":{"allow":["GET"]}}],"collection":[{"href":"https:\/\/indie.rent\/catalogue\/wp-json\/wp\/v2\/product"}],"about":[{"href":"https:\/\/indie.rent\/catalogue\/wp-json\/wp\/v2\/types\/product"}],"version-history":[{"count":0,"href":"https:\/\/indie.rent\/catalogue\/wp-json\/wp\/v2\/product\/1534\/revisions"}],"wp:featuredmedia":[{"embeddable":true,"href":"https:\/\/indie.rent\/catalogue\/wp-json\/wp\/v2\/media\/1935"}],"wp:attachment":[{"href":"https:\/\/indie.rent\/catalogue\/wp-json\/wp\/v2\/media?parent=1534"}],"wp:term":[{"taxonomy":"product_brand","embeddable":true,"href":"https:\/\/indie.rent\/catalogue\/wp-json\/wp\/v2\/product_brand?post=1534"},{"taxonomy":"product_cat","embeddable":true,"href":"https:\/\/indie.rent\/catalogue\/wp-json\/wp\/v2\/product_cat?post=1534"},{"taxonomy":"product_tag","embeddable":true,"href":"https:\/\/indie.rent\/catalogue\/wp-json\/wp\/v2\/product_tag?post=1534"}],"curies":[{"name":"wp","href":"https:\/\/api.w.org\/{rel}","templated":true}]}}