{"id":1531,"date":"2025-01-10T17:32:13","date_gmt":"2025-01-10T16:32:13","guid":{"rendered":"https:\/\/indie.rent\/catalogue\/produit\/flash-b1x-500w-air-ttl-avec-batterie\/"},"modified":"2026-04-13T18:47:06","modified_gmt":"2026-04-13T16:47:06","slug":"flash-b1x-500w-air-ttl-avec-batterie","status":"publish","type":"product","link":"https:\/\/indie.rent\/catalogue\/produit\/flash-b1x-500w-air-ttl-avec-batterie\/","title":{"rendered":"Flash B1X 500w Air TTL (avec batterie)"},"content":{"rendered":"<p>Flash autonome puissant avec batterie int\u00e9gr\u00e9e, id\u00e9al pour les shootings photo en studio ou en ext\u00e9rieur avec un contr\u00f4le rapide et pr\u00e9cis de la lumi\u00e8re.<\/p>\n<p>Caract\u00e9ristiques principales :<\/p>\n<p>Source : Flash (tube \u00e9clair)<\/p>\n<p>Puissance : 500 Ws<br \/>Temp\u00e9rature de couleur : ~5 600K<br \/>CRI : \u2265 90<br \/>Monture : Profoto (compatible softboxes et accessoires Profoto)<br \/>Alimentation : Batterie lithium int\u00e9gr\u00e9e<br \/>Contr\u00f4le : On-board, AirTTL (t\u00e9l\u00e9commande sans fil Profoto)<br \/>\u00c9tanch\u00e9it\u00e9 : Non<br \/>Poids : ~3 kg<br \/>Temps de recyclage : 0,05 \u2013 1,9 s<br \/>Dur\u00e9e d\u2019\u00e9clair : jusqu\u2019\u00e0 1\/19 000 s<br \/>Dimensions : ~31 cm \u00d7 14 cm \u00d7 21 cm<\/p>\n","protected":false},"excerpt":{"rendered":"<p>Flash autonome puissant avec batterie int\u00e9gr\u00e9e, id\u00e9al pour les shootings photo en studio ou en ext\u00e9rieur avec un contr\u00f4le rapide et pr\u00e9cis de la lumi\u00e8re. Caract\u00e9ristiques principales : Source : Flash (tube \u00e9clair) Puissance : 500 WsTemp\u00e9rature de couleur : ~5 600KCRI : \u2265 90Monture : Profoto (compatible softboxes et accessoires Profoto)Alimentation : Batterie lithium [&hellip;]<\/p>\n","protected":false},"featured_media":2477,"template":"","meta":{"inline_featured_image":false},"product_brand":[],"product_cat":[2182],"product_tag":[],"class_list":{"0":"post-1531","1":"product","2":"type-product","3":"status-publish","4":"has-post-thumbnail","6":"product_cat-flash-photo","8":"first","9":"instock","10":"taxable","11":"shipping-taxable","12":"purchasable","13":"product-type-rentable"},"acf":[],"_links":{"self":[{"href":"https:\/\/indie.rent\/catalogue\/wp-json\/wp\/v2\/product\/1531","targetHints":{"allow":["GET"]}}],"collection":[{"href":"https:\/\/indie.rent\/catalogue\/wp-json\/wp\/v2\/product"}],"about":[{"href":"https:\/\/indie.rent\/catalogue\/wp-json\/wp\/v2\/types\/product"}],"version-history":[{"count":0,"href":"https:\/\/indie.rent\/catalogue\/wp-json\/wp\/v2\/product\/1531\/revisions"}],"wp:featuredmedia":[{"embeddable":true,"href":"https:\/\/indie.rent\/catalogue\/wp-json\/wp\/v2\/media\/2477"}],"wp:attachment":[{"href":"https:\/\/indie.rent\/catalogue\/wp-json\/wp\/v2\/media?parent=1531"}],"wp:term":[{"taxonomy":"product_brand","embeddable":true,"href":"https:\/\/indie.rent\/catalogue\/wp-json\/wp\/v2\/product_brand?post=1531"},{"taxonomy":"product_cat","embeddable":true,"href":"https:\/\/indie.rent\/catalogue\/wp-json\/wp\/v2\/product_cat?post=1531"},{"taxonomy":"product_tag","embeddable":true,"href":"https:\/\/indie.rent\/catalogue\/wp-json\/wp\/v2\/product_tag?post=1531"}],"curies":[{"name":"wp","href":"https:\/\/api.w.org\/{rel}","templated":true}]}}