{"id":1527,"date":"2025-01-10T17:32:12","date_gmt":"2025-01-10T16:32:12","guid":{"rendered":"https:\/\/indie.rent\/catalogue\/produit\/tilta-nucleus-m-follow-focus-hf\/"},"modified":"2026-04-15T17:13:26","modified_gmt":"2026-04-15T15:13:26","slug":"tilta-nucleus-m-follow-focus-hf","status":"publish","type":"product","link":"https:\/\/indie.rent\/catalogue\/produit\/tilta-nucleus-m-follow-focus-hf\/","title":{"rendered":"Tilta Nucleus M &#8211; Follow Focus HF"},"content":{"rendered":"<p>Le Tilta Nucleus M est un syst\u00e8me de mise au point sans fil \u00e0 trois voies (Focus,Iris et Zoom). Il a une port\u00e9e de plus de 300m, et inclut deux moteurs avec rec\u00e9pteur int\u00e9gr\u00e9, une commande de point principale, et deux poign\u00e9es sans fil assignables.<\/p>\n<p>Les Moteurs Nucleus M sont con\u00e7us pour \u00eatre fix\u00e9s sur des tiges de 19 mm ou 15 mm (avec les bagues de tige incluses). Chaque moteur est \u00e9quip\u00e9 d&#8217;un engrenage de 0,8 mod, 35 dents, 32 pas, qui est la taille d&#8217;engrenage standard pour les objectifs de cin\u00e9ma. Le couple du moteur Nucleus-M \u00e0 14,8 V est de 2,5 Nm.<\/p>\n<p>Pour alimenter les moteurs, Il suffit de brancher le c\u00e2ble d&#8217;alimentation D-tap sur l&#8217;un des moteurs, puis d&#8217;alimenter en s\u00e9rie les autres moteurs \u00e0 l&#8217;aide des c\u00e2bles courts 7 broches vers 7 broches. Les moteurs peuvent \u00eatre aliment\u00e9s par une source d&#8217;alimentation dont la tension de sortie est comprise entre 7,2 V et 24 V.<\/p>\n<p>La commande de point principale et les poign\u00e9es sont chacune aliment\u00e9es par deux piles rechargeables 18650 (Incluses dans notre Kit).<\/p>\n","protected":false},"excerpt":{"rendered":"<p>Le Tilta Nucleus M est un syst\u00e8me de mise au point sans fil \u00e0 trois voies (Focus,Iris et Zoom). Il a une port\u00e9e de plus de 300m, et inclut deux moteurs avec rec\u00e9pteur int\u00e9gr\u00e9, une commande de point principale, et deux poign\u00e9es sans fil assignables. Les Moteurs Nucleus M sont con\u00e7us pour \u00eatre fix\u00e9s sur [&hellip;]<\/p>\n","protected":false},"featured_media":2024,"template":"","meta":{"inline_featured_image":false},"product_brand":[],"product_cat":[1957],"product_tag":[],"class_list":{"0":"post-1527","1":"product","2":"type-product","3":"status-publish","4":"has-post-thumbnail","6":"product_cat-follow-focus-hf","8":"first","9":"instock","10":"taxable","11":"shipping-taxable","12":"purchasable","13":"product-type-rentable"},"acf":[],"_links":{"self":[{"href":"https:\/\/indie.rent\/catalogue\/wp-json\/wp\/v2\/product\/1527","targetHints":{"allow":["GET"]}}],"collection":[{"href":"https:\/\/indie.rent\/catalogue\/wp-json\/wp\/v2\/product"}],"about":[{"href":"https:\/\/indie.rent\/catalogue\/wp-json\/wp\/v2\/types\/product"}],"version-history":[{"count":0,"href":"https:\/\/indie.rent\/catalogue\/wp-json\/wp\/v2\/product\/1527\/revisions"}],"wp:featuredmedia":[{"embeddable":true,"href":"https:\/\/indie.rent\/catalogue\/wp-json\/wp\/v2\/media\/2024"}],"wp:attachment":[{"href":"https:\/\/indie.rent\/catalogue\/wp-json\/wp\/v2\/media?parent=1527"}],"wp:term":[{"taxonomy":"product_brand","embeddable":true,"href":"https:\/\/indie.rent\/catalogue\/wp-json\/wp\/v2\/product_brand?post=1527"},{"taxonomy":"product_cat","embeddable":true,"href":"https:\/\/indie.rent\/catalogue\/wp-json\/wp\/v2\/product_cat?post=1527"},{"taxonomy":"product_tag","embeddable":true,"href":"https:\/\/indie.rent\/catalogue\/wp-json\/wp\/v2\/product_tag?post=1527"}],"curies":[{"name":"wp","href":"https:\/\/api.w.org\/{rel}","templated":true}]}}