{"id":1525,"date":"2025-01-10T17:32:11","date_gmt":"2025-01-10T16:32:11","guid":{"rendered":"https:\/\/indie.rent\/catalogue\/produit\/flash-d2-1000ws-air-ttl\/"},"modified":"2026-04-13T18:47:05","modified_gmt":"2026-04-13T16:47:05","slug":"flash-d2-1000ws-air-ttl","status":"publish","type":"product","link":"https:\/\/indie.rent\/catalogue\/produit\/flash-d2-1000ws-air-ttl\/","title":{"rendered":"Flash D2 1000Ws Air TTL"},"content":{"rendered":"<p>Flash de studio ultra rapide et pr\u00e9cis, id\u00e9al pour les shootings professionnels n\u00e9cessitant une grande stabilit\u00e9 et des temps de recyclage tr\u00e8s courts.<\/p>\n<p>Caract\u00e9ristiques principales :<\/p>\n<p>Source : Flash (tube \u00e9clair)<br \/>Puissance : 1000 Ws (selon version)<br \/>Temp\u00e9rature de couleur : ~5 600K<br \/>CRI : \u2265 90<br \/>Monture : Profoto (compatible softboxes et accessoires Profoto)<br \/>Alimentation : Secteur<br \/>Contr\u00f4le : On-board, AirTTL (t\u00e9l\u00e9commande sans fil Profoto disponible \u00e0 la location)<br \/>\u00c9tanch\u00e9it\u00e9 : Non<br \/>Poids : ~3 kg<br \/>Temps de recyclage : 0,03 \u2013 1,2 s<br \/>Dur\u00e9e d\u2019\u00e9clair : jusqu\u2019\u00e0 1\/63 000 s (mode Freeze)<\/p>\n","protected":false},"excerpt":{"rendered":"<p>Flash de studio ultra rapide et pr\u00e9cis, id\u00e9al pour les shootings professionnels n\u00e9cessitant une grande stabilit\u00e9 et des temps de recyclage tr\u00e8s courts. Caract\u00e9ristiques principales : Source : Flash (tube \u00e9clair)Puissance : 1000 Ws (selon version)Temp\u00e9rature de couleur : ~5 600KCRI : \u2265 90Monture : Profoto (compatible softboxes et accessoires Profoto)Alimentation : SecteurContr\u00f4le : On-board, [&hellip;]<\/p>\n","protected":false},"featured_media":2476,"template":"","meta":{"inline_featured_image":false},"product_brand":[],"product_cat":[2182],"product_tag":[],"class_list":{"0":"post-1525","1":"product","2":"type-product","3":"status-publish","4":"has-post-thumbnail","6":"product_cat-flash-photo","8":"first","9":"instock","10":"taxable","11":"shipping-taxable","12":"purchasable","13":"product-type-rentable"},"acf":[],"_links":{"self":[{"href":"https:\/\/indie.rent\/catalogue\/wp-json\/wp\/v2\/product\/1525","targetHints":{"allow":["GET"]}}],"collection":[{"href":"https:\/\/indie.rent\/catalogue\/wp-json\/wp\/v2\/product"}],"about":[{"href":"https:\/\/indie.rent\/catalogue\/wp-json\/wp\/v2\/types\/product"}],"version-history":[{"count":0,"href":"https:\/\/indie.rent\/catalogue\/wp-json\/wp\/v2\/product\/1525\/revisions"}],"wp:featuredmedia":[{"embeddable":true,"href":"https:\/\/indie.rent\/catalogue\/wp-json\/wp\/v2\/media\/2476"}],"wp:attachment":[{"href":"https:\/\/indie.rent\/catalogue\/wp-json\/wp\/v2\/media?parent=1525"}],"wp:term":[{"taxonomy":"product_brand","embeddable":true,"href":"https:\/\/indie.rent\/catalogue\/wp-json\/wp\/v2\/product_brand?post=1525"},{"taxonomy":"product_cat","embeddable":true,"href":"https:\/\/indie.rent\/catalogue\/wp-json\/wp\/v2\/product_cat?post=1525"},{"taxonomy":"product_tag","embeddable":true,"href":"https:\/\/indie.rent\/catalogue\/wp-json\/wp\/v2\/product_tag?post=1525"}],"curies":[{"name":"wp","href":"https:\/\/api.w.org\/{rel}","templated":true}]}}