{"id":1516,"date":"2025-01-10T17:31:59","date_gmt":"2025-01-10T16:31:59","guid":{"rendered":"https:\/\/indie.rent\/catalogue\/produit\/serie-de-5-filtres-tiffen-black-promist-4x5-6-1-8-1-4-1-2-1-2\/"},"modified":"2026-04-14T17:10:43","modified_gmt":"2026-04-14T15:10:43","slug":"serie-de-5-filtres-tiffen-black-promist-4x5-6-1-8-1-4-1-2-1-2","status":"publish","type":"product","link":"https:\/\/indie.rent\/catalogue\/produit\/serie-de-5-filtres-tiffen-black-promist-4x5-6-1-8-1-4-1-2-1-2\/","title":{"rendered":"S\u00e9rie de 5 Filtres Tiffen Black ProMist 4&#215;5.6 (1\/8-1\/4-1\/2-1-2)"},"content":{"rendered":"<p>La s\u00e9rie de filtres Black Pro-Mist adoucit les contours durs sans cr\u00e9er de flou et \u00e9tale la lumi\u00e8re au del\u00e0 des limites habituelles en introduisant un spectre secondaire provenant de sources lumineuses ou de surfaces r\u00e9fl\u00e9chissantes. Il produit aussi une l\u00e9g\u00e8re diminution des contrastes en \u00e9claircissant les ombres cr\u00e9ant ainsi une belle lueur autour des hautes lumi\u00e8res.<\/p>\n<p>Ces filtres pr\u00e9sentent des caract\u00e9ristiques similaires au Pro-Mist standard, mais avec moins de r\u00e9duction de contraste dans les zones d&#8217;ombre. L\u2019effet produit est donc plus subtile. Il ajoute aussi une tr\u00e8s l\u00e9g\u00e8re chaleur au halo des sources de lumi\u00e8res par rapport au Pro-Mist standard.<\/p>\n<p>\u00a0<\/p>\n","protected":false},"excerpt":{"rendered":"<p>La s\u00e9rie de filtres Black Pro-Mist adoucit les contours durs sans cr\u00e9er de flou et \u00e9tale la lumi\u00e8re au del\u00e0 des limites habituelles en introduisant un spectre secondaire provenant de sources lumineuses ou de surfaces r\u00e9fl\u00e9chissantes. Il produit aussi une l\u00e9g\u00e8re diminution des contrastes en \u00e9claircissant les ombres cr\u00e9ant ainsi une belle lueur autour des [&hellip;]<\/p>\n","protected":false},"featured_media":2331,"template":"","meta":{"inline_featured_image":false},"product_brand":[],"product_cat":[1938],"product_tag":[],"class_list":{"0":"post-1516","1":"product","2":"type-product","3":"status-publish","4":"has-post-thumbnail","6":"product_cat-filtres-4x5-6-effets","8":"first","9":"instock","10":"taxable","11":"shipping-taxable","12":"purchasable","13":"product-type-rentable"},"acf":[],"_links":{"self":[{"href":"https:\/\/indie.rent\/catalogue\/wp-json\/wp\/v2\/product\/1516","targetHints":{"allow":["GET"]}}],"collection":[{"href":"https:\/\/indie.rent\/catalogue\/wp-json\/wp\/v2\/product"}],"about":[{"href":"https:\/\/indie.rent\/catalogue\/wp-json\/wp\/v2\/types\/product"}],"version-history":[{"count":0,"href":"https:\/\/indie.rent\/catalogue\/wp-json\/wp\/v2\/product\/1516\/revisions"}],"wp:featuredmedia":[{"embeddable":true,"href":"https:\/\/indie.rent\/catalogue\/wp-json\/wp\/v2\/media\/2331"}],"wp:attachment":[{"href":"https:\/\/indie.rent\/catalogue\/wp-json\/wp\/v2\/media?parent=1516"}],"wp:term":[{"taxonomy":"product_brand","embeddable":true,"href":"https:\/\/indie.rent\/catalogue\/wp-json\/wp\/v2\/product_brand?post=1516"},{"taxonomy":"product_cat","embeddable":true,"href":"https:\/\/indie.rent\/catalogue\/wp-json\/wp\/v2\/product_cat?post=1516"},{"taxonomy":"product_tag","embeddable":true,"href":"https:\/\/indie.rent\/catalogue\/wp-json\/wp\/v2\/product_tag?post=1516"}],"curies":[{"name":"wp","href":"https:\/\/api.w.org\/{rel}","templated":true}]}}