{"id":1514,"date":"2025-01-10T17:31:58","date_gmt":"2025-01-10T16:31:58","guid":{"rendered":"https:\/\/indie.rent\/catalogue\/produit\/serie-de-5-filtres-formatt-hitech-black-supermist-4x5-6-1-8-1-4-1-2-1-2\/"},"modified":"2026-04-14T17:17:32","modified_gmt":"2026-04-14T15:17:32","slug":"serie-de-5-filtres-formatt-hitech-black-supermist-4x5-6-1-8-1-4-1-2-1-2","status":"publish","type":"product","link":"https:\/\/indie.rent\/catalogue\/produit\/serie-de-5-filtres-formatt-hitech-black-supermist-4x5-6-1-8-1-4-1-2-1-2\/","title":{"rendered":"S\u00e9rie de 5 Filtres Formatt Hitech Black Supermist 4&#215;5.6 (1\/8-1\/4-1\/2-1-2)"},"content":{"rendered":"<p>Les filtres Black Supermist adoucissent les d\u00e9tails fins et r\u00e9duisent le contraste, mais plus subtilement qu&#8217;un filtre de diffusion standard avec moins d&#8217;\u00e9claircissement des zones d&#8217;ombre. Cela a toujours le m\u00eame effet de provoquer l\u2019\u00e9closion et l\u2019halation des lumi\u00e8res en fonction de la densit\u00e9 du filtre.<\/p>\n","protected":false},"excerpt":{"rendered":"<p>Les filtres Black Supermist adoucissent les d\u00e9tails fins et r\u00e9duisent le contraste, mais plus subtilement qu&#8217;un filtre de diffusion standard avec moins d&#8217;\u00e9claircissement des zones d&#8217;ombre. Cela a toujours le m\u00eame effet de provoquer l\u2019\u00e9closion et l\u2019halation des lumi\u00e8res en fonction de la densit\u00e9 du filtre.<\/p>\n","protected":false},"featured_media":1940,"template":"","meta":{"inline_featured_image":false},"product_brand":[],"product_cat":[1938],"product_tag":[],"class_list":{"0":"post-1514","1":"product","2":"type-product","3":"status-publish","4":"has-post-thumbnail","6":"product_cat-filtres-4x5-6-effets","8":"first","9":"instock","10":"taxable","11":"shipping-taxable","12":"purchasable","13":"product-type-rentable"},"acf":[],"_links":{"self":[{"href":"https:\/\/indie.rent\/catalogue\/wp-json\/wp\/v2\/product\/1514","targetHints":{"allow":["GET"]}}],"collection":[{"href":"https:\/\/indie.rent\/catalogue\/wp-json\/wp\/v2\/product"}],"about":[{"href":"https:\/\/indie.rent\/catalogue\/wp-json\/wp\/v2\/types\/product"}],"version-history":[{"count":0,"href":"https:\/\/indie.rent\/catalogue\/wp-json\/wp\/v2\/product\/1514\/revisions"}],"wp:featuredmedia":[{"embeddable":true,"href":"https:\/\/indie.rent\/catalogue\/wp-json\/wp\/v2\/media\/1940"}],"wp:attachment":[{"href":"https:\/\/indie.rent\/catalogue\/wp-json\/wp\/v2\/media?parent=1514"}],"wp:term":[{"taxonomy":"product_brand","embeddable":true,"href":"https:\/\/indie.rent\/catalogue\/wp-json\/wp\/v2\/product_brand?post=1514"},{"taxonomy":"product_cat","embeddable":true,"href":"https:\/\/indie.rent\/catalogue\/wp-json\/wp\/v2\/product_cat?post=1514"},{"taxonomy":"product_tag","embeddable":true,"href":"https:\/\/indie.rent\/catalogue\/wp-json\/wp\/v2\/product_tag?post=1514"}],"curies":[{"name":"wp","href":"https:\/\/api.w.org\/{rel}","templated":true}]}}