{"id":1512,"date":"2025-01-10T17:31:57","date_gmt":"2025-01-10T16:31:57","guid":{"rendered":"https:\/\/indie.rent\/catalogue\/produit\/serie-de-4-filtres-formatt-hitech-nd-degrade-soft-vertical-4x5-65\/"},"modified":"2026-04-04T00:13:40","modified_gmt":"2026-04-03T22:13:40","slug":"serie-de-4-filtres-formatt-hitech-nd-degrade-soft-vertical-4x5-65","status":"publish","type":"product","link":"https:\/\/indie.rent\/catalogue\/produit\/serie-de-4-filtres-formatt-hitech-nd-degrade-soft-vertical-4x5-65\/","title":{"rendered":"S\u00e9rie de 4 Filtres Formatt Hitech ND D\u00e9grad\u00e9 Soft Vertical 4&#215;5.65\u201c"},"content":{"rendered":"<p>S\u00e9rie 4 Filtres 4&#215;5.6 Formatt Hitech<br \/>ND Grad Soft Edge Vertical<\/p>\n","protected":false},"excerpt":{"rendered":"<p>S\u00e9rie 4 Filtres 4&#215;5.6 Formatt HitechND Grad Soft Edge Vertical<\/p>\n","protected":false},"featured_media":1936,"template":"","meta":{"inline_featured_image":false},"product_brand":[],"product_cat":[1939],"product_tag":[],"class_list":{"0":"post-1512","1":"product","2":"type-product","3":"status-publish","4":"has-post-thumbnail","6":"product_cat-filtres-4x5-6-correction","8":"first","9":"instock","10":"taxable","11":"shipping-taxable","12":"purchasable","13":"product-type-rentable"},"acf":[],"_links":{"self":[{"href":"https:\/\/indie.rent\/catalogue\/wp-json\/wp\/v2\/product\/1512","targetHints":{"allow":["GET"]}}],"collection":[{"href":"https:\/\/indie.rent\/catalogue\/wp-json\/wp\/v2\/product"}],"about":[{"href":"https:\/\/indie.rent\/catalogue\/wp-json\/wp\/v2\/types\/product"}],"version-history":[{"count":0,"href":"https:\/\/indie.rent\/catalogue\/wp-json\/wp\/v2\/product\/1512\/revisions"}],"wp:featuredmedia":[{"embeddable":true,"href":"https:\/\/indie.rent\/catalogue\/wp-json\/wp\/v2\/media\/1936"}],"wp:attachment":[{"href":"https:\/\/indie.rent\/catalogue\/wp-json\/wp\/v2\/media?parent=1512"}],"wp:term":[{"taxonomy":"product_brand","embeddable":true,"href":"https:\/\/indie.rent\/catalogue\/wp-json\/wp\/v2\/product_brand?post=1512"},{"taxonomy":"product_cat","embeddable":true,"href":"https:\/\/indie.rent\/catalogue\/wp-json\/wp\/v2\/product_cat?post=1512"},{"taxonomy":"product_tag","embeddable":true,"href":"https:\/\/indie.rent\/catalogue\/wp-json\/wp\/v2\/product_tag?post=1512"}],"curies":[{"name":"wp","href":"https:\/\/api.w.org\/{rel}","templated":true}]}}