{"id":1511,"date":"2025-01-10T17:31:56","date_gmt":"2025-01-10T16:31:56","guid":{"rendered":"https:\/\/indie.rent\/catalogue\/produit\/forfait-moyenne-bijoute\/"},"modified":"2026-04-13T18:35:28","modified_gmt":"2026-04-13T16:35:28","slug":"forfait-moyenne-bijoute","status":"publish","type":"product","link":"https:\/\/indie.rent\/catalogue\/produit\/forfait-moyenne-bijoute\/","title":{"rendered":"Forfait Moyenne Bijoute"},"content":{"rendered":"<p>1 s\u00e9rie de cubes marche (8&#215;5+8&#215;10+8&#215;15)<br \/>1 s\u00e9rie de cubes de base<br \/>2 cubes op\u00e9rateur<br \/>1 caisse cales divers<br \/>1 niveau<br \/>15 gueuses<br \/>2 caisses de borniols + taps<br \/>1 caisse de face (clap, feutre, bombe matt, clefs 13\/17\/19, massette)<br \/>2 bras magiques clamp\u00e9s<br \/>2 \u00e9tais<br \/>2 jeux de barres alu (1m+2m+3m+4m)<br \/>1 manchon m\u00e2le + 1 manchon femelle<br \/>2 colliers SP28<br \/>2 colliers SP16<br \/>4 colliers fixes<br \/>4 colliers mobiles<br \/>2 colliers anneaux<br \/>2 cyclones<br \/>1 rotule<br \/>2 CPK<br \/>4 presses + 4 coulisseaux<br \/>8 boutes + 6 piquets + 4 vaches + 4 mousquetons + 2 poign\u00e9es jumars<br \/>4x chapelets de pinces (x10)<br \/>1 chapelet d&#8217;\u00e9lingues (x10)<br \/>1 caisse 10 sangles crochets + 10 sangles plates<br \/>1 escabeau<br \/>1 \u00e9chelle 3 brins<br \/>1 roulante<\/p>\n","protected":false},"excerpt":{"rendered":"<p>1 s\u00e9rie de cubes marche (8&#215;5+8&#215;10+8&#215;15)1 s\u00e9rie de cubes de base2 cubes op\u00e9rateur1 caisse cales divers1 niveau15 gueuses2 caisses de borniols + taps1 caisse de face (clap, feutre, bombe matt, clefs 13\/17\/19, massette)2 bras magiques clamp\u00e9s2 \u00e9tais2 jeux de barres alu (1m+2m+3m+4m)1 manchon m\u00e2le + 1 manchon femelle2 colliers SP282 colliers SP164 colliers fixes4 colliers [&hellip;]<\/p>\n","protected":false},"featured_media":2231,"template":"","meta":{"inline_featured_image":false},"product_brand":[],"product_cat":[1984],"product_tag":[],"class_list":{"0":"post-1511","1":"product","2":"type-product","3":"status-publish","4":"has-post-thumbnail","6":"product_cat-bijoute-machinerie","8":"first","9":"instock","10":"taxable","11":"shipping-taxable","12":"purchasable","13":"product-type-rentable"},"acf":[],"_links":{"self":[{"href":"https:\/\/indie.rent\/catalogue\/wp-json\/wp\/v2\/product\/1511","targetHints":{"allow":["GET"]}}],"collection":[{"href":"https:\/\/indie.rent\/catalogue\/wp-json\/wp\/v2\/product"}],"about":[{"href":"https:\/\/indie.rent\/catalogue\/wp-json\/wp\/v2\/types\/product"}],"version-history":[{"count":0,"href":"https:\/\/indie.rent\/catalogue\/wp-json\/wp\/v2\/product\/1511\/revisions"}],"wp:featuredmedia":[{"embeddable":true,"href":"https:\/\/indie.rent\/catalogue\/wp-json\/wp\/v2\/media\/2231"}],"wp:attachment":[{"href":"https:\/\/indie.rent\/catalogue\/wp-json\/wp\/v2\/media?parent=1511"}],"wp:term":[{"taxonomy":"product_brand","embeddable":true,"href":"https:\/\/indie.rent\/catalogue\/wp-json\/wp\/v2\/product_brand?post=1511"},{"taxonomy":"product_cat","embeddable":true,"href":"https:\/\/indie.rent\/catalogue\/wp-json\/wp\/v2\/product_cat?post=1511"},{"taxonomy":"product_tag","embeddable":true,"href":"https:\/\/indie.rent\/catalogue\/wp-json\/wp\/v2\/product_tag?post=1511"}],"curies":[{"name":"wp","href":"https:\/\/api.w.org\/{rel}","templated":true}]}}