{"id":1506,"date":"2025-01-10T17:31:50","date_gmt":"2025-01-10T16:31:50","guid":{"rendered":"https:\/\/indie.rent\/catalogue\/produit\/moniteur-tv-logic-23-lvm-232w-a1\/"},"modified":"2026-04-14T17:28:57","modified_gmt":"2026-04-14T15:28:57","slug":"moniteur-tv-logic-23-lvm-232w-a1","status":"publish","type":"product","link":"https:\/\/indie.rent\/catalogue\/produit\/moniteur-tv-logic-23-lvm-232w-a1\/","title":{"rendered":"Moniteur TV Logic 23\u2019\u2019 &#8211; LVM-232W-A1"},"content":{"rendered":"<p>Le moniteur TV Logic 23\u2019\u2019 \u2013 LVM-232W-A1 est un moniteur broadcast professionnel polyvalent, con\u00e7u pour le monitoring cam\u00e9ra, les plateaux TV, les r\u00e9gies et les workflows de production et post-production. Il offre une image Full HD 1920\u00d71080 pr\u00e9cise sur une dalle 23\u2033 avec une connectique SDI, HDMI, DVI et analogique compl\u00e8te et les outils de monitoring essentiels pour un contr\u00f4le rigoureux de l\u2019image. TVLogic<\/p>\n<p>Caract\u00e9ristiques techniques :<br \/>Type de panneau : LCD\u00a0<br \/>Diagonale : 23\u2033<br \/>R\u00e9solution : 1920\u00d71080 pixels (Full HD)<br \/>Luminosit\u00e9 Max. : 300 nits<br \/>Contraste : 1000:1<br \/>SDI In\/Out : 2\u00d7 3G-SDI Input, 1\u00d7 3G-SDI Output (loop through)<br \/>HDMI In\/Out : 1\u00d7 HDMI In\u00a0<br \/>DVI In\/Out : 1\u00d7 DVI-I In<br \/>Analog In\/Out : 1\u00d7 Composite (CVBS) In, 1\u00d7 Composite Out TVLogic<br \/>Entr\u00e9e\/Sortie Audio : mini-jack 3,5 mm in, Analog stereo out (mini-jack 3,5 mm), haut-parleurs internes\u00a0<br \/>Interface de donn\u00e9es : RJ45 (contr\u00f4le \u00e0 distance), USB pour mise \u00e0 jour\/firmware\u00a0<br \/>Entr\u00e9es Alimentation : DC 12 V \/ AC 100\u2013240 V\u00a0<br \/>Sortie Alimentation : Aucune\u00a0<br \/>Consommation \u00e9lectrique : 60 W<br \/>Poids : 6,9 kg<\/p>\n","protected":false},"excerpt":{"rendered":"<p>Le moniteur TV Logic 23\u2019\u2019 \u2013 LVM-232W-A1 est un moniteur broadcast professionnel polyvalent, con\u00e7u pour le monitoring cam\u00e9ra, les plateaux TV, les r\u00e9gies et les workflows de production et post-production. Il offre une image Full HD 1920\u00d71080 pr\u00e9cise sur une dalle 23\u2033 avec une connectique SDI, HDMI, DVI et analogique compl\u00e8te et les outils de [&hellip;]<\/p>\n","protected":false},"featured_media":2151,"template":"","meta":{"inline_featured_image":false},"product_brand":[],"product_cat":[1964],"product_tag":[],"class_list":{"0":"post-1506","1":"product","2":"type-product","3":"status-publish","4":"has-post-thumbnail","6":"product_cat-moniteur-combo","8":"first","9":"instock","10":"taxable","11":"shipping-taxable","12":"purchasable","13":"product-type-rentable"},"acf":[],"_links":{"self":[{"href":"https:\/\/indie.rent\/catalogue\/wp-json\/wp\/v2\/product\/1506","targetHints":{"allow":["GET"]}}],"collection":[{"href":"https:\/\/indie.rent\/catalogue\/wp-json\/wp\/v2\/product"}],"about":[{"href":"https:\/\/indie.rent\/catalogue\/wp-json\/wp\/v2\/types\/product"}],"version-history":[{"count":0,"href":"https:\/\/indie.rent\/catalogue\/wp-json\/wp\/v2\/product\/1506\/revisions"}],"wp:featuredmedia":[{"embeddable":true,"href":"https:\/\/indie.rent\/catalogue\/wp-json\/wp\/v2\/media\/2151"}],"wp:attachment":[{"href":"https:\/\/indie.rent\/catalogue\/wp-json\/wp\/v2\/media?parent=1506"}],"wp:term":[{"taxonomy":"product_brand","embeddable":true,"href":"https:\/\/indie.rent\/catalogue\/wp-json\/wp\/v2\/product_brand?post=1506"},{"taxonomy":"product_cat","embeddable":true,"href":"https:\/\/indie.rent\/catalogue\/wp-json\/wp\/v2\/product_cat?post=1506"},{"taxonomy":"product_tag","embeddable":true,"href":"https:\/\/indie.rent\/catalogue\/wp-json\/wp\/v2\/product_tag?post=1506"}],"curies":[{"name":"wp","href":"https:\/\/api.w.org\/{rel}","templated":true}]}}