{"id":1503,"date":"2025-01-10T17:31:49","date_gmt":"2025-01-10T16:31:49","guid":{"rendered":"https:\/\/indie.rent\/catalogue\/produit\/enregistreur-video-sound-devices-pix240\/"},"modified":"2026-04-16T17:07:41","modified_gmt":"2026-04-16T15:07:41","slug":"enregistreur-video-sound-devices-pix240","status":"publish","type":"product","link":"https:\/\/indie.rent\/catalogue\/produit\/enregistreur-video-sound-devices-pix240\/","title":{"rendered":"Enregistreur vid\u00e9o SOUND DEVICES PIX240"},"content":{"rendered":"<p>Le Sound Devices PIX 240 est un enregistreur vid\u00e9o externe.<\/p>\n<p>Il permet d\u2019obtenir un enregistrement Quicktime (Apple ProRes ou Avid DnxHD) pour toutes les cam\u00e9ras \u00e9quip\u00e9es de port HDMI ou HD-SDI. On peut enregistrer ces fichiers soit sur une carte CompactFlash, soit sur disque dur externe SSD. Il accepte des r\u00e9solutions vid\u00e9o d\u2019entr\u00e9e de maximum 10 bits et de r\u00e9solution 1080p. Il permet \u00e9galement de servir de retour moniteur sur le plateau gr\u00e2ce \u00e0 un affichage LCD de 5 pouces et une r\u00e9solution de 800&#215;480. Le Sound Device PIX240 poss\u00e8de aussi une sortie XLR 5 broches, de l\u2019audio int\u00e9gr\u00e9 via l\u2019HDMI (2 canaux) et via l\u2019HD-SDI (8 canaux) et un ampli casque \u00e0 haut rendement et faible bruit.<\/p>\n","protected":false},"excerpt":{"rendered":"<p>Le Sound Devices PIX 240 est un enregistreur vid\u00e9o externe. Il permet d\u2019obtenir un enregistrement Quicktime (Apple ProRes ou Avid DnxHD) pour toutes les cam\u00e9ras \u00e9quip\u00e9es de port HDMI ou HD-SDI. On peut enregistrer ces fichiers soit sur une carte CompactFlash, soit sur disque dur externe SSD. Il accepte des r\u00e9solutions vid\u00e9o d\u2019entr\u00e9e de maximum [&hellip;]<\/p>\n","protected":false},"featured_media":1868,"template":"","meta":{"inline_featured_image":false},"product_brand":[],"product_cat":[1966],"product_tag":[2249],"class_list":{"0":"post-1503","1":"product","2":"type-product","3":"status-publish","4":"has-post-thumbnail","6":"product_cat-enregistreur-video","7":"product_tag-pas-de-facture","9":"first","10":"instock","11":"taxable","12":"shipping-taxable","13":"purchasable","14":"product-type-rentable"},"acf":[],"_links":{"self":[{"href":"https:\/\/indie.rent\/catalogue\/wp-json\/wp\/v2\/product\/1503","targetHints":{"allow":["GET"]}}],"collection":[{"href":"https:\/\/indie.rent\/catalogue\/wp-json\/wp\/v2\/product"}],"about":[{"href":"https:\/\/indie.rent\/catalogue\/wp-json\/wp\/v2\/types\/product"}],"version-history":[{"count":0,"href":"https:\/\/indie.rent\/catalogue\/wp-json\/wp\/v2\/product\/1503\/revisions"}],"wp:featuredmedia":[{"embeddable":true,"href":"https:\/\/indie.rent\/catalogue\/wp-json\/wp\/v2\/media\/1868"}],"wp:attachment":[{"href":"https:\/\/indie.rent\/catalogue\/wp-json\/wp\/v2\/media?parent=1503"}],"wp:term":[{"taxonomy":"product_brand","embeddable":true,"href":"https:\/\/indie.rent\/catalogue\/wp-json\/wp\/v2\/product_brand?post=1503"},{"taxonomy":"product_cat","embeddable":true,"href":"https:\/\/indie.rent\/catalogue\/wp-json\/wp\/v2\/product_cat?post=1503"},{"taxonomy":"product_tag","embeddable":true,"href":"https:\/\/indie.rent\/catalogue\/wp-json\/wp\/v2\/product_tag?post=1503"}],"curies":[{"name":"wp","href":"https:\/\/api.w.org\/{rel}","templated":true}]}}