{"id":1502,"date":"2025-01-10T17:31:49","date_gmt":"2025-01-10T16:31:49","guid":{"rendered":"https:\/\/indie.rent\/catalogue\/produit\/boitier-d800\/"},"modified":"2026-04-13T18:19:00","modified_gmt":"2026-04-13T16:19:00","slug":"boitier-nikon-d800","status":"publish","type":"product","link":"https:\/\/indie.rent\/catalogue\/produit\/boitier-nikon-d800\/","title":{"rendered":"Boitier Nikon D800"},"content":{"rendered":"<p>Le Nikon D800 est un appareil photo num\u00e9rique reflex dot\u00e9 d\u2019un capteur CMOS au format FX (24&#215;36) de 36,3 millions de pixels. Avec une sensibilit\u00e9 ISO allant de 100 \u00e0 25600. Tr\u00e8s adapt\u00e9 \u00e0 la photo, il dispose notamment d\u2019un mode de prise de vue silencieuce et d\u2019un syst\u00e8me AF 51 points Multi-CAM3500FX. Il permet \u00e9galement d\u2019enregistrer de la vid\u00e9o en Full HD (1080p) \u00e0 des cadences de 24 p, 25 p et 30 p, sous deux formats\u00a0: FX et DX. Le tout avec une dur\u00e9e maximale d\u2019enregistrement de 29 minutes et 59 secondes. Il dispose de supports d\u2019enregistrement SD et CF et d\u2019une sortie HDMI sans compression.<\/p>\n","protected":false},"excerpt":{"rendered":"<p>Le Nikon D800 est un appareil photo num\u00e9rique reflex dot\u00e9 d\u2019un capteur CMOS au format FX (24&#215;36) de 36,3 millions de pixels. Avec une sensibilit\u00e9 ISO allant de 100 \u00e0 25600. Tr\u00e8s adapt\u00e9 \u00e0 la photo, il dispose notamment d\u2019un mode de prise de vue silencieuce et d\u2019un syst\u00e8me AF 51 points Multi-CAM3500FX. Il permet [&hellip;]<\/p>\n","protected":false},"featured_media":1845,"template":"","meta":{"inline_featured_image":false},"product_brand":[],"product_cat":[2251],"product_tag":[],"class_list":{"0":"post-1502","1":"product","2":"type-product","3":"status-publish","4":"has-post-thumbnail","6":"product_cat-camera-nikon","8":"first","9":"instock","10":"taxable","11":"shipping-taxable","12":"purchasable","13":"product-type-rentable"},"acf":[],"_links":{"self":[{"href":"https:\/\/indie.rent\/catalogue\/wp-json\/wp\/v2\/product\/1502","targetHints":{"allow":["GET"]}}],"collection":[{"href":"https:\/\/indie.rent\/catalogue\/wp-json\/wp\/v2\/product"}],"about":[{"href":"https:\/\/indie.rent\/catalogue\/wp-json\/wp\/v2\/types\/product"}],"version-history":[{"count":0,"href":"https:\/\/indie.rent\/catalogue\/wp-json\/wp\/v2\/product\/1502\/revisions"}],"wp:featuredmedia":[{"embeddable":true,"href":"https:\/\/indie.rent\/catalogue\/wp-json\/wp\/v2\/media\/1845"}],"wp:attachment":[{"href":"https:\/\/indie.rent\/catalogue\/wp-json\/wp\/v2\/media?parent=1502"}],"wp:term":[{"taxonomy":"product_brand","embeddable":true,"href":"https:\/\/indie.rent\/catalogue\/wp-json\/wp\/v2\/product_brand?post=1502"},{"taxonomy":"product_cat","embeddable":true,"href":"https:\/\/indie.rent\/catalogue\/wp-json\/wp\/v2\/product_cat?post=1502"},{"taxonomy":"product_tag","embeddable":true,"href":"https:\/\/indie.rent\/catalogue\/wp-json\/wp\/v2\/product_tag?post=1502"}],"curies":[{"name":"wp","href":"https:\/\/api.w.org\/{rel}","templated":true}]}}